{"id":4704,"date":"2014-10-13T16:08:18","date_gmt":"2014-10-13T14:08:18","guid":{"rendered":"http:\/\/www.lacamporena.it\/?page_id=4704"},"modified":"2014-10-13T16:43:54","modified_gmt":"2014-10-13T14:43:54","slug":"newsletter-email-gia-disiscritta","status":"publish","type":"page","link":"https:\/\/lacamporena.it\/?page_id=4704","title":{"rendered":"Newsletter email gi\u00e0 cancellata"},"content":{"rendered":"<p>Questo indirizzo email \u00e8 gi\u00e0 stato cancellato dalla newsletter<\/p>\n<p>This email address is already removed from the newsletter<\/p>\n","protected":false},"excerpt":{"rendered":"<p>Questo indirizzo email \u00e8 gi\u00e0 stato cancellato dalla newsletter This email address is already removed from the newsletter<\/p>\n","protected":false},"author":12,"featured_media":3156,"parent":0,"menu_order":0,"comment_status":"open","ping_status":"open","template":"","meta":{"_expiration-date-status":"saved","_expiration-date":0,"_expiration-date-type":"","_expiration-date-categories":[],"_expiration-date-options":[]},"categories":[],"tags":[],"_links":{"self":[{"href":"https:\/\/lacamporena.it\/index.php?rest_route=\/wp\/v2\/pages\/4704"}],"collection":[{"href":"https:\/\/lacamporena.it\/index.php?rest_route=\/wp\/v2\/pages"}],"about":[{"href":"https:\/\/lacamporena.it\/index.php?rest_route=\/wp\/v2\/types\/page"}],"author":[{"embeddable":true,"href":"https:\/\/lacamporena.it\/index.php?rest_route=\/wp\/v2\/users\/12"}],"replies":[{"embeddable":true,"href":"https:\/\/lacamporena.it\/index.php?rest_route=%2Fwp%2Fv2%2Fcomments&post=4704"}],"version-history":[{"count":0,"href":"https:\/\/lacamporena.it\/index.php?rest_route=\/wp\/v2\/pages\/4704\/revisions"}],"wp:featuredmedia":[{"embeddable":true,"href":"https:\/\/lacamporena.it\/index.php?rest_route=\/wp\/v2\/media\/3156"}],"wp:attachment":[{"href":"https:\/\/lacamporena.it\/index.php?rest_route=%2Fwp%2Fv2%2Fmedia&parent=4704"}],"wp:term":[{"taxonomy":"category","embeddable":true,"href":"https:\/\/lacamporena.it\/index.php?rest_route=%2Fwp%2Fv2%2Fcategories&post=4704"},{"taxonomy":"post_tag","embeddable":true,"href":"https:\/\/lacamporena.it\/index.php?rest_route=%2Fwp%2Fv2%2Ftags&post=4704"}],"curies":[{"name":"wp","href":"https:\/\/api.w.org\/{rel}","templated":true}]}}