{"id":4702,"date":"2014-10-13T16:01:01","date_gmt":"2014-10-13T14:01:01","guid":{"rendered":"http:\/\/www.lacamporena.it\/?page_id=4702"},"modified":"2014-10-13T16:46:19","modified_gmt":"2014-10-13T14:46:19","slug":"newsletter-email-gia-registrata","status":"publish","type":"page","link":"https:\/\/lacamporena.it\/?page_id=4702","title":{"rendered":"Newsletter email gi\u00e0 registrata"},"content":{"rendered":"<p>Questo indirizzo email \u00e8 gi\u00e0 registrato nella newsletter<\/p>\n<p>This email address is already registered in the newsletter<\/p>\n","protected":false},"excerpt":{"rendered":"<p>Questo indirizzo email \u00e8 gi\u00e0 registrato nella newsletter This email address is already registered in the newsletter<\/p>\n","protected":false},"author":12,"featured_media":3156,"parent":0,"menu_order":0,"comment_status":"open","ping_status":"open","template":"","meta":{"_expiration-date-status":"saved","_expiration-date":0,"_expiration-date-type":"","_expiration-date-categories":[],"_expiration-date-options":[]},"categories":[],"tags":[],"_links":{"self":[{"href":"https:\/\/lacamporena.it\/index.php?rest_route=\/wp\/v2\/pages\/4702"}],"collection":[{"href":"https:\/\/lacamporena.it\/index.php?rest_route=\/wp\/v2\/pages"}],"about":[{"href":"https:\/\/lacamporena.it\/index.php?rest_route=\/wp\/v2\/types\/page"}],"author":[{"embeddable":true,"href":"https:\/\/lacamporena.it\/index.php?rest_route=\/wp\/v2\/users\/12"}],"replies":[{"embeddable":true,"href":"https:\/\/lacamporena.it\/index.php?rest_route=%2Fwp%2Fv2%2Fcomments&post=4702"}],"version-history":[{"count":0,"href":"https:\/\/lacamporena.it\/index.php?rest_route=\/wp\/v2\/pages\/4702\/revisions"}],"wp:featuredmedia":[{"embeddable":true,"href":"https:\/\/lacamporena.it\/index.php?rest_route=\/wp\/v2\/media\/3156"}],"wp:attachment":[{"href":"https:\/\/lacamporena.it\/index.php?rest_route=%2Fwp%2Fv2%2Fmedia&parent=4702"}],"wp:term":[{"taxonomy":"category","embeddable":true,"href":"https:\/\/lacamporena.it\/index.php?rest_route=%2Fwp%2Fv2%2Fcategories&post=4702"},{"taxonomy":"post_tag","embeddable":true,"href":"https:\/\/lacamporena.it\/index.php?rest_route=%2Fwp%2Fv2%2Ftags&post=4702"}],"curies":[{"name":"wp","href":"https:\/\/api.w.org\/{rel}","templated":true}]}}