{"id":2746,"date":"2014-07-29T12:04:17","date_gmt":"2014-07-29T10:04:17","guid":{"rendered":"http:\/\/www.lacamporena.it\/informazioni\/contatti\/"},"modified":"2016-10-26T10:55:57","modified_gmt":"2016-10-26T08:55:57","slug":"kontakte","status":"publish","type":"page","link":"https:\/\/lacamporena.it\/?page_id=2746","title":{"rendered":"Kontakte"},"content":{"rendered":"<p>F\u00fcr Fragen, W\u00fcnsche und Anfragen bitte z\u00f6gern Sie nicht, uns zu kontaktieren Bauernhof Anna &#8211;<\/p>\n<p><strong>Agriturismo Anna \u2013 Azienda Agricola La Camporena<\/strong><br \/>\nVia Convertoie 27<br \/>\n50022<br \/>\nGreve in Chianti \u2013 Firenze<br \/>\n<strong>Telefon<\/strong>:  +39 392\/5840541<br \/>\n<strong>Mail<\/strong> : lacamporena@gmail.com<\/p>\n<p>Verwenden Sie die einfache Form, Informationen anzufordern. Wir sind gl\u00fccklich, so schnell wie m\u00f6glich zu reagieren und keine Erkl\u00e4rung anbieten zu k\u00f6nnen. Die in das Formular eingegebenen Daten werden ausschlie\u00dflich zur Bearbeitung Ihrer Anfrage und werden nicht an Dritte in irgendeiner Weise offen gelegt werden.<\/p>\n<h3 class=\"widget-title\">kontaktieren sie uns<\/h3>\n<div role=\"form\" class=\"wpcf7\" id=\"wpcf7-f4087-o1\" lang=\"it-IT\" dir=\"ltr\">\n<div class=\"screen-reader-response\"><p role=\"status\" aria-live=\"polite\" aria-atomic=\"true\"><\/p> <ul><\/ul><\/div>\n<form action=\"\/index.php?rest_route=%2Fwp%2Fv2%2Fpages%2F2746#wpcf7-f4087-o1\" method=\"post\" class=\"wpcf7-form init\" novalidate=\"novalidate\" data-status=\"init\">\n<div style=\"display: none;\">\n<input type=\"hidden\" name=\"_wpcf7\" value=\"4087\" \/>\n<input type=\"hidden\" name=\"_wpcf7_version\" value=\"5.6.4\" \/>\n<input type=\"hidden\" name=\"_wpcf7_locale\" value=\"it_IT\" \/>\n<input type=\"hidden\" name=\"_wpcf7_unit_tag\" value=\"wpcf7-f4087-o1\" \/>\n<input type=\"hidden\" name=\"_wpcf7_container_post\" value=\"0\" \/>\n<input type=\"hidden\" name=\"_wpcf7_posted_data_hash\" value=\"\" \/>\n<\/div>\n<p> Ihr Name (n\u00f6tig)<br \/>\n    <span class=\"wpcf7-form-control-wrap\" data-name=\"your-name\"><input type=\"text\" name=\"your-name\" value=\"\" size=\"40\" class=\"wpcf7-form-control wpcf7-text wpcf7-validates-as-required\" aria-required=\"true\" aria-invalid=\"false\" \/><\/span> <\/p>\n<p>Ihr E-Mail Addresse (n\u00f6tig)<br \/>\n    <span class=\"wpcf7-form-control-wrap\" data-name=\"your-email\"><input type=\"email\" name=\"your-email\" value=\"\" size=\"40\" class=\"wpcf7-form-control wpcf7-text wpcf7-email wpcf7-validates-as-required wpcf7-validates-as-email\" aria-required=\"true\" aria-invalid=\"false\" \/><\/span> <\/p>\n<p>Objekt<br \/>\n    <span class=\"wpcf7-form-control-wrap\" data-name=\"your-subject\"><input type=\"text\" name=\"your-subject\" value=\"\" size=\"40\" class=\"wpcf7-form-control wpcf7-text\" aria-invalid=\"false\" \/><\/span> <\/p>\n<p>  Ihr Objekt<br \/>\n    <span class=\"wpcf7-form-control-wrap\" data-name=\"your-message\"><textarea name=\"your-message\" cols=\"40\" rows=\"10\" class=\"wpcf7-form-control wpcf7-textarea\" aria-invalid=\"false\"><\/textarea><\/span> <\/p>\n<p>\n<input type=\"hidden\" name=\"_wpcf7_captcha_challenge_captcha-511\" value=\"267552821\" \/><img class=\"wpcf7-form-control wpcf7-captchac wpcf7-captcha-captcha-511\" width=\"72\" height=\"24\" alt=\"captcha\" src=\"https:\/\/lacamporena.it\/wp-content\/uploads\/wpcf7_captcha\/267552821.png\" \/><br \/>\nden obene Schutzkode in den unteren Feld kopieren .<br\/><br \/>\n<span class=\"wpcf7-form-control-wrap\" data-name=\"captcha-511\"><input type=\"text\" name=\"captcha-511\" value=\"\" size=\"40\" class=\"wpcf7-form-control wpcf7-captchar\" autocomplete=\"off\" aria-invalid=\"false\" \/><\/span>\n    <\/p>\n<p><script> \nfunction apri(url) { \n\tnewin = window.open(url,'titolo','scrollbars=yes,resizable=yes, width=600,height=800,status=no,location=no,toolbar=no');\n} \n<\/script><\/p>\n<p> Ich habe gelesen und akzeptiere den  <a href=\"javascript:apri('..\/datenschutz')\">Datenschutz<\/a><br \/>\n<span style='font-size:11px;'>(Akzeptiere, um den \u201cEingabe\u201d zu aktivieren)<\/span><br \/>\n<span class=\"wpcf7-form-control-wrap\" data-name=\"acceptance-348\"><span class=\"wpcf7-form-control wpcf7-acceptance\"><span class=\"wpcf7-list-item\"><input type=\"checkbox\" name=\"acceptance-348\" value=\"1\" aria-invalid=\"false\" \/><\/span><\/span><\/span><\/p>\n<p><input type=\"submit\" value=\"Invia\" class=\"wpcf7-form-control has-spinner wpcf7-submit\" \/><\/p>\n<div class=\"wpcf7-response-output\" aria-hidden=\"true\"><\/div><\/form><\/div>\n<p>&nbsp;<\/p>\n<p><script src=\"https:\/\/apis.google.com\/js\/plusone.js\"><\/script><\/p>\n","protected":false},"excerpt":{"rendered":"<p>F\u00fcr Fragen, W\u00fcnsche und Anfragen bitte z\u00f6gern Sie nicht, uns zu kontaktieren Bauernhof Anna &#8211; Agriturismo Anna \u2013 Azienda Agricola La Camporena Via Convertoie 27 50022 Greve in Chianti \u2013 Firenze Telefon: +39 392\/5840541 Mail : lacamporena@gmail.com Verwenden Sie die einfache Form, Informationen anzufordern. Wir sind gl\u00fccklich, so schnell wie m\u00f6glich zu reagieren und keine [&hellip;]<\/p>\n","protected":false},"author":12,"featured_media":3188,"parent":0,"menu_order":0,"comment_status":"open","ping_status":"closed","template":"","meta":{"_expiration-date-status":"saved","_expiration-date":0,"_expiration-date-type":"","_expiration-date-categories":[],"_expiration-date-options":[]},"categories":[],"tags":[],"_links":{"self":[{"href":"https:\/\/lacamporena.it\/index.php?rest_route=\/wp\/v2\/pages\/2746"}],"collection":[{"href":"https:\/\/lacamporena.it\/index.php?rest_route=\/wp\/v2\/pages"}],"about":[{"href":"https:\/\/lacamporena.it\/index.php?rest_route=\/wp\/v2\/types\/page"}],"author":[{"embeddable":true,"href":"https:\/\/lacamporena.it\/index.php?rest_route=\/wp\/v2\/users\/12"}],"replies":[{"embeddable":true,"href":"https:\/\/lacamporena.it\/index.php?rest_route=%2Fwp%2Fv2%2Fcomments&post=2746"}],"version-history":[{"count":0,"href":"https:\/\/lacamporena.it\/index.php?rest_route=\/wp\/v2\/pages\/2746\/revisions"}],"wp:featuredmedia":[{"embeddable":true,"href":"https:\/\/lacamporena.it\/index.php?rest_route=\/wp\/v2\/media\/3188"}],"wp:attachment":[{"href":"https:\/\/lacamporena.it\/index.php?rest_route=%2Fwp%2Fv2%2Fmedia&parent=2746"}],"wp:term":[{"taxonomy":"category","embeddable":true,"href":"https:\/\/lacamporena.it\/index.php?rest_route=%2Fwp%2Fv2%2Fcategories&post=2746"},{"taxonomy":"post_tag","embeddable":true,"href":"https:\/\/lacamporena.it\/index.php?rest_route=%2Fwp%2Fv2%2Ftags&post=2746"}],"curies":[{"name":"wp","href":"https:\/\/api.w.org\/{rel}","templated":true}]}}