{"id":2738,"date":"2014-07-29T12:03:07","date_gmt":"2014-07-29T10:03:07","guid":{"rendered":"http:\/\/www.lacamporena.it\/?page_id=2738"},"modified":"2017-03-23T17:34:09","modified_gmt":"2017-03-23T16:34:09","slug":"dove","status":"publish","type":"page","link":"https:\/\/lacamporena.it\/?page_id=2738","title":{"rendered":"Dove siamo"},"content":{"rendered":"<p style=\"text-align: justify;\">L&#8217;Agriturismo Anna si trova nel cuore del Chianti pi\u00f9 autentico, quello dove viene coltivato il <strong>Chianti Classico<\/strong>. A soli tre chilometri dal paese di <strong>Greve in Chianti<\/strong>, \u00e8 quindi la meta ideale per conoscere bene questo territorio della <strong>Toscana<\/strong>.<\/p>\n<p style=\"text-align: justify;\">Le principali <strong>citt\u00e0<\/strong> della Toscana e i pi\u00f9 importanti <strong>borghi<\/strong> distano dal nostro agriturismo nel <strong>Chianti Fiorentino<\/strong>:<\/p>\n<ul style=\"text-align: justify;\">\n<li>Firenze 30 km<\/li>\n<li>Siena 40 Km<\/li>\n<li>Radda in Chianti 20 Km<\/li>\n<li>Castellina in Chianti 20 Km<\/li>\n<li>Gaiole in Chianti 26 Km<\/li>\n<li>Figline Valdarno 15 Km<\/li>\n<li>San Giovanni Valdarno 26 Km<\/li>\n<li>Fiesole 32 Km<\/li>\n<li>San Gimignano 45 Km<\/li>\n<li>Certaldo 40 Km<\/li>\n<li>Arezzo 70 Km<\/li>\n<\/ul>\n<p style=\"text-align: justify;\">Vicino all&#8217;Agriturismo si trovano anche i maggiori <strong>Outlet di Moda<\/strong> come:<\/p>\n<ul style=\"text-align: justify;\">\n<li>The Mall (Gucci, Prada, Cavalli, Armani, Burberry, Fendi, Dior, Tod&#8217;s, Valentino \u2026) 25 Km<\/li>\n<li>Fashion Valley (Ferr\u00e8, Versace, Bally, Ermanno Scervino, Trussardi \u2026 )\u00a023 Km<\/li>\n<li>Space, outlet Prada \u00a033 Km<\/li>\n<li>Outlet Dolce&amp;Gabbana 22 Km<\/li>\n<li>Barberino Designer Outlet (Blumarine, Disegual, Furla, Gas, Lacoste \u2026 ) 60 Km<\/li>\n<\/ul>\n<p><iframe loading=\"lazy\" src=\"https:\/\/www.google.com\/maps\/embed?pb=!1m18!1m12!1m3!1d510.8443010490449!2d11.33663813774403!3d43.59047029381724!2m3!1f0!2f0!3f0!3m2!1i1024!2i768!4f13.1!3m3!1m2!1s0x132a4b49e923cac5%3A0x219dc6339ed17be4!2sAgriturismo+La+Camporena!5e0!3m2!1sit!2sit!4v1490286817063\" width=\"600\" height=\"450\" frameborder=\"0\" style=\"border:0\" allowfullscreen><\/iframe><\/p>\n<p style=\"text-align: justify;\"><strong>Agriturismo La Camporena<\/strong><br \/>\n<strong>Via Convertoie, 27<\/strong><br \/>\n<strong>50022 Greve In Chianti Firenze<\/strong><br \/>\n<strong>43.614852, 11.337360<\/strong><\/p>\n\n\t\t<style type=\"text\/css\">\n\t\t\t#gallery-1 {\n\t\t\t\tmargin: auto;\n\t\t\t}\n\t\t\t#gallery-1 .gallery-item {\n\t\t\t\tfloat: left;\n\t\t\t\tmargin-top: 10px;\n\t\t\t\ttext-align: center;\n\t\t\t\twidth: 33%;\n\t\t\t}\n\t\t\t#gallery-1 img {\n\t\t\t\tborder: 2px solid #cfcfcf;\n\t\t\t}\n\t\t\t#gallery-1 .gallery-caption {\n\t\t\t\tmargin-left: 0;\n\t\t\t}\n\t\t\t\/* see gallery_shortcode() in wp-includes\/media.php *\/\n\t\t<\/style>\n\t\t<div id='gallery-1' class='gallery galleryid-2738 gallery-columns-3 gallery-size-thumbnail'><dl class='gallery-item'>\n\t\t\t<dt class='gallery-icon landscape'>\n\t\t\t\t<a href='https:\/\/lacamporena.it\/wp-content\/uploads\/2014\/07\/piazza-del-campo-siena.jpg' title=\"\" data-rl_title=\"\" class=\"rl-gallery-link\" data-rl_caption=\"\" data-rel=\"lightbox-gallery-1\"><img width=\"150\" height=\"150\" src=\"https:\/\/lacamporena.it\/wp-content\/uploads\/2014\/07\/piazza-del-campo-siena-150x150.jpg\" class=\"attachment-thumbnail size-thumbnail\" alt=\"Siena Piazza del Campo al tramonto\" decoding=\"async\" loading=\"lazy\" srcset=\"https:\/\/lacamporena.it\/wp-content\/uploads\/2014\/07\/piazza-del-campo-siena-150x150.jpg 150w, https:\/\/lacamporena.it\/wp-content\/uploads\/2014\/07\/piazza-del-campo-siena-157x157.jpg 157w, https:\/\/lacamporena.it\/wp-content\/uploads\/2014\/07\/piazza-del-campo-siena-400x400.jpg 400w\" sizes=\"(max-width: 150px) 100vw, 150px\" \/><\/a>\n\t\t\t<\/dt><\/dl><dl class='gallery-item'>\n\t\t\t<dt class='gallery-icon landscape'>\n\t\t\t\t<a href='https:\/\/lacamporena.it\/wp-content\/uploads\/2014\/07\/greve-in-chianti-piazza-centrale.jpg' title=\"\" data-rl_title=\"\" class=\"rl-gallery-link\" data-rl_caption=\"\" data-rel=\"lightbox-gallery-1\"><img width=\"150\" height=\"150\" src=\"https:\/\/lacamporena.it\/wp-content\/uploads\/2014\/07\/greve-in-chianti-piazza-centrale-150x150.jpg\" class=\"attachment-thumbnail size-thumbnail\" alt=\"Greve in Chianti piazza\" decoding=\"async\" loading=\"lazy\" srcset=\"https:\/\/lacamporena.it\/wp-content\/uploads\/2014\/07\/greve-in-chianti-piazza-centrale-150x150.jpg 150w, https:\/\/lacamporena.it\/wp-content\/uploads\/2014\/07\/greve-in-chianti-piazza-centrale-157x157.jpg 157w, https:\/\/lacamporena.it\/wp-content\/uploads\/2014\/07\/greve-in-chianti-piazza-centrale-400x400.jpg 400w\" sizes=\"(max-width: 150px) 100vw, 150px\" \/><\/a>\n\t\t\t<\/dt><\/dl><dl class='gallery-item'>\n\t\t\t<dt class='gallery-icon landscape'>\n\t\t\t\t<a href='https:\/\/lacamporena.it\/wp-content\/uploads\/2014\/07\/Firenze-lungarni.jpg' title=\"\" data-rl_title=\"\" class=\"rl-gallery-link\" data-rl_caption=\"\" data-rel=\"lightbox-gallery-1\"><img width=\"150\" height=\"150\" src=\"https:\/\/lacamporena.it\/wp-content\/uploads\/2014\/07\/Firenze-lungarni-150x150.jpg\" class=\"attachment-thumbnail size-thumbnail\" alt=\"Firenze ponte vecchio al tramonto\" decoding=\"async\" loading=\"lazy\" srcset=\"https:\/\/lacamporena.it\/wp-content\/uploads\/2014\/07\/Firenze-lungarni-150x150.jpg 150w, https:\/\/lacamporena.it\/wp-content\/uploads\/2014\/07\/Firenze-lungarni-157x157.jpg 157w, https:\/\/lacamporena.it\/wp-content\/uploads\/2014\/07\/Firenze-lungarni-400x400.jpg 400w\" sizes=\"(max-width: 150px) 100vw, 150px\" \/><\/a>\n\t\t\t<\/dt><\/dl><br style=\"clear: both\" \/><dl class='gallery-item'>\n\t\t\t<dt class='gallery-icon landscape'>\n\t\t\t\t<a href='https:\/\/lacamporena.it\/wp-content\/uploads\/2014\/07\/chianti.jpg' title=\"\" data-rl_title=\"\" class=\"rl-gallery-link\" data-rl_caption=\"\" data-rel=\"lightbox-gallery-1\"><img width=\"150\" height=\"150\" src=\"https:\/\/lacamporena.it\/wp-content\/uploads\/2014\/07\/chianti-150x150.jpg\" class=\"attachment-thumbnail size-thumbnail\" alt=\"Vacanze in Chianti Toscana\" decoding=\"async\" loading=\"lazy\" srcset=\"https:\/\/lacamporena.it\/wp-content\/uploads\/2014\/07\/chianti-150x150.jpg 150w, https:\/\/lacamporena.it\/wp-content\/uploads\/2014\/07\/chianti-157x157.jpg 157w, https:\/\/lacamporena.it\/wp-content\/uploads\/2014\/07\/chianti-400x400.jpg 400w\" sizes=\"(max-width: 150px) 100vw, 150px\" \/><\/a>\n\t\t\t<\/dt><\/dl><dl class='gallery-item'>\n\t\t\t<dt class='gallery-icon landscape'>\n\t\t\t\t<a href='https:\/\/lacamporena.it\/wp-content\/uploads\/2014\/07\/particolare-agriturismo.jpg' title=\"\" data-rl_title=\"\" class=\"rl-gallery-link\" data-rl_caption=\"\" data-rel=\"lightbox-gallery-1\"><img width=\"150\" height=\"150\" src=\"https:\/\/lacamporena.it\/wp-content\/uploads\/2014\/07\/particolare-agriturismo-150x150.jpg\" class=\"attachment-thumbnail size-thumbnail\" alt=\"Agriturismo in Chianti vicino Firenze - Agriturismo Anna\" decoding=\"async\" loading=\"lazy\" srcset=\"https:\/\/lacamporena.it\/wp-content\/uploads\/2014\/07\/particolare-agriturismo-150x150.jpg 150w, https:\/\/lacamporena.it\/wp-content\/uploads\/2014\/07\/particolare-agriturismo-157x157.jpg 157w, https:\/\/lacamporena.it\/wp-content\/uploads\/2014\/07\/particolare-agriturismo-400x400.jpg 400w\" sizes=\"(max-width: 150px) 100vw, 150px\" \/><\/a>\n\t\t\t<\/dt><\/dl><dl class='gallery-item'>\n\t\t\t<dt class='gallery-icon landscape'>\n\t\t\t\t<a href='https:\/\/lacamporena.it\/wp-content\/uploads\/2014\/07\/SLIDE_Agriturismo-anna-vista-uliveta.jpg' title=\"\" data-rl_title=\"\" class=\"rl-gallery-link\" data-rl_caption=\"\" data-rel=\"lightbox-gallery-1\"><img width=\"150\" height=\"150\" src=\"https:\/\/lacamporena.it\/wp-content\/uploads\/2014\/07\/SLIDE_Agriturismo-anna-vista-uliveta-150x150.jpg\" class=\"attachment-thumbnail size-thumbnail\" alt=\"Agriturismo Anna nel verde della campagna del Chianti\" decoding=\"async\" loading=\"lazy\" srcset=\"https:\/\/lacamporena.it\/wp-content\/uploads\/2014\/07\/SLIDE_Agriturismo-anna-vista-uliveta-150x150.jpg 150w, https:\/\/lacamporena.it\/wp-content\/uploads\/2014\/07\/SLIDE_Agriturismo-anna-vista-uliveta-50x50.jpg 50w, https:\/\/lacamporena.it\/wp-content\/uploads\/2014\/07\/SLIDE_Agriturismo-anna-vista-uliveta-90x90.jpg 90w, https:\/\/lacamporena.it\/wp-content\/uploads\/2014\/07\/SLIDE_Agriturismo-anna-vista-uliveta-300x300.jpg 300w\" sizes=\"(max-width: 150px) 100vw, 150px\" \/><\/a>\n\t\t\t<\/dt><\/dl><br style=\"clear: both\" \/><dl class='gallery-item'>\n\t\t\t<dt class='gallery-icon portrait'>\n\t\t\t\t<a href='https:\/\/lacamporena.it\/wp-content\/uploads\/2014\/07\/terrazzo-panoramico-chianti-particolare-dalla-reception1.jpg' title=\"\" data-rl_title=\"\" class=\"rl-gallery-link\" data-rl_caption=\"\" data-rel=\"lightbox-gallery-1\"><img width=\"150\" height=\"150\" src=\"https:\/\/lacamporena.it\/wp-content\/uploads\/2014\/07\/terrazzo-panoramico-chianti-particolare-dalla-reception1-150x150.jpg\" class=\"attachment-thumbnail size-thumbnail\" alt=\"Particolare dalla reception Agriturismo Anna\" decoding=\"async\" loading=\"lazy\" srcset=\"https:\/\/lacamporena.it\/wp-content\/uploads\/2014\/07\/terrazzo-panoramico-chianti-particolare-dalla-reception1-150x150.jpg 150w, https:\/\/lacamporena.it\/wp-content\/uploads\/2014\/07\/terrazzo-panoramico-chianti-particolare-dalla-reception1-50x50.jpg 50w, https:\/\/lacamporena.it\/wp-content\/uploads\/2014\/07\/terrazzo-panoramico-chianti-particolare-dalla-reception1-90x90.jpg 90w, https:\/\/lacamporena.it\/wp-content\/uploads\/2014\/07\/terrazzo-panoramico-chianti-particolare-dalla-reception1-300x300.jpg 300w\" sizes=\"(max-width: 150px) 100vw, 150px\" \/><\/a>\n\t\t\t<\/dt><\/dl><dl class='gallery-item'>\n\t\t\t<dt class='gallery-icon landscape'>\n\t\t\t\t<a href='https:\/\/lacamporena.it\/wp-content\/uploads\/2014\/07\/particolare-agriturismo-anna-greve.jpg' title=\"\" data-rl_title=\"\" class=\"rl-gallery-link\" data-rl_caption=\"\" data-rel=\"lightbox-gallery-1\"><img width=\"150\" height=\"150\" src=\"https:\/\/lacamporena.it\/wp-content\/uploads\/2014\/07\/particolare-agriturismo-anna-greve-150x150.jpg\" class=\"attachment-thumbnail size-thumbnail\" alt=\"Dettagli dell&#039;Agriturismo Anna\" decoding=\"async\" loading=\"lazy\" srcset=\"https:\/\/lacamporena.it\/wp-content\/uploads\/2014\/07\/particolare-agriturismo-anna-greve-150x150.jpg 150w, https:\/\/lacamporena.it\/wp-content\/uploads\/2014\/07\/particolare-agriturismo-anna-greve-50x50.jpg 50w, https:\/\/lacamporena.it\/wp-content\/uploads\/2014\/07\/particolare-agriturismo-anna-greve-90x90.jpg 90w, https:\/\/lacamporena.it\/wp-content\/uploads\/2014\/07\/particolare-agriturismo-anna-greve-300x300.jpg 300w\" sizes=\"(max-width: 150px) 100vw, 150px\" \/><\/a>\n\t\t\t<\/dt><\/dl><dl class='gallery-item'>\n\t\t\t<dt class='gallery-icon landscape'>\n\t\t\t\t<a href='https:\/\/lacamporena.it\/wp-content\/uploads\/2014\/07\/panorama-chianti-agriturismo.jpg' title=\"\" data-rl_title=\"\" class=\"rl-gallery-link\" data-rl_caption=\"\" data-rel=\"lightbox-gallery-1\"><img width=\"150\" height=\"150\" src=\"https:\/\/lacamporena.it\/wp-content\/uploads\/2014\/07\/panorama-chianti-agriturismo-150x150.jpg\" class=\"attachment-thumbnail size-thumbnail\" alt=\"Vista sul Chianti in Toscana Agriturismo Anna\" decoding=\"async\" loading=\"lazy\" srcset=\"https:\/\/lacamporena.it\/wp-content\/uploads\/2014\/07\/panorama-chianti-agriturismo-150x150.jpg 150w, https:\/\/lacamporena.it\/wp-content\/uploads\/2014\/07\/panorama-chianti-agriturismo-50x50.jpg 50w, https:\/\/lacamporena.it\/wp-content\/uploads\/2014\/07\/panorama-chianti-agriturismo-90x90.jpg 90w, https:\/\/lacamporena.it\/wp-content\/uploads\/2014\/07\/panorama-chianti-agriturismo-300x300.jpg 300w\" sizes=\"(max-width: 150px) 100vw, 150px\" \/><\/a>\n\t\t\t<\/dt><\/dl><br style=\"clear: both\" \/>\n\t\t<\/div>\n\n","protected":false},"excerpt":{"rendered":"<p>L&#8217;Agriturismo Anna si trova nel cuore del Chianti pi\u00f9 autentico, quello dove viene coltivato il Chianti Classico. A soli tre chilometri dal paese di Greve in Chianti, \u00e8 quindi la meta ideale per conoscere bene questo territorio della Toscana. Le principali citt\u00e0 della Toscana e i pi\u00f9 importanti borghi distano dal nostro agriturismo nel Chianti [&hellip;]<\/p>\n","protected":false},"author":12,"featured_media":3159,"parent":0,"menu_order":0,"comment_status":"open","ping_status":"closed","template":"","meta":{"_expiration-date-status":"saved","_expiration-date":0,"_expiration-date-type":"","_expiration-date-categories":[],"_expiration-date-options":[]},"categories":[],"tags":[],"_links":{"self":[{"href":"https:\/\/lacamporena.it\/index.php?rest_route=\/wp\/v2\/pages\/2738"}],"collection":[{"href":"https:\/\/lacamporena.it\/index.php?rest_route=\/wp\/v2\/pages"}],"about":[{"href":"https:\/\/lacamporena.it\/index.php?rest_route=\/wp\/v2\/types\/page"}],"author":[{"embeddable":true,"href":"https:\/\/lacamporena.it\/index.php?rest_route=\/wp\/v2\/users\/12"}],"replies":[{"embeddable":true,"href":"https:\/\/lacamporena.it\/index.php?rest_route=%2Fwp%2Fv2%2Fcomments&post=2738"}],"version-history":[{"count":4,"href":"https:\/\/lacamporena.it\/index.php?rest_route=\/wp\/v2\/pages\/2738\/revisions"}],"predecessor-version":[{"id":4985,"href":"https:\/\/lacamporena.it\/index.php?rest_route=\/wp\/v2\/pages\/2738\/revisions\/4985"}],"wp:featuredmedia":[{"embeddable":true,"href":"https:\/\/lacamporena.it\/index.php?rest_route=\/wp\/v2\/media\/3159"}],"wp:attachment":[{"href":"https:\/\/lacamporena.it\/index.php?rest_route=%2Fwp%2Fv2%2Fmedia&parent=2738"}],"wp:term":[{"taxonomy":"category","embeddable":true,"href":"https:\/\/lacamporena.it\/index.php?rest_route=%2Fwp%2Fv2%2Fcategories&post=2738"},{"taxonomy":"post_tag","embeddable":true,"href":"https:\/\/lacamporena.it\/index.php?rest_route=%2Fwp%2Fv2%2Ftags&post=2738"}],"curies":[{"name":"wp","href":"https:\/\/api.w.org\/{rel}","templated":true}]}}