{"id":2716,"date":"2014-07-29T11:48:28","date_gmt":"2014-07-29T09:48:28","guid":{"rendered":"http:\/\/www.lacamporena.it\/territorio\/greve-dintorni\/"},"modified":"2014-10-08T10:23:29","modified_gmt":"2014-10-08T08:23:29","slug":"greve","status":"publish","type":"page","link":"https:\/\/lacamporena.it\/?page_id=2716","title":{"rendered":"Greve"},"content":{"rendered":"<p style=\"text-align: justify;\">&#8220;Das Tor zum Chianti&#8221; &#8211; so wird <strong>Greve in Chianti<\/strong> wegen seiner Lage zwischen Siena und Florenz und wegen seiner zentralen Lage im ber\u00fchmtesten Weingebiet der Welt, dem Chianti Classico, oft genannt. Greve in Chianti ist nur drei Kilometer von unserem Agriturismo entfernt und es ist ein St\u00e4dtchen, wo man noch die echte Atmosph\u00e4re eines kleinen toskanischen Dorfs sp\u00fcren kann. Das ganze Leben findet um den Marktplatz (<strong>piazza Matteotti<\/strong>) herum statt <strong>und oft wird dieser zum Schauplatz f\u00fcr Theaterst\u00fccke , Veranstaltungen und Events aller Art<\/strong>.<\/p>\n<p style=\"text-align: justify;\"><strong>Es macht einfach Spa\u00df, auf dem Marktplatz herumzulaufen und durch die kleinen Bogen- g\u00e4nge zu schlendern, wo man zahlreiche Gesch\u00e4fte und Lokale vorfindet, aber auch die Museen der Stadt verdienen einen Besuch<\/strong>: das <strong>Museo di Arte Sacra<\/strong> und das Museo del Vino. Das <strong>Museo di Arte Sacra<\/strong>\u00a0befindet sich im antiken Ospizio von San Francesco, wo noch immer der Original-Altar des anliegenden Oratoriums steht; das Besondere des Altars ist eine wundersch\u00f6ne Figurengruppe aus bemaltem Terracotta. Weitere erhaltene Werke sind eine Mariae Vek\u00fcndigung aus dem dreizehnten Jahrhundert, die aus der Chiesa di S.Croce stammt, eine Madonna mit Kind mit den Heiligen Bartolomeo und Francesco aus der Chiesa di Santa Maria in Cintoia und eine Madonna mit Kind mit den Heiligen Antonio Abate und Lucia aus der chiesa di Sezzate.<\/p>\n<p style=\"text-align: justify;\">Greve in Chianti muss selbstverst\u00e4ndlich ein Museum f\u00fcr den wichtigsten &#8220;B\u00fcrger&#8221; der Stadt, den Wein, haben. Im Museum, das nur wenige Meter vom Marktplatz entfernt ist, kann man etwa 200 verschiedene Weine probieren und bei jedem einzelnen erf\u00e4hrt man etwas \u00fcber dessen Herstellung und \u00fcber dessen Geschmack. Zudem sind im Museum viele alte Werkzeuge, die man zur Weinproduktion brauchte, ausgestellt und zus\u00e4tzlich kann man \u00fcber 180 verschiedene Korkenzieher bewundern.<\/p>\n<p style=\"text-align: justify;\">Wer einmal in Greve ist, muss unbedingt auch noch das kleine wehrhafte D\u00f6rfchen Montefioralle besuchen, das ganz oben auf einem H\u00fcgel liegt, der nicht einmal 2 Kilometer vom Zentrum von Greve entfernt ist. Montefioralle war fr\u00fcher eine strategisch wichtige kleine Festung und die Struktur des Ortes ist bis heute gut erkennbar. Die kleinen, engen Steingassen, die von den typischen H\u00e4usern mit bl\u00fchenden Balkonen umrahmt sind und der unglaublich sch\u00f6ne Blick \u00fcber das gesamte Chianti machen dieses kleine Dorf zu einer Perle seltener Sch\u00f6nheit.<\/p>\n\n\t\t<style type=\"text\/css\">\n\t\t\t#gallery-1 {\n\t\t\t\tmargin: auto;\n\t\t\t}\n\t\t\t#gallery-1 .gallery-item {\n\t\t\t\tfloat: left;\n\t\t\t\tmargin-top: 10px;\n\t\t\t\ttext-align: center;\n\t\t\t\twidth: 33%;\n\t\t\t}\n\t\t\t#gallery-1 img {\n\t\t\t\tborder: 2px solid #cfcfcf;\n\t\t\t}\n\t\t\t#gallery-1 .gallery-caption {\n\t\t\t\tmargin-left: 0;\n\t\t\t}\n\t\t\t\/* see gallery_shortcode() in wp-includes\/media.php *\/\n\t\t<\/style>\n\t\t<div id='gallery-1' class='gallery galleryid-2716 gallery-columns-3 gallery-size-thumbnail'><dl class='gallery-item'>\n\t\t\t<dt class='gallery-icon landscape'>\n\t\t\t\t<a href='https:\/\/lacamporena.it\/wp-content\/uploads\/2014\/07\/greve-montefioralle-chianti.jpg' title=\"\" data-rl_title=\"\" class=\"rl-gallery-link\" data-rl_caption=\"\" data-rel=\"lightbox-gallery-1\"><img width=\"150\" height=\"150\" src=\"https:\/\/lacamporena.it\/wp-content\/uploads\/2014\/07\/greve-montefioralle-chianti-150x150.jpg\" class=\"attachment-thumbnail size-thumbnail\" alt=\"Greve in Chianti Borgo di Montefioralle\" decoding=\"async\" loading=\"lazy\" srcset=\"https:\/\/lacamporena.it\/wp-content\/uploads\/2014\/07\/greve-montefioralle-chianti-150x150.jpg 150w, https:\/\/lacamporena.it\/wp-content\/uploads\/2014\/07\/greve-montefioralle-chianti-157x157.jpg 157w, https:\/\/lacamporena.it\/wp-content\/uploads\/2014\/07\/greve-montefioralle-chianti-400x400.jpg 400w\" sizes=\"(max-width: 150px) 100vw, 150px\" \/><\/a>\n\t\t\t<\/dt><\/dl><dl class='gallery-item'>\n\t\t\t<dt class='gallery-icon landscape'>\n\t\t\t\t<a href='https:\/\/lacamporena.it\/wp-content\/uploads\/2014\/07\/greve-in-chianti-piazza-centrale.jpg' title=\"\" data-rl_title=\"\" class=\"rl-gallery-link\" data-rl_caption=\"\" data-rel=\"lightbox-gallery-1\"><img width=\"150\" height=\"150\" src=\"https:\/\/lacamporena.it\/wp-content\/uploads\/2014\/07\/greve-in-chianti-piazza-centrale-150x150.jpg\" class=\"attachment-thumbnail size-thumbnail\" alt=\"Greve in Chianti piazza\" decoding=\"async\" loading=\"lazy\" srcset=\"https:\/\/lacamporena.it\/wp-content\/uploads\/2014\/07\/greve-in-chianti-piazza-centrale-150x150.jpg 150w, https:\/\/lacamporena.it\/wp-content\/uploads\/2014\/07\/greve-in-chianti-piazza-centrale-157x157.jpg 157w, https:\/\/lacamporena.it\/wp-content\/uploads\/2014\/07\/greve-in-chianti-piazza-centrale-400x400.jpg 400w\" sizes=\"(max-width: 150px) 100vw, 150px\" \/><\/a>\n\t\t\t<\/dt><\/dl><dl class='gallery-item'>\n\t\t\t<dt class='gallery-icon landscape'>\n\t\t\t\t<a href='https:\/\/lacamporena.it\/wp-content\/uploads\/2014\/07\/campagna-chianti.jpg' title=\"\" data-rl_title=\"\" class=\"rl-gallery-link\" data-rl_caption=\"\" data-rel=\"lightbox-gallery-1\"><img width=\"150\" height=\"150\" src=\"https:\/\/lacamporena.it\/wp-content\/uploads\/2014\/07\/campagna-chianti-150x150.jpg\" class=\"attachment-thumbnail size-thumbnail\" alt=\"Agriturismo con panorama sul Chianti\" decoding=\"async\" loading=\"lazy\" srcset=\"https:\/\/lacamporena.it\/wp-content\/uploads\/2014\/07\/campagna-chianti-150x150.jpg 150w, https:\/\/lacamporena.it\/wp-content\/uploads\/2014\/07\/campagna-chianti-157x157.jpg 157w, https:\/\/lacamporena.it\/wp-content\/uploads\/2014\/07\/campagna-chianti-400x400.jpg 400w\" sizes=\"(max-width: 150px) 100vw, 150px\" \/><\/a>\n\t\t\t<\/dt><\/dl><br style=\"clear: both\" \/>\n\t\t<\/div>\n\n","protected":false},"excerpt":{"rendered":"<p>&#8220;Das Tor zum Chianti&#8221; &#8211; so wird Greve in Chianti wegen seiner Lage zwischen Siena und Florenz und wegen seiner zentralen Lage im ber\u00fchmtesten Weingebiet der Welt, dem Chianti Classico, oft genannt. Greve in Chianti ist nur drei Kilometer von unserem Agriturismo entfernt und es ist ein St\u00e4dtchen, wo man noch die echte Atmosph\u00e4re eines [&hellip;]<\/p>\n","protected":false},"author":12,"featured_media":3152,"parent":2709,"menu_order":0,"comment_status":"open","ping_status":"open","template":"","meta":{"_expiration-date-status":"saved","_expiration-date":0,"_expiration-date-type":"","_expiration-date-categories":[],"_expiration-date-options":[]},"categories":[],"tags":[],"_links":{"self":[{"href":"https:\/\/lacamporena.it\/index.php?rest_route=\/wp\/v2\/pages\/2716"}],"collection":[{"href":"https:\/\/lacamporena.it\/index.php?rest_route=\/wp\/v2\/pages"}],"about":[{"href":"https:\/\/lacamporena.it\/index.php?rest_route=\/wp\/v2\/types\/page"}],"author":[{"embeddable":true,"href":"https:\/\/lacamporena.it\/index.php?rest_route=\/wp\/v2\/users\/12"}],"replies":[{"embeddable":true,"href":"https:\/\/lacamporena.it\/index.php?rest_route=%2Fwp%2Fv2%2Fcomments&post=2716"}],"version-history":[{"count":0,"href":"https:\/\/lacamporena.it\/index.php?rest_route=\/wp\/v2\/pages\/2716\/revisions"}],"up":[{"embeddable":true,"href":"https:\/\/lacamporena.it\/index.php?rest_route=\/wp\/v2\/pages\/2709"}],"wp:featuredmedia":[{"embeddable":true,"href":"https:\/\/lacamporena.it\/index.php?rest_route=\/wp\/v2\/media\/3152"}],"wp:attachment":[{"href":"https:\/\/lacamporena.it\/index.php?rest_route=%2Fwp%2Fv2%2Fmedia&parent=2716"}],"wp:term":[{"taxonomy":"category","embeddable":true,"href":"https:\/\/lacamporena.it\/index.php?rest_route=%2Fwp%2Fv2%2Fcategories&post=2716"},{"taxonomy":"post_tag","embeddable":true,"href":"https:\/\/lacamporena.it\/index.php?rest_route=%2Fwp%2Fv2%2Ftags&post=2716"}],"curies":[{"name":"wp","href":"https:\/\/api.w.org\/{rel}","templated":true}]}}