{"id":2714,"date":"2014-07-29T11:51:03","date_gmt":"2014-07-29T09:51:03","guid":{"rendered":"http:\/\/www.lacamporena.it\/?page_id=2714"},"modified":"2014-08-07T19:17:12","modified_gmt":"2014-08-07T17:17:12","slug":"firenze","status":"publish","type":"page","link":"https:\/\/lacamporena.it\/?page_id=2714","title":{"rendered":"Firenze"},"content":{"rendered":"<p style=\"text-align: justify;\">La culla dell&#8217;arte e della cultura italiana, la patria del Rinascimento, <strong>Firenze<\/strong> \u00e8 una delle citt\u00e0 pi\u00f9 visitate al mondo e una delle mete pi\u00f9 desiderate da sempre.<br \/>\nOgni angolo, ogni via del centro di questa citt\u00e0 nasconde un tesoro, una storia o una leggenda, tanto da essere dichiarato <strong>Patrimonio dell&#8217;Umanit\u00e0<\/strong> dall&#8217; UNESCO.<br \/>\nI suoi palazzi, i suoi musei, le sue chiese rendono Firenze la sede di uno dei patrimoni artistici pi\u00f9 importanti al mondo.<br \/>\nTra i luoghi d&#8217; arte e di culto pi\u00f9 conosciuti della citt\u00e0 vi sono <strong>Cattedrale di Santa Maria del Fiore<\/strong> con la sua meravigliosa cupola, il Battistero e il vicino campanile di Giotto.<br \/>\nTra i tanti musei della citt\u00e0 da visitare assolutamente sono la <strong>Galleria degli Uffizi<\/strong>, per poter ammirare dal vero la \u201cNascita di Venere\u201d di Botticelli, il Bargello e la Galleria dell&#8217; Accademia, dove si trova il capolavoro di Michelangelo, l&#8217;originale David.<br \/>\nLe chiese di Santa Maria Novella e Santa Croce sono delle vere e proprie gallerie d&#8217; arte, cos\u00ec come la <strong>Biblioteca Medicea Laurenziana<\/strong> \u00e8 un&#8217; eccezionale espressione del genio architettonico di Michelangelo. Vi consigliamo di riservarvi un po&#8217; di tempo per visitare anche le importanti e svariate collezioni conservate a Palazzo Pitti e Boboli il magnifico giardino nascosto dietro le sue mura.<br \/>\nMa l&#8217;intera Firenze \u00e8 uno straordinario <strong>museo a cielo aperto <\/strong>da visitare, camminate per le strade del centro, attraversate Ponte Vecchio, fermatevi a godere dei riflessi del sole e della citt\u00e0 sulle sue acque.<br \/>\nSpingetevi fino all&#8217;Oltrarno, tra le cose da visitare a Firenze ci sono sicuramente le botteghe artistiche e artigianali in<strong> San Niccol\u00f2<\/strong>, \u00a0poi arrampicatevi fino al <strong>Piazzale Michelangelo<\/strong>, magari nell&#8217;ora del tramonto per godere di uno spettacolo capace di lasciare sempre e chiunque senza fiato: il sole che si spegne sulla citt\u00e0 e ne colora d&#8217;oro e di viola i tetti, la sua cupola, i suoi campanili e le verdi colline che tutt&#8217;intorno le fanno da cornice.<\/p>\n\n\t\t<style type=\"text\/css\">\n\t\t\t#gallery-1 {\n\t\t\t\tmargin: auto;\n\t\t\t}\n\t\t\t#gallery-1 .gallery-item {\n\t\t\t\tfloat: left;\n\t\t\t\tmargin-top: 10px;\n\t\t\t\ttext-align: center;\n\t\t\t\twidth: 33%;\n\t\t\t}\n\t\t\t#gallery-1 img {\n\t\t\t\tborder: 2px solid #cfcfcf;\n\t\t\t}\n\t\t\t#gallery-1 .gallery-caption {\n\t\t\t\tmargin-left: 0;\n\t\t\t}\n\t\t\t\/* see gallery_shortcode() in wp-includes\/media.php *\/\n\t\t<\/style>\n\t\t<div id='gallery-1' class='gallery galleryid-2714 gallery-columns-3 gallery-size-thumbnail'><dl class='gallery-item'>\n\t\t\t<dt class='gallery-icon landscape'>\n\t\t\t\t<a href='https:\/\/lacamporena.it\/wp-content\/uploads\/2014\/07\/Firenze-panorama-tramonto.jpg' title=\"\" data-rl_title=\"\" class=\"rl-gallery-link\" data-rl_caption=\"\" data-rel=\"lightbox-gallery-1\"><img width=\"150\" height=\"150\" src=\"https:\/\/lacamporena.it\/wp-content\/uploads\/2014\/07\/Firenze-panorama-tramonto-150x150.jpg\" class=\"attachment-thumbnail size-thumbnail\" alt=\"Tramonto a Firenze\" decoding=\"async\" loading=\"lazy\" srcset=\"https:\/\/lacamporena.it\/wp-content\/uploads\/2014\/07\/Firenze-panorama-tramonto-150x150.jpg 150w, https:\/\/lacamporena.it\/wp-content\/uploads\/2014\/07\/Firenze-panorama-tramonto-157x157.jpg 157w, https:\/\/lacamporena.it\/wp-content\/uploads\/2014\/07\/Firenze-panorama-tramonto-400x400.jpg 400w\" sizes=\"(max-width: 150px) 100vw, 150px\" \/><\/a>\n\t\t\t<\/dt><\/dl><dl class='gallery-item'>\n\t\t\t<dt class='gallery-icon landscape'>\n\t\t\t\t<a href='https:\/\/lacamporena.it\/wp-content\/uploads\/2014\/07\/Firenze-lungarni.jpg' title=\"\" data-rl_title=\"\" class=\"rl-gallery-link\" data-rl_caption=\"\" data-rel=\"lightbox-gallery-1\"><img width=\"150\" height=\"150\" src=\"https:\/\/lacamporena.it\/wp-content\/uploads\/2014\/07\/Firenze-lungarni-150x150.jpg\" class=\"attachment-thumbnail size-thumbnail\" alt=\"Firenze ponte vecchio al tramonto\" decoding=\"async\" loading=\"lazy\" srcset=\"https:\/\/lacamporena.it\/wp-content\/uploads\/2014\/07\/Firenze-lungarni-150x150.jpg 150w, https:\/\/lacamporena.it\/wp-content\/uploads\/2014\/07\/Firenze-lungarni-157x157.jpg 157w, https:\/\/lacamporena.it\/wp-content\/uploads\/2014\/07\/Firenze-lungarni-400x400.jpg 400w\" sizes=\"(max-width: 150px) 100vw, 150px\" \/><\/a>\n\t\t\t<\/dt><\/dl><dl class='gallery-item'>\n\t\t\t<dt class='gallery-icon landscape'>\n\t\t\t\t<a href='https:\/\/lacamporena.it\/wp-content\/uploads\/2014\/07\/panorama-firenze.jpg' title=\"\" data-rl_title=\"\" class=\"rl-gallery-link\" data-rl_caption=\"\" data-rel=\"lightbox-gallery-1\"><img width=\"150\" height=\"150\" src=\"https:\/\/lacamporena.it\/wp-content\/uploads\/2014\/07\/panorama-firenze-150x150.jpg\" class=\"attachment-thumbnail size-thumbnail\" alt=\"Firenze panorama di sera\" decoding=\"async\" loading=\"lazy\" srcset=\"https:\/\/lacamporena.it\/wp-content\/uploads\/2014\/07\/panorama-firenze-150x150.jpg 150w, https:\/\/lacamporena.it\/wp-content\/uploads\/2014\/07\/panorama-firenze-157x157.jpg 157w, https:\/\/lacamporena.it\/wp-content\/uploads\/2014\/07\/panorama-firenze-400x400.jpg 400w\" sizes=\"(max-width: 150px) 100vw, 150px\" \/><\/a>\n\t\t\t<\/dt><\/dl><br style=\"clear: both\" \/>\n\t\t<\/div>\n\n","protected":false},"excerpt":{"rendered":"<p>La culla dell&#8217;arte e della cultura italiana, la patria del Rinascimento, Firenze \u00e8 una delle citt\u00e0 pi\u00f9 visitate al mondo e una delle mete pi\u00f9 desiderate da sempre. Ogni angolo, ogni via del centro di questa citt\u00e0 nasconde un tesoro, una storia o una leggenda, tanto da essere dichiarato Patrimonio dell&#8217;Umanit\u00e0 dall&#8217; UNESCO. I suoi [&hellip;]<\/p>\n","protected":false},"author":12,"featured_media":3817,"parent":2706,"menu_order":0,"comment_status":"open","ping_status":"open","template":"","meta":{"_expiration-date-status":"saved","_expiration-date":0,"_expiration-date-type":"","_expiration-date-categories":[],"_expiration-date-options":[]},"categories":[],"tags":[],"_links":{"self":[{"href":"https:\/\/lacamporena.it\/index.php?rest_route=\/wp\/v2\/pages\/2714"}],"collection":[{"href":"https:\/\/lacamporena.it\/index.php?rest_route=\/wp\/v2\/pages"}],"about":[{"href":"https:\/\/lacamporena.it\/index.php?rest_route=\/wp\/v2\/types\/page"}],"author":[{"embeddable":true,"href":"https:\/\/lacamporena.it\/index.php?rest_route=\/wp\/v2\/users\/12"}],"replies":[{"embeddable":true,"href":"https:\/\/lacamporena.it\/index.php?rest_route=%2Fwp%2Fv2%2Fcomments&post=2714"}],"version-history":[{"count":0,"href":"https:\/\/lacamporena.it\/index.php?rest_route=\/wp\/v2\/pages\/2714\/revisions"}],"up":[{"embeddable":true,"href":"https:\/\/lacamporena.it\/index.php?rest_route=\/wp\/v2\/pages\/2706"}],"wp:featuredmedia":[{"embeddable":true,"href":"https:\/\/lacamporena.it\/index.php?rest_route=\/wp\/v2\/media\/3817"}],"wp:attachment":[{"href":"https:\/\/lacamporena.it\/index.php?rest_route=%2Fwp%2Fv2%2Fmedia&parent=2714"}],"wp:term":[{"taxonomy":"category","embeddable":true,"href":"https:\/\/lacamporena.it\/index.php?rest_route=%2Fwp%2Fv2%2Fcategories&post=2714"},{"taxonomy":"post_tag","embeddable":true,"href":"https:\/\/lacamporena.it\/index.php?rest_route=%2Fwp%2Fv2%2Ftags&post=2714"}],"curies":[{"name":"wp","href":"https:\/\/api.w.org\/{rel}","templated":true}]}}