{"id":2710,"date":"2014-07-29T11:48:28","date_gmt":"2014-07-29T09:48:28","guid":{"rendered":"http:\/\/www.lacamporena.it\/?page_id=2710"},"modified":"2014-08-25T10:21:55","modified_gmt":"2014-08-25T08:21:55","slug":"greve-dintorni","status":"publish","type":"page","link":"https:\/\/lacamporena.it\/?page_id=2710","title":{"rendered":"Greve e dintorni"},"content":{"rendered":"<p style=\"text-align: justify;\"><span style=\"font-size: 13px; line-height: 19px;\">\u201cLa Porta del Chianti\u201d cos\u00ec viene spesso appellato il paese di <strong>Greve in Chiant<\/strong>i data la sua posizione a met\u00e0 strada tra Siena e Firenze e per la sua centralit\u00e0 nella zona del vino pi\u00f9 famoso al mondo, il Chianti Classico.<\/span><\/p>\n<p style=\"text-align: justify;\">Greve in Chianti, a soli tre chilometri dal nostro agriturismo, \u00e8 una piccola cittadina dove ancora si respira l&#8217;aria autentica dei paesi della toscana, la vita si sviluppa tutta intorno alla sua piazza principale, <strong>piazza Matteotti<\/strong>, la quale diventa frequentemente teatro di manifestazione ed eventi.<\/p>\n<p style=\"text-align: justify;\">E&#8217; piacevole passeggiare per la piazza e sotto le sue logge, dove si affacciano numerosi negozi e locali, una visita la meritano anche i musei presenti nel paese: il Museo di Arte Sacra e il Museo del Vino.<\/p>\n<p style=\"text-align: justify;\">Il <strong>Museo di Arte Sacra<\/strong> si trova nell&#8217;antico ospizio di San Francesco, dove \u00e8 conservato l&#8217;altare originale dell&#8217;annesso oratorio, caratterizzato da uno splendido gruppo scultoreo in terracotta dipinta. Tra le altre opere sono conservate un&#8217;Annunciazione trecentesca proveniente dalla Chiesa di S.Croce, una Madonna col Bambino tra i Santi Bartolomeo e Francesco dalla Chiesa di Santa Maria a Cintoia e una Madonna col bambino tra i Santi Antonio Abate e Lucia della chiesa di Sezzate.<\/p>\n<p style=\"text-align: justify;\">Greve in Chianti non poteva non avere un museo dedicato al suo \u201ccittadino\u201d pi\u00f9 illustre il <strong>Vino<\/strong>. All&#8217;interno del museo, a pochi passi dalla piazza centrale, \u00e8 possibile degustare quasi 200 vini diversi, per ognuno dei quali c&#8217;\u00e8 una spiegazione informatizzata della produzione e del gusto. Inoltre sono esposti molti antichi attrezzi per la produzione del vino e oltre 180 tipi di cavatappi.<\/p>\n<p style=\"text-align: justify;\">Una visita a Greve, non pu\u00f2 dirsi completa senza aver visitato <strong>Montefioralle<\/strong>, un piccolissimo borgo fortificato che si trova in cima alla collina a meno di 2 chilometri dal centro.<br \/>\nMontefioralle era in antichit\u00e0 un castello di importanza strategica, oggi \u00e8 ancora ben visibile la struttura delle sue mura. Le strette strade di pietra sulle quali si affacciano tipiche case con balconi in fiore, e il panorama che si apre su tutto il Chianti rende questo borgo un gioiello di rara bellezza.<\/p>\n\n\t\t<style type=\"text\/css\">\n\t\t\t#gallery-1 {\n\t\t\t\tmargin: auto;\n\t\t\t}\n\t\t\t#gallery-1 .gallery-item {\n\t\t\t\tfloat: left;\n\t\t\t\tmargin-top: 10px;\n\t\t\t\ttext-align: center;\n\t\t\t\twidth: 33%;\n\t\t\t}\n\t\t\t#gallery-1 img {\n\t\t\t\tborder: 2px solid #cfcfcf;\n\t\t\t}\n\t\t\t#gallery-1 .gallery-caption {\n\t\t\t\tmargin-left: 0;\n\t\t\t}\n\t\t\t\/* see gallery_shortcode() in wp-includes\/media.php *\/\n\t\t<\/style>\n\t\t<div id='gallery-1' class='gallery galleryid-2710 gallery-columns-3 gallery-size-thumbnail'><dl class='gallery-item'>\n\t\t\t<dt class='gallery-icon landscape'>\n\t\t\t\t<a href='https:\/\/lacamporena.it\/wp-content\/uploads\/2014\/07\/greve-montefioralle-chianti.jpg' title=\"\" data-rl_title=\"\" class=\"rl-gallery-link\" data-rl_caption=\"\" data-rel=\"lightbox-gallery-1\"><img width=\"150\" height=\"150\" src=\"https:\/\/lacamporena.it\/wp-content\/uploads\/2014\/07\/greve-montefioralle-chianti-150x150.jpg\" class=\"attachment-thumbnail size-thumbnail\" alt=\"Greve in Chianti Borgo di Montefioralle\" decoding=\"async\" loading=\"lazy\" srcset=\"https:\/\/lacamporena.it\/wp-content\/uploads\/2014\/07\/greve-montefioralle-chianti-150x150.jpg 150w, https:\/\/lacamporena.it\/wp-content\/uploads\/2014\/07\/greve-montefioralle-chianti-157x157.jpg 157w, https:\/\/lacamporena.it\/wp-content\/uploads\/2014\/07\/greve-montefioralle-chianti-400x400.jpg 400w\" sizes=\"(max-width: 150px) 100vw, 150px\" \/><\/a>\n\t\t\t<\/dt><\/dl><dl class='gallery-item'>\n\t\t\t<dt class='gallery-icon landscape'>\n\t\t\t\t<a href='https:\/\/lacamporena.it\/wp-content\/uploads\/2014\/07\/greve-in-chianti-piazza-centrale.jpg' title=\"\" data-rl_title=\"\" class=\"rl-gallery-link\" data-rl_caption=\"\" data-rel=\"lightbox-gallery-1\"><img width=\"150\" height=\"150\" src=\"https:\/\/lacamporena.it\/wp-content\/uploads\/2014\/07\/greve-in-chianti-piazza-centrale-150x150.jpg\" class=\"attachment-thumbnail size-thumbnail\" alt=\"Greve in Chianti piazza\" decoding=\"async\" loading=\"lazy\" srcset=\"https:\/\/lacamporena.it\/wp-content\/uploads\/2014\/07\/greve-in-chianti-piazza-centrale-150x150.jpg 150w, https:\/\/lacamporena.it\/wp-content\/uploads\/2014\/07\/greve-in-chianti-piazza-centrale-157x157.jpg 157w, https:\/\/lacamporena.it\/wp-content\/uploads\/2014\/07\/greve-in-chianti-piazza-centrale-400x400.jpg 400w\" sizes=\"(max-width: 150px) 100vw, 150px\" \/><\/a>\n\t\t\t<\/dt><\/dl><dl class='gallery-item'>\n\t\t\t<dt class='gallery-icon landscape'>\n\t\t\t\t<a href='https:\/\/lacamporena.it\/wp-content\/uploads\/2014\/07\/campagna-chianti.jpg' title=\"\" data-rl_title=\"\" class=\"rl-gallery-link\" data-rl_caption=\"\" data-rel=\"lightbox-gallery-1\"><img width=\"150\" height=\"150\" src=\"https:\/\/lacamporena.it\/wp-content\/uploads\/2014\/07\/campagna-chianti-150x150.jpg\" class=\"attachment-thumbnail size-thumbnail\" alt=\"Agriturismo con panorama sul Chianti\" decoding=\"async\" loading=\"lazy\" srcset=\"https:\/\/lacamporena.it\/wp-content\/uploads\/2014\/07\/campagna-chianti-150x150.jpg 150w, https:\/\/lacamporena.it\/wp-content\/uploads\/2014\/07\/campagna-chianti-157x157.jpg 157w, https:\/\/lacamporena.it\/wp-content\/uploads\/2014\/07\/campagna-chianti-400x400.jpg 400w\" sizes=\"(max-width: 150px) 100vw, 150px\" \/><\/a>\n\t\t\t<\/dt><\/dl><br style=\"clear: both\" \/>\n\t\t<\/div>\n\n","protected":false},"excerpt":{"rendered":"<p>\u201cLa Porta del Chianti\u201d cos\u00ec viene spesso appellato il paese di Greve in Chianti data la sua posizione a met\u00e0 strada tra Siena e Firenze e per la sua centralit\u00e0 nella zona del vino pi\u00f9 famoso al mondo, il Chianti Classico. Greve in Chianti, a soli tre chilometri dal nostro agriturismo, \u00e8 una piccola cittadina [&hellip;]<\/p>\n","protected":false},"author":12,"featured_media":3150,"parent":2706,"menu_order":0,"comment_status":"open","ping_status":"open","template":"","meta":{"_expiration-date-status":"saved","_expiration-date":0,"_expiration-date-type":"","_expiration-date-categories":[],"_expiration-date-options":[]},"categories":[],"tags":[],"_links":{"self":[{"href":"https:\/\/lacamporena.it\/index.php?rest_route=\/wp\/v2\/pages\/2710"}],"collection":[{"href":"https:\/\/lacamporena.it\/index.php?rest_route=\/wp\/v2\/pages"}],"about":[{"href":"https:\/\/lacamporena.it\/index.php?rest_route=\/wp\/v2\/types\/page"}],"author":[{"embeddable":true,"href":"https:\/\/lacamporena.it\/index.php?rest_route=\/wp\/v2\/users\/12"}],"replies":[{"embeddable":true,"href":"https:\/\/lacamporena.it\/index.php?rest_route=%2Fwp%2Fv2%2Fcomments&post=2710"}],"version-history":[{"count":0,"href":"https:\/\/lacamporena.it\/index.php?rest_route=\/wp\/v2\/pages\/2710\/revisions"}],"up":[{"embeddable":true,"href":"https:\/\/lacamporena.it\/index.php?rest_route=\/wp\/v2\/pages\/2706"}],"wp:featuredmedia":[{"embeddable":true,"href":"https:\/\/lacamporena.it\/index.php?rest_route=\/wp\/v2\/media\/3150"}],"wp:attachment":[{"href":"https:\/\/lacamporena.it\/index.php?rest_route=%2Fwp%2Fv2%2Fmedia&parent=2710"}],"wp:term":[{"taxonomy":"category","embeddable":true,"href":"https:\/\/lacamporena.it\/index.php?rest_route=%2Fwp%2Fv2%2Fcategories&post=2710"},{"taxonomy":"post_tag","embeddable":true,"href":"https:\/\/lacamporena.it\/index.php?rest_route=%2Fwp%2Fv2%2Ftags&post=2710"}],"curies":[{"name":"wp","href":"https:\/\/api.w.org\/{rel}","templated":true}]}}