{"id":2709,"date":"2014-07-29T11:46:58","date_gmt":"2014-07-29T09:46:58","guid":{"rendered":"http:\/\/www.lacamporena.it\/territorio-2\/"},"modified":"2014-10-08T09:29:56","modified_gmt":"2014-10-08T07:29:56","slug":"umgebung","status":"publish","type":"page","link":"https:\/\/lacamporena.it\/?page_id=2709","title":{"rendered":"Umgebung"},"content":{"rendered":"<p style=\"text-align: justify;\">Unser Agriturismo Anna liegt im Herzen des <strong>Chianti Fiorentino<\/strong> und ist nur drei Kilometer von <strong>Greve in Chianti<\/strong>, einem reizenden Ort im Landkreis Florenz, entfernt.<\/p>\n<p style=\"text-align: justify;\">Unser Agriturismo ist das ideale Urlaubsziel f\u00fcr alle, die das echte Chianti entdecken wollen und dabei auch noch die Stille und das herrliche Gr\u00fcn der Natur <strong>auf dem Land<\/strong> genie\u00dfen wollen.Ganz in Ihrer N\u00e4he befinden sich zudem <strong>ber\u00fchmte<\/strong> <strong>mittelalterliche D\u00f6rfer<\/strong> und die <strong>sch\u00f6nsten Kunstst\u00e4dte<\/strong> derToskana. Im Chianti erwarten Sie also wunderbare Reiserouten mit viel Kunst, Kultur, Natur und nat\u00fcrlich erstklassiger Gastronomie!<\/p>\n\n\t\t<style type=\"text\/css\">\n\t\t\t#gallery-1 {\n\t\t\t\tmargin: auto;\n\t\t\t}\n\t\t\t#gallery-1 .gallery-item {\n\t\t\t\tfloat: left;\n\t\t\t\tmargin-top: 10px;\n\t\t\t\ttext-align: center;\n\t\t\t\twidth: 33%;\n\t\t\t}\n\t\t\t#gallery-1 img {\n\t\t\t\tborder: 2px solid #cfcfcf;\n\t\t\t}\n\t\t\t#gallery-1 .gallery-caption {\n\t\t\t\tmargin-left: 0;\n\t\t\t}\n\t\t\t\/* see gallery_shortcode() in wp-includes\/media.php *\/\n\t\t<\/style>\n\t\t<div id='gallery-1' class='gallery galleryid-2709 gallery-columns-3 gallery-size-thumbnail'><dl class='gallery-item'>\n\t\t\t<dt class='gallery-icon landscape'>\n\t\t\t\t<a href='https:\/\/lacamporena.it\/wp-content\/uploads\/2014\/07\/Firenze-lungarni.jpg' title=\"\" data-rl_title=\"\" class=\"rl-gallery-link\" data-rl_caption=\"\" data-rel=\"lightbox-gallery-1\"><img width=\"150\" height=\"150\" src=\"https:\/\/lacamporena.it\/wp-content\/uploads\/2014\/07\/Firenze-lungarni-150x150.jpg\" class=\"attachment-thumbnail size-thumbnail\" alt=\"Firenze ponte vecchio al tramonto\" decoding=\"async\" loading=\"lazy\" srcset=\"https:\/\/lacamporena.it\/wp-content\/uploads\/2014\/07\/Firenze-lungarni-150x150.jpg 150w, https:\/\/lacamporena.it\/wp-content\/uploads\/2014\/07\/Firenze-lungarni-157x157.jpg 157w, https:\/\/lacamporena.it\/wp-content\/uploads\/2014\/07\/Firenze-lungarni-400x400.jpg 400w\" sizes=\"(max-width: 150px) 100vw, 150px\" \/><\/a>\n\t\t\t<\/dt><\/dl><dl class='gallery-item'>\n\t\t\t<dt class='gallery-icon landscape'>\n\t\t\t\t<a href='https:\/\/lacamporena.it\/wp-content\/uploads\/2014\/07\/panorama-chianti1.jpg' title=\"\" data-rl_title=\"\" class=\"rl-gallery-link\" data-rl_caption=\"\" data-rel=\"lightbox-gallery-1\"><img width=\"150\" height=\"150\" src=\"https:\/\/lacamporena.it\/wp-content\/uploads\/2014\/07\/panorama-chianti1-150x150.jpg\" class=\"attachment-thumbnail size-thumbnail\" alt=\"panorama Chianti\" decoding=\"async\" loading=\"lazy\" srcset=\"https:\/\/lacamporena.it\/wp-content\/uploads\/2014\/07\/panorama-chianti1-150x150.jpg 150w, https:\/\/lacamporena.it\/wp-content\/uploads\/2014\/07\/panorama-chianti1-157x157.jpg 157w, https:\/\/lacamporena.it\/wp-content\/uploads\/2014\/07\/panorama-chianti1-400x400.jpg 400w\" sizes=\"(max-width: 150px) 100vw, 150px\" \/><\/a>\n\t\t\t<\/dt><\/dl><dl class='gallery-item'>\n\t\t\t<dt class='gallery-icon landscape'>\n\t\t\t\t<a href='https:\/\/lacamporena.it\/wp-content\/uploads\/2014\/07\/Siena-duomo.jpg' title=\"\" data-rl_title=\"\" class=\"rl-gallery-link\" data-rl_caption=\"\" data-rel=\"lightbox-gallery-1\"><img width=\"150\" height=\"150\" src=\"https:\/\/lacamporena.it\/wp-content\/uploads\/2014\/07\/Siena-duomo-150x150.jpg\" class=\"attachment-thumbnail size-thumbnail\" alt=\"Cattedrale di Siena al tramonto\" decoding=\"async\" loading=\"lazy\" srcset=\"https:\/\/lacamporena.it\/wp-content\/uploads\/2014\/07\/Siena-duomo-150x150.jpg 150w, https:\/\/lacamporena.it\/wp-content\/uploads\/2014\/07\/Siena-duomo-157x157.jpg 157w, https:\/\/lacamporena.it\/wp-content\/uploads\/2014\/07\/Siena-duomo-400x400.jpg 400w\" sizes=\"(max-width: 150px) 100vw, 150px\" \/><\/a>\n\t\t\t<\/dt><\/dl><br style=\"clear: both\" \/><dl class='gallery-item'>\n\t\t\t<dt class='gallery-icon landscape'>\n\t\t\t\t<a href='https:\/\/lacamporena.it\/wp-content\/uploads\/2014\/07\/passeggiate-a-cavallo-nel-chianti.jpg' title=\"\" data-rl_title=\"\" class=\"rl-gallery-link\" data-rl_caption=\"\" data-rel=\"lightbox-gallery-1\"><img width=\"150\" height=\"150\" src=\"https:\/\/lacamporena.it\/wp-content\/uploads\/2014\/07\/passeggiate-a-cavallo-nel-chianti-150x150.jpg\" class=\"attachment-thumbnail size-thumbnail\" alt=\"Passeggiate a cavallo nel Chianti\" decoding=\"async\" loading=\"lazy\" srcset=\"https:\/\/lacamporena.it\/wp-content\/uploads\/2014\/07\/passeggiate-a-cavallo-nel-chianti-150x150.jpg 150w, https:\/\/lacamporena.it\/wp-content\/uploads\/2014\/07\/passeggiate-a-cavallo-nel-chianti-157x157.jpg 157w, https:\/\/lacamporena.it\/wp-content\/uploads\/2014\/07\/passeggiate-a-cavallo-nel-chianti-400x400.jpg 400w\" sizes=\"(max-width: 150px) 100vw, 150px\" \/><\/a>\n\t\t\t<\/dt><\/dl><dl class='gallery-item'>\n\t\t\t<dt class='gallery-icon landscape'>\n\t\t\t\t<a href='https:\/\/lacamporena.it\/wp-content\/uploads\/2014\/07\/agriturismo-anna-vista-piscina.jpg' title=\"\" data-rl_title=\"\" class=\"rl-gallery-link\" data-rl_caption=\"\" data-rel=\"lightbox-gallery-1\"><img width=\"150\" height=\"150\" src=\"https:\/\/lacamporena.it\/wp-content\/uploads\/2014\/07\/agriturismo-anna-vista-piscina-150x150.jpg\" class=\"attachment-thumbnail size-thumbnail\" alt=\"Agriturismo campagna toscana\" decoding=\"async\" loading=\"lazy\" srcset=\"https:\/\/lacamporena.it\/wp-content\/uploads\/2014\/07\/agriturismo-anna-vista-piscina-150x150.jpg 150w, https:\/\/lacamporena.it\/wp-content\/uploads\/2014\/07\/agriturismo-anna-vista-piscina-50x50.jpg 50w, https:\/\/lacamporena.it\/wp-content\/uploads\/2014\/07\/agriturismo-anna-vista-piscina-90x90.jpg 90w, https:\/\/lacamporena.it\/wp-content\/uploads\/2014\/07\/agriturismo-anna-vista-piscina-300x300.jpg 300w\" sizes=\"(max-width: 150px) 100vw, 150px\" \/><\/a>\n\t\t\t<\/dt><\/dl><dl class='gallery-item'>\n\t\t\t<dt class='gallery-icon landscape'>\n\t\t\t\t<a href='https:\/\/lacamporena.it\/wp-content\/uploads\/2014\/07\/chianti.jpg' title=\"\" data-rl_title=\"\" class=\"rl-gallery-link\" data-rl_caption=\"\" data-rel=\"lightbox-gallery-1\"><img width=\"150\" height=\"150\" src=\"https:\/\/lacamporena.it\/wp-content\/uploads\/2014\/07\/chianti-150x150.jpg\" class=\"attachment-thumbnail size-thumbnail\" alt=\"Vacanze in Chianti Toscana\" decoding=\"async\" loading=\"lazy\" srcset=\"https:\/\/lacamporena.it\/wp-content\/uploads\/2014\/07\/chianti-150x150.jpg 150w, https:\/\/lacamporena.it\/wp-content\/uploads\/2014\/07\/chianti-157x157.jpg 157w, https:\/\/lacamporena.it\/wp-content\/uploads\/2014\/07\/chianti-400x400.jpg 400w\" sizes=\"(max-width: 150px) 100vw, 150px\" \/><\/a>\n\t\t\t<\/dt><\/dl><br style=\"clear: both\" \/><dl class='gallery-item'>\n\t\t\t<dt class='gallery-icon landscape'>\n\t\t\t\t<a href='https:\/\/lacamporena.it\/wp-content\/uploads\/2014\/07\/vista-puscina-e-chianti.jpg' title=\"\" data-rl_title=\"\" class=\"rl-gallery-link\" data-rl_caption=\"\" data-rel=\"lightbox-gallery-1\"><img width=\"150\" height=\"150\" src=\"https:\/\/lacamporena.it\/wp-content\/uploads\/2014\/07\/vista-puscina-e-chianti-150x150.jpg\" class=\"attachment-thumbnail size-thumbnail\" alt=\"Vista sul paesaggio del Chianti\" decoding=\"async\" loading=\"lazy\" srcset=\"https:\/\/lacamporena.it\/wp-content\/uploads\/2014\/07\/vista-puscina-e-chianti-150x150.jpg 150w, https:\/\/lacamporena.it\/wp-content\/uploads\/2014\/07\/vista-puscina-e-chianti-50x50.jpg 50w, https:\/\/lacamporena.it\/wp-content\/uploads\/2014\/07\/vista-puscina-e-chianti-90x90.jpg 90w, https:\/\/lacamporena.it\/wp-content\/uploads\/2014\/07\/vista-puscina-e-chianti-300x300.jpg 300w\" sizes=\"(max-width: 150px) 100vw, 150px\" \/><\/a>\n\t\t\t<\/dt><\/dl><dl class='gallery-item'>\n\t\t\t<dt class='gallery-icon landscape'>\n\t\t\t\t<a href='https:\/\/lacamporena.it\/wp-content\/uploads\/2014\/07\/Panoramica.jpg' title=\"\" data-rl_title=\"\" class=\"rl-gallery-link\" data-rl_caption=\"\" data-rel=\"lightbox-gallery-1\"><img width=\"150\" height=\"150\" src=\"https:\/\/lacamporena.it\/wp-content\/uploads\/2014\/07\/Panoramica-150x150.jpg\" class=\"attachment-thumbnail size-thumbnail\" alt=\"Anna Agriturismo a Greve in Chianti - Firenze - Toscana\" decoding=\"async\" loading=\"lazy\" srcset=\"https:\/\/lacamporena.it\/wp-content\/uploads\/2014\/07\/Panoramica-150x150.jpg 150w, https:\/\/lacamporena.it\/wp-content\/uploads\/2014\/07\/Panoramica-50x50.jpg 50w, https:\/\/lacamporena.it\/wp-content\/uploads\/2014\/07\/Panoramica-90x90.jpg 90w, https:\/\/lacamporena.it\/wp-content\/uploads\/2014\/07\/Panoramica-300x300.jpg 300w\" sizes=\"(max-width: 150px) 100vw, 150px\" \/><\/a>\n\t\t\t<\/dt><\/dl><dl class='gallery-item'>\n\t\t\t<dt class='gallery-icon landscape'>\n\t\t\t\t<a href='https:\/\/lacamporena.it\/wp-content\/uploads\/2014\/07\/Agriturismo-anna-vista-uliveta.jpg' title=\"\" data-rl_title=\"\" class=\"rl-gallery-link\" data-rl_caption=\"\" data-rel=\"lightbox-gallery-1\"><img width=\"150\" height=\"150\" src=\"https:\/\/lacamporena.it\/wp-content\/uploads\/2014\/07\/Agriturismo-anna-vista-uliveta-150x150.jpg\" class=\"attachment-thumbnail size-thumbnail\" alt=\"Agriturismo Anna vista uliveta\" decoding=\"async\" loading=\"lazy\" srcset=\"https:\/\/lacamporena.it\/wp-content\/uploads\/2014\/07\/Agriturismo-anna-vista-uliveta-150x150.jpg 150w, https:\/\/lacamporena.it\/wp-content\/uploads\/2014\/07\/Agriturismo-anna-vista-uliveta-50x50.jpg 50w, https:\/\/lacamporena.it\/wp-content\/uploads\/2014\/07\/Agriturismo-anna-vista-uliveta-90x90.jpg 90w, https:\/\/lacamporena.it\/wp-content\/uploads\/2014\/07\/Agriturismo-anna-vista-uliveta-300x300.jpg 300w\" sizes=\"(max-width: 150px) 100vw, 150px\" \/><\/a>\n\t\t\t<\/dt><\/dl><br style=\"clear: both\" \/>\n\t\t<\/div>\n\n<p>&nbsp;<\/p>\n","protected":false},"excerpt":{"rendered":"<p>Unser Agriturismo Anna liegt im Herzen des Chianti Fiorentino und ist nur drei Kilometer von Greve in Chianti, einem reizenden Ort im Landkreis Florenz, entfernt. Unser Agriturismo ist das ideale Urlaubsziel f\u00fcr alle, die das echte Chianti entdecken wollen und dabei auch noch die Stille und das herrliche Gr\u00fcn der Natur auf dem Land genie\u00dfen [&hellip;]<\/p>\n","protected":false},"author":12,"featured_media":3158,"parent":0,"menu_order":0,"comment_status":"open","ping_status":"open","template":"","meta":{"_expiration-date-status":"saved","_expiration-date":0,"_expiration-date-type":"","_expiration-date-categories":[],"_expiration-date-options":[]},"categories":[],"tags":[],"_links":{"self":[{"href":"https:\/\/lacamporena.it\/index.php?rest_route=\/wp\/v2\/pages\/2709"}],"collection":[{"href":"https:\/\/lacamporena.it\/index.php?rest_route=\/wp\/v2\/pages"}],"about":[{"href":"https:\/\/lacamporena.it\/index.php?rest_route=\/wp\/v2\/types\/page"}],"author":[{"embeddable":true,"href":"https:\/\/lacamporena.it\/index.php?rest_route=\/wp\/v2\/users\/12"}],"replies":[{"embeddable":true,"href":"https:\/\/lacamporena.it\/index.php?rest_route=%2Fwp%2Fv2%2Fcomments&post=2709"}],"version-history":[{"count":0,"href":"https:\/\/lacamporena.it\/index.php?rest_route=\/wp\/v2\/pages\/2709\/revisions"}],"wp:featuredmedia":[{"embeddable":true,"href":"https:\/\/lacamporena.it\/index.php?rest_route=\/wp\/v2\/media\/3158"}],"wp:attachment":[{"href":"https:\/\/lacamporena.it\/index.php?rest_route=%2Fwp%2Fv2%2Fmedia&parent=2709"}],"wp:term":[{"taxonomy":"category","embeddable":true,"href":"https:\/\/lacamporena.it\/index.php?rest_route=%2Fwp%2Fv2%2Fcategories&post=2709"},{"taxonomy":"post_tag","embeddable":true,"href":"https:\/\/lacamporena.it\/index.php?rest_route=%2Fwp%2Fv2%2Ftags&post=2709"}],"curies":[{"name":"wp","href":"https:\/\/api.w.org\/{rel}","templated":true}]}}