{"id":2706,"date":"2014-07-29T11:46:58","date_gmt":"2014-07-29T09:46:58","guid":{"rendered":"http:\/\/www.lacamporena.it\/?page_id=2706"},"modified":"2014-08-07T20:11:45","modified_gmt":"2014-08-07T18:11:45","slug":"territorio","status":"publish","type":"page","link":"https:\/\/lacamporena.it\/?page_id=2706","title":{"rendered":"Territorio"},"content":{"rendered":"<p>L\u2019 <a href=\"https:\/\/lacamporena.it\/\"><strong>Agriturismo La Camporena<\/strong><\/a>, si trova al centro del <strong>Chianti Fiorentino<\/strong>, a soli tre chilometri dal ridente paese di <strong>Greve in Chianti<\/strong>, in provincia di <a href=\"https:\/\/lacamporena.it\/?page_id=2714\"><strong>Firenze<\/strong><\/a>.<\/p>\n<p><strong>Greve in Chianti <\/strong>\u00e9 un affascinante <strong>borgo toscano<\/strong> ricco di <strong>storia e tradizione<\/strong>. Questo incantevole luogo ha le sue radici nell&#8217;XI secolo, con un antico nucleo abitato sulla collina di San Francesco. Oggi, la storia di Greve si riflette nella sua affascinante Piazza del Mercato, cuore pulsante della comunit\u00e0.<\/p>\n<p><strong>La piazza<\/strong>, con la sua forma a imbuto, <strong>ha una lunga storia<\/strong> che risale al <strong>XIII secolo<\/strong>, diventando un centro vitale di scambi commerciali. Affacciandosi sul corso d&#8217;acqua della <strong>Greve<\/strong> e la via Cassia, la piazza ha attirato abitanti da villaggi circostanti, creando un mercato vibrante. Nel corso dei secoli, Greve ha mantenuto il suo carattere unico, e la statua di <em>Giovanni da Verrazzano<\/em> testimonia l&#8217;importanza di questo luogo nella storia delle esplorazioni.<\/p>\n<p>Oltre alla piazza, Greve vanta il <strong>maestoso Palazzo Comunale<\/strong>, un capolavoro neorinascimentale che si affaccia sulla storica Piazza del Mercato. Questo palazzo ha una storia intrigante, risalendo al 1485, e oggi ospita l&#8217;amministrazione comunale. La sua architettura in stile rinascimentale fiorentino si fonde armoniosamente con il fascino antico di Greve.<\/p>\n<p>Non lontano dal centro, la <strong>Villa di Pescille<\/strong> a <strong>Panzano in Chianti<\/strong> offre una prospettiva unica sulla storia del territorio. Originariamente una <strong>casa torre medievale<\/strong>, la villa-fattoria \u00e8 ora un luogo che abbraccia la diversit\u00e0, essendo diventata la &#8220;<em>Comunit\u00e0 alloggio protetta Pescille<\/em>&#8221; per persone disabili. Questo \u00e8 un esempio di come Greve in Chianti si impegna per una comunit\u00e0 inclusiva e solidale.<\/p>\n<p>Il <strong>patrimonio artistico di Greve<\/strong> \u00e8 splendidamente custodito nel Museo di Arte Sacra San Francesco. Dal settembre 2002, questo museo ha offerto ai visitatori un viaggio attraverso la storia artistica del Chianti, con dipinti, sculture e oreficerie che risalgono al XIV secolo. Questo luogo unico non solo celebra l&#8217;arte sacra ma ci connette anche con le radici culturali della regione.<\/p>\n<p>Infine, la Pieve di San Leolino a Panzano di Greve in Chianti, con la sua architettura romanica, racchiude un tesoro di opere d&#8217;arte. Da tabernacoli di Giovanni della Robbia a dipinti di Mariotto di Nardo, la pieve \u00e8 un viaggio attraverso secoli di espressione artistica e spiritualit\u00e0.<br \/><br p=\"\" \/>Per <strong>completare il viaggio attraverso la storia e la bellezza di Greve in Chianti<\/strong>, non possiamo dimenticare la ricca tradizione degli <strong>agriturismi che punteggiano il paesaggio toscano<\/strong>. Oggi, questi <strong>antichi casolari<\/strong> rurali sono stati trasformati in autentiche oasi di lusso, mantenendo il fascino delle loro origini e offrendo esperienze indimenticabili.<\/p>\n<p><strong>Immersi tra vigneti e uliveti<\/strong>, molti <a href=\"https:\/\/lacamporena.it\/\">agriturismi a Greve in Chianti<\/a> accolgono gli ospiti con <strong>camere elegantemente arredate<\/strong>, <strong>ristoranti che esaltano i sapori<\/strong> locali e, spesso, lussuose <a href=\"https:\/\/lacamporena.it\/?page_id=1993\">piscine con vista sul Chianti<\/a>.<\/p>\n<p><strong>Soggiornare in un agriturismo<\/strong> qui significa non solo immergersi nella <strong>tranquillit\u00e0 della campagna toscana<\/strong>, ma anche abbracciare il comfort e la raffinatezza di casolari attentamente ristrutturati, creando cos\u00ec un connubio perfetto tra storia e modernit\u00e0. Da La Camporena, potete Vivere l&#8217;esperienza unica dell&#8217;<a href=\"https:\/\/lacamporena.it\/?page_id=2668\">agriturismo con vasca idromassaggio a Greve in Chianti<\/a>, dove il lusso si fonde armoniosamente con la tradizione.<\/p>\n<p>Scoprite Greve in Chianti, dove la storia si intreccia con la bellezza, e ogni angolo racconta una storia unica.<\/p>\n\n\t\t<style type=\"text\/css\">\n\t\t\t#gallery-1 {\n\t\t\t\tmargin: auto;\n\t\t\t}\n\t\t\t#gallery-1 .gallery-item {\n\t\t\t\tfloat: left;\n\t\t\t\tmargin-top: 10px;\n\t\t\t\ttext-align: center;\n\t\t\t\twidth: 33%;\n\t\t\t}\n\t\t\t#gallery-1 img {\n\t\t\t\tborder: 2px solid #cfcfcf;\n\t\t\t}\n\t\t\t#gallery-1 .gallery-caption {\n\t\t\t\tmargin-left: 0;\n\t\t\t}\n\t\t\t\/* see gallery_shortcode() in wp-includes\/media.php *\/\n\t\t<\/style>\n\t\t<div id='gallery-1' class='gallery galleryid-2706 gallery-columns-3 gallery-size-thumbnail'><dl class='gallery-item'>\n\t\t\t<dt class='gallery-icon landscape'>\n\t\t\t\t<a href='https:\/\/lacamporena.it\/wp-content\/uploads\/2014\/07\/Firenze-lungarni.jpg' title=\"\" data-rl_title=\"\" class=\"rl-gallery-link\" data-rl_caption=\"\" data-rel=\"lightbox-gallery-1\"><img width=\"150\" height=\"150\" src=\"https:\/\/lacamporena.it\/wp-content\/uploads\/2014\/07\/Firenze-lungarni-150x150.jpg\" class=\"attachment-thumbnail size-thumbnail\" alt=\"Firenze ponte vecchio al tramonto\" decoding=\"async\" loading=\"lazy\" srcset=\"https:\/\/lacamporena.it\/wp-content\/uploads\/2014\/07\/Firenze-lungarni-150x150.jpg 150w, https:\/\/lacamporena.it\/wp-content\/uploads\/2014\/07\/Firenze-lungarni-157x157.jpg 157w, https:\/\/lacamporena.it\/wp-content\/uploads\/2014\/07\/Firenze-lungarni-400x400.jpg 400w\" sizes=\"(max-width: 150px) 100vw, 150px\" \/><\/a>\n\t\t\t<\/dt><\/dl><dl class='gallery-item'>\n\t\t\t<dt class='gallery-icon landscape'>\n\t\t\t\t<a href='https:\/\/lacamporena.it\/wp-content\/uploads\/2014\/07\/panorama-chianti1.jpg' title=\"\" data-rl_title=\"\" class=\"rl-gallery-link\" data-rl_caption=\"\" data-rel=\"lightbox-gallery-1\"><img width=\"150\" height=\"150\" src=\"https:\/\/lacamporena.it\/wp-content\/uploads\/2014\/07\/panorama-chianti1-150x150.jpg\" class=\"attachment-thumbnail size-thumbnail\" alt=\"panorama Chianti\" decoding=\"async\" loading=\"lazy\" srcset=\"https:\/\/lacamporena.it\/wp-content\/uploads\/2014\/07\/panorama-chianti1-150x150.jpg 150w, https:\/\/lacamporena.it\/wp-content\/uploads\/2014\/07\/panorama-chianti1-157x157.jpg 157w, https:\/\/lacamporena.it\/wp-content\/uploads\/2014\/07\/panorama-chianti1-400x400.jpg 400w\" sizes=\"(max-width: 150px) 100vw, 150px\" \/><\/a>\n\t\t\t<\/dt><\/dl><dl class='gallery-item'>\n\t\t\t<dt class='gallery-icon landscape'>\n\t\t\t\t<a href='https:\/\/lacamporena.it\/wp-content\/uploads\/2014\/07\/Siena-duomo.jpg' title=\"\" data-rl_title=\"\" class=\"rl-gallery-link\" data-rl_caption=\"\" data-rel=\"lightbox-gallery-1\"><img width=\"150\" height=\"150\" src=\"https:\/\/lacamporena.it\/wp-content\/uploads\/2014\/07\/Siena-duomo-150x150.jpg\" class=\"attachment-thumbnail size-thumbnail\" alt=\"Cattedrale di Siena al tramonto\" decoding=\"async\" loading=\"lazy\" srcset=\"https:\/\/lacamporena.it\/wp-content\/uploads\/2014\/07\/Siena-duomo-150x150.jpg 150w, https:\/\/lacamporena.it\/wp-content\/uploads\/2014\/07\/Siena-duomo-157x157.jpg 157w, https:\/\/lacamporena.it\/wp-content\/uploads\/2014\/07\/Siena-duomo-400x400.jpg 400w\" sizes=\"(max-width: 150px) 100vw, 150px\" \/><\/a>\n\t\t\t<\/dt><\/dl><br style=\"clear: both\" \/><dl class='gallery-item'>\n\t\t\t<dt class='gallery-icon landscape'>\n\t\t\t\t<a href='https:\/\/lacamporena.it\/wp-content\/uploads\/2014\/07\/passeggiate-a-cavallo-nel-chianti.jpg' title=\"\" data-rl_title=\"\" class=\"rl-gallery-link\" data-rl_caption=\"\" data-rel=\"lightbox-gallery-1\"><img width=\"150\" height=\"150\" src=\"https:\/\/lacamporena.it\/wp-content\/uploads\/2014\/07\/passeggiate-a-cavallo-nel-chianti-150x150.jpg\" class=\"attachment-thumbnail size-thumbnail\" alt=\"Passeggiate a cavallo nel Chianti\" decoding=\"async\" loading=\"lazy\" srcset=\"https:\/\/lacamporena.it\/wp-content\/uploads\/2014\/07\/passeggiate-a-cavallo-nel-chianti-150x150.jpg 150w, https:\/\/lacamporena.it\/wp-content\/uploads\/2014\/07\/passeggiate-a-cavallo-nel-chianti-157x157.jpg 157w, https:\/\/lacamporena.it\/wp-content\/uploads\/2014\/07\/passeggiate-a-cavallo-nel-chianti-400x400.jpg 400w\" sizes=\"(max-width: 150px) 100vw, 150px\" \/><\/a>\n\t\t\t<\/dt><\/dl><dl class='gallery-item'>\n\t\t\t<dt class='gallery-icon landscape'>\n\t\t\t\t<a href='https:\/\/lacamporena.it\/wp-content\/uploads\/2014\/07\/agriturismo-anna-vista-piscina.jpg' title=\"\" data-rl_title=\"\" class=\"rl-gallery-link\" data-rl_caption=\"\" data-rel=\"lightbox-gallery-1\"><img width=\"150\" height=\"150\" src=\"https:\/\/lacamporena.it\/wp-content\/uploads\/2014\/07\/agriturismo-anna-vista-piscina-150x150.jpg\" class=\"attachment-thumbnail size-thumbnail\" alt=\"Agriturismo campagna toscana\" decoding=\"async\" loading=\"lazy\" srcset=\"https:\/\/lacamporena.it\/wp-content\/uploads\/2014\/07\/agriturismo-anna-vista-piscina-150x150.jpg 150w, https:\/\/lacamporena.it\/wp-content\/uploads\/2014\/07\/agriturismo-anna-vista-piscina-50x50.jpg 50w, https:\/\/lacamporena.it\/wp-content\/uploads\/2014\/07\/agriturismo-anna-vista-piscina-90x90.jpg 90w, https:\/\/lacamporena.it\/wp-content\/uploads\/2014\/07\/agriturismo-anna-vista-piscina-300x300.jpg 300w\" sizes=\"(max-width: 150px) 100vw, 150px\" \/><\/a>\n\t\t\t<\/dt><\/dl><dl class='gallery-item'>\n\t\t\t<dt class='gallery-icon landscape'>\n\t\t\t\t<a href='https:\/\/lacamporena.it\/wp-content\/uploads\/2014\/07\/chianti.jpg' title=\"\" data-rl_title=\"\" class=\"rl-gallery-link\" data-rl_caption=\"\" data-rel=\"lightbox-gallery-1\"><img width=\"150\" height=\"150\" src=\"https:\/\/lacamporena.it\/wp-content\/uploads\/2014\/07\/chianti-150x150.jpg\" class=\"attachment-thumbnail size-thumbnail\" alt=\"Vacanze in Chianti Toscana\" decoding=\"async\" loading=\"lazy\" srcset=\"https:\/\/lacamporena.it\/wp-content\/uploads\/2014\/07\/chianti-150x150.jpg 150w, https:\/\/lacamporena.it\/wp-content\/uploads\/2014\/07\/chianti-157x157.jpg 157w, https:\/\/lacamporena.it\/wp-content\/uploads\/2014\/07\/chianti-400x400.jpg 400w\" sizes=\"(max-width: 150px) 100vw, 150px\" \/><\/a>\n\t\t\t<\/dt><\/dl><br style=\"clear: both\" \/><dl class='gallery-item'>\n\t\t\t<dt class='gallery-icon landscape'>\n\t\t\t\t<a href='https:\/\/lacamporena.it\/wp-content\/uploads\/2014\/07\/vista-puscina-e-chianti.jpg' title=\"\" data-rl_title=\"\" class=\"rl-gallery-link\" data-rl_caption=\"\" data-rel=\"lightbox-gallery-1\"><img width=\"150\" height=\"150\" src=\"https:\/\/lacamporena.it\/wp-content\/uploads\/2014\/07\/vista-puscina-e-chianti-150x150.jpg\" class=\"attachment-thumbnail size-thumbnail\" alt=\"Vista sul paesaggio del Chianti\" decoding=\"async\" loading=\"lazy\" srcset=\"https:\/\/lacamporena.it\/wp-content\/uploads\/2014\/07\/vista-puscina-e-chianti-150x150.jpg 150w, https:\/\/lacamporena.it\/wp-content\/uploads\/2014\/07\/vista-puscina-e-chianti-50x50.jpg 50w, https:\/\/lacamporena.it\/wp-content\/uploads\/2014\/07\/vista-puscina-e-chianti-90x90.jpg 90w, https:\/\/lacamporena.it\/wp-content\/uploads\/2014\/07\/vista-puscina-e-chianti-300x300.jpg 300w\" sizes=\"(max-width: 150px) 100vw, 150px\" \/><\/a>\n\t\t\t<\/dt><\/dl><dl class='gallery-item'>\n\t\t\t<dt class='gallery-icon landscape'>\n\t\t\t\t<a href='https:\/\/lacamporena.it\/wp-content\/uploads\/2014\/07\/Panoramica.jpg' title=\"\" data-rl_title=\"\" class=\"rl-gallery-link\" data-rl_caption=\"\" data-rel=\"lightbox-gallery-1\"><img width=\"150\" height=\"150\" src=\"https:\/\/lacamporena.it\/wp-content\/uploads\/2014\/07\/Panoramica-150x150.jpg\" class=\"attachment-thumbnail size-thumbnail\" alt=\"Anna Agriturismo a Greve in Chianti - Firenze - Toscana\" decoding=\"async\" loading=\"lazy\" srcset=\"https:\/\/lacamporena.it\/wp-content\/uploads\/2014\/07\/Panoramica-150x150.jpg 150w, https:\/\/lacamporena.it\/wp-content\/uploads\/2014\/07\/Panoramica-50x50.jpg 50w, https:\/\/lacamporena.it\/wp-content\/uploads\/2014\/07\/Panoramica-90x90.jpg 90w, https:\/\/lacamporena.it\/wp-content\/uploads\/2014\/07\/Panoramica-300x300.jpg 300w\" sizes=\"(max-width: 150px) 100vw, 150px\" \/><\/a>\n\t\t\t<\/dt><\/dl><dl class='gallery-item'>\n\t\t\t<dt class='gallery-icon landscape'>\n\t\t\t\t<a href='https:\/\/lacamporena.it\/wp-content\/uploads\/2014\/07\/Agriturismo-anna-vista-uliveta.jpg' title=\"\" data-rl_title=\"\" class=\"rl-gallery-link\" data-rl_caption=\"\" data-rel=\"lightbox-gallery-1\"><img width=\"150\" height=\"150\" src=\"https:\/\/lacamporena.it\/wp-content\/uploads\/2014\/07\/Agriturismo-anna-vista-uliveta-150x150.jpg\" class=\"attachment-thumbnail size-thumbnail\" alt=\"Agriturismo Anna vista uliveta\" decoding=\"async\" loading=\"lazy\" srcset=\"https:\/\/lacamporena.it\/wp-content\/uploads\/2014\/07\/Agriturismo-anna-vista-uliveta-150x150.jpg 150w, https:\/\/lacamporena.it\/wp-content\/uploads\/2014\/07\/Agriturismo-anna-vista-uliveta-50x50.jpg 50w, https:\/\/lacamporena.it\/wp-content\/uploads\/2014\/07\/Agriturismo-anna-vista-uliveta-90x90.jpg 90w, https:\/\/lacamporena.it\/wp-content\/uploads\/2014\/07\/Agriturismo-anna-vista-uliveta-300x300.jpg 300w\" sizes=\"(max-width: 150px) 100vw, 150px\" \/><\/a>\n\t\t\t<\/dt><\/dl><br style=\"clear: both\" \/>\n\t\t<\/div>\n\n<p>&nbsp;<\/p>\n","protected":false},"excerpt":{"rendered":"<p>L\u2019 Agriturismo La Camporena, si trova al centro del Chianti Fiorentino, a soli tre chilometri dal ridente paese di Greve in Chianti, in provincia di Firenze. Greve in Chianti \u00e9 un affascinante borgo toscano ricco di storia e tradizione. Questo incantevole luogo ha le sue radici nell&#8217;XI secolo, con un antico nucleo abitato sulla collina [&hellip;]<\/p>\n","protected":false},"author":12,"featured_media":3156,"parent":0,"menu_order":0,"comment_status":"open","ping_status":"open","template":"","meta":{"_expiration-date-status":"saved","_expiration-date":0,"_expiration-date-type":"","_expiration-date-categories":[],"_expiration-date-options":[]},"categories":[],"tags":[],"_links":{"self":[{"href":"https:\/\/lacamporena.it\/index.php?rest_route=\/wp\/v2\/pages\/2706"}],"collection":[{"href":"https:\/\/lacamporena.it\/index.php?rest_route=\/wp\/v2\/pages"}],"about":[{"href":"https:\/\/lacamporena.it\/index.php?rest_route=\/wp\/v2\/types\/page"}],"author":[{"embeddable":true,"href":"https:\/\/lacamporena.it\/index.php?rest_route=\/wp\/v2\/users\/12"}],"replies":[{"embeddable":true,"href":"https:\/\/lacamporena.it\/index.php?rest_route=%2Fwp%2Fv2%2Fcomments&post=2706"}],"version-history":[{"count":0,"href":"https:\/\/lacamporena.it\/index.php?rest_route=\/wp\/v2\/pages\/2706\/revisions"}],"wp:featuredmedia":[{"embeddable":true,"href":"https:\/\/lacamporena.it\/index.php?rest_route=\/wp\/v2\/media\/3156"}],"wp:attachment":[{"href":"https:\/\/lacamporena.it\/index.php?rest_route=%2Fwp%2Fv2%2Fmedia&parent=2706"}],"wp:term":[{"taxonomy":"category","embeddable":true,"href":"https:\/\/lacamporena.it\/index.php?rest_route=%2Fwp%2Fv2%2Fcategories&post=2706"},{"taxonomy":"post_tag","embeddable":true,"href":"https:\/\/lacamporena.it\/index.php?rest_route=%2Fwp%2Fv2%2Ftags&post=2706"}],"curies":[{"name":"wp","href":"https:\/\/api.w.org\/{rel}","templated":true}]}}