{"id":2691,"date":"2014-07-29T11:14:04","date_gmt":"2014-07-29T09:14:04","guid":{"rendered":"http:\/\/www.lacamporena.it\/ristorante\/corsi-cucina\/"},"modified":"2014-10-08T11:25:29","modified_gmt":"2014-10-08T09:25:29","slug":"kochkurse","status":"publish","type":"page","link":"https:\/\/lacamporena.it\/?page_id=2691","title":{"rendered":"Kochkurse"},"content":{"rendered":"<p style=\"text-align: justify;\">Um eine Gebiet wirklich kennenzulernen, muss man auch seine <strong>Fr\u00fcchte<\/strong> und <strong>Geschm\u00e4cke<\/strong> kennen. Wenn diese Aussage immer gilt, dann erst recht f\u00fcr das Chiantigebiet.<\/p>\n<p style=\"text-align: justify;\">.<br \/>\nEine der sch\u00f6nsten Erfahrungen, die Sie in unserem Agriturismo machen k\u00f6nnen, ist, an einem <strong>Kochkurs<\/strong> teilzunehmen.<br \/>\nDauer, Thema und Zutaten des Kurses k\u00f6nnen wir gemeinsam festlegen: Ausgehend von der zur Verf\u00fcgung stehenden Zeit und den kulinarischen Interessen jedes Gastes \u00fcberlegen wir miteinander den geeigneten Ablauf. Mit ihrer ansteckenden Sympathie und ihren hervorragenden F\u00e4higkeiten wird unsere <strong>Scieffa<\/strong> Ihnen beibringen, die typischen Gerichte aus der Region zuzubereiten, sie wird Ihnen Tricks zum Zeitsparen und die Geheimnisse zeigen, die ein Gericht zu etwas Besonderem machen!<\/p>\n<p style=\"text-align: justify;\">Die gefragtesten Kochkurse sind:<\/p>\n<ul>\n<li style=\"text-align: justify;\"><strong>Traditionelle toskanische K\u00fcche<\/strong>: Schmackhafte Crostini neri, hausgemachte Pasta, Schweiner\u00fccken<\/li>\n<li style=\"text-align: justify;\"><strong>Wild<\/strong>: Wildschwein, Reh und Hase<\/li>\n<li style=\"text-align: justify;\"><strong>S\u00fc\u00dfes und Nachspeisen<\/strong>: Tricks f\u00fcr exquisite Cantucci di Prato, Panello con l\u2019uva und Obstkuchen<\/li>\n<\/ul>\n\n\t\t<style type=\"text\/css\">\n\t\t\t#gallery-1 {\n\t\t\t\tmargin: auto;\n\t\t\t}\n\t\t\t#gallery-1 .gallery-item {\n\t\t\t\tfloat: left;\n\t\t\t\tmargin-top: 10px;\n\t\t\t\ttext-align: center;\n\t\t\t\twidth: 33%;\n\t\t\t}\n\t\t\t#gallery-1 img {\n\t\t\t\tborder: 2px solid #cfcfcf;\n\t\t\t}\n\t\t\t#gallery-1 .gallery-caption {\n\t\t\t\tmargin-left: 0;\n\t\t\t}\n\t\t\t\/* see gallery_shortcode() in wp-includes\/media.php *\/\n\t\t<\/style>\n\t\t<div id='gallery-1' class='gallery galleryid-2691 gallery-columns-3 gallery-size-thumbnail'><dl class='gallery-item'>\n\t\t\t<dt class='gallery-icon landscape'>\n\t\t\t\t<a href='https:\/\/lacamporena.it\/wp-content\/uploads\/2014\/07\/preparazione-dolci-fatti-in-casa.jpg' title=\"\" data-rl_title=\"\" class=\"rl-gallery-link\" data-rl_caption=\"\" data-rel=\"lightbox-gallery-1\"><img width=\"150\" height=\"150\" src=\"https:\/\/lacamporena.it\/wp-content\/uploads\/2014\/07\/preparazione-dolci-fatti-in-casa-150x150.jpg\" class=\"attachment-thumbnail size-thumbnail\" alt=\"Corsi di cucina Toscana in Chianti\" decoding=\"async\" loading=\"lazy\" srcset=\"https:\/\/lacamporena.it\/wp-content\/uploads\/2014\/07\/preparazione-dolci-fatti-in-casa-150x150.jpg 150w, https:\/\/lacamporena.it\/wp-content\/uploads\/2014\/07\/preparazione-dolci-fatti-in-casa-157x157.jpg 157w, https:\/\/lacamporena.it\/wp-content\/uploads\/2014\/07\/preparazione-dolci-fatti-in-casa-400x400.jpg 400w\" sizes=\"(max-width: 150px) 100vw, 150px\" \/><\/a>\n\t\t\t<\/dt><\/dl><dl class='gallery-item'>\n\t\t\t<dt class='gallery-icon landscape'>\n\t\t\t\t<a href='https:\/\/lacamporena.it\/wp-content\/uploads\/2014\/07\/dolci-fatti-in-casa.jpg' title=\"\" data-rl_title=\"\" class=\"rl-gallery-link\" data-rl_caption=\"\" data-rel=\"lightbox-gallery-1\"><img width=\"150\" height=\"150\" src=\"https:\/\/lacamporena.it\/wp-content\/uploads\/2014\/07\/dolci-fatti-in-casa-150x150.jpg\" class=\"attachment-thumbnail size-thumbnail\" alt=\"Corsi di cucina toscana a Greve in Chianti\" decoding=\"async\" loading=\"lazy\" srcset=\"https:\/\/lacamporena.it\/wp-content\/uploads\/2014\/07\/dolci-fatti-in-casa-150x150.jpg 150w, https:\/\/lacamporena.it\/wp-content\/uploads\/2014\/07\/dolci-fatti-in-casa-157x157.jpg 157w, https:\/\/lacamporena.it\/wp-content\/uploads\/2014\/07\/dolci-fatti-in-casa-400x400.jpg 400w\" sizes=\"(max-width: 150px) 100vw, 150px\" \/><\/a>\n\t\t\t<\/dt><\/dl><dl class='gallery-item'>\n\t\t\t<dt class='gallery-icon landscape'>\n\t\t\t\t<a href='https:\/\/lacamporena.it\/wp-content\/uploads\/2014\/07\/la-sceffa-al-lavoro.jpg' title=\"\" data-rl_title=\"\" class=\"rl-gallery-link\" data-rl_caption=\"\" data-rel=\"lightbox-gallery-1\"><img width=\"150\" height=\"150\" src=\"https:\/\/lacamporena.it\/wp-content\/uploads\/2014\/07\/la-sceffa-al-lavoro-150x150.jpg\" class=\"attachment-thumbnail size-thumbnail\" alt=\"Corsi di cucina tradizionale toscana\" decoding=\"async\" loading=\"lazy\" srcset=\"https:\/\/lacamporena.it\/wp-content\/uploads\/2014\/07\/la-sceffa-al-lavoro-150x150.jpg 150w, https:\/\/lacamporena.it\/wp-content\/uploads\/2014\/07\/la-sceffa-al-lavoro-157x157.jpg 157w, https:\/\/lacamporena.it\/wp-content\/uploads\/2014\/07\/la-sceffa-al-lavoro-400x400.jpg 400w\" sizes=\"(max-width: 150px) 100vw, 150px\" \/><\/a>\n\t\t\t<\/dt><\/dl><br style=\"clear: both\" \/><dl class='gallery-item'>\n\t\t\t<dt class='gallery-icon landscape'>\n\t\t\t\t<a href='https:\/\/lacamporena.it\/wp-content\/uploads\/2014\/07\/preparazione-crostata.jpg' title=\"\" data-rl_title=\"\" class=\"rl-gallery-link\" data-rl_caption=\"\" data-rel=\"lightbox-gallery-1\"><img width=\"150\" height=\"150\" src=\"https:\/\/lacamporena.it\/wp-content\/uploads\/2014\/07\/preparazione-crostata-150x150.jpg\" class=\"attachment-thumbnail size-thumbnail\" alt=\"Corsi di cucina Agriturismo Anna\" decoding=\"async\" loading=\"lazy\" srcset=\"https:\/\/lacamporena.it\/wp-content\/uploads\/2014\/07\/preparazione-crostata-150x150.jpg 150w, https:\/\/lacamporena.it\/wp-content\/uploads\/2014\/07\/preparazione-crostata-157x157.jpg 157w, https:\/\/lacamporena.it\/wp-content\/uploads\/2014\/07\/preparazione-crostata-400x400.jpg 400w\" sizes=\"(max-width: 150px) 100vw, 150px\" \/><\/a>\n\t\t\t<\/dt><\/dl><dl class='gallery-item'>\n\t\t\t<dt class='gallery-icon landscape'>\n\t\t\t\t<a href='https:\/\/lacamporena.it\/wp-content\/uploads\/2014\/07\/crostata-alla-frutta.jpg' title=\"\" data-rl_title=\"\" class=\"rl-gallery-link\" data-rl_caption=\"\" data-rel=\"lightbox-gallery-1\"><img width=\"150\" height=\"150\" src=\"https:\/\/lacamporena.it\/wp-content\/uploads\/2014\/07\/crostata-alla-frutta-150x150.jpg\" class=\"attachment-thumbnail size-thumbnail\" alt=\"Dolci toscani corso di cucina\" decoding=\"async\" loading=\"lazy\" srcset=\"https:\/\/lacamporena.it\/wp-content\/uploads\/2014\/07\/crostata-alla-frutta-150x150.jpg 150w, https:\/\/lacamporena.it\/wp-content\/uploads\/2014\/07\/crostata-alla-frutta-157x157.jpg 157w, https:\/\/lacamporena.it\/wp-content\/uploads\/2014\/07\/crostata-alla-frutta-400x400.jpg 400w\" sizes=\"(max-width: 150px) 100vw, 150px\" \/><\/a>\n\t\t\t<\/dt><\/dl><dl class='gallery-item'>\n\t\t\t<dt class='gallery-icon landscape'>\n\t\t\t\t<a href='https:\/\/lacamporena.it\/wp-content\/uploads\/2014\/07\/crostata-fatta-in-casa.jpg' title=\"\" data-rl_title=\"\" class=\"rl-gallery-link\" data-rl_caption=\"\" data-rel=\"lightbox-gallery-1\"><img width=\"150\" height=\"150\" src=\"https:\/\/lacamporena.it\/wp-content\/uploads\/2014\/07\/crostata-fatta-in-casa-150x150.jpg\" class=\"attachment-thumbnail size-thumbnail\" alt=\"Crostata alla frutta Corsi di cucina\" decoding=\"async\" loading=\"lazy\" srcset=\"https:\/\/lacamporena.it\/wp-content\/uploads\/2014\/07\/crostata-fatta-in-casa-150x150.jpg 150w, https:\/\/lacamporena.it\/wp-content\/uploads\/2014\/07\/crostata-fatta-in-casa-157x157.jpg 157w, https:\/\/lacamporena.it\/wp-content\/uploads\/2014\/07\/crostata-fatta-in-casa-400x400.jpg 400w\" sizes=\"(max-width: 150px) 100vw, 150px\" \/><\/a>\n\t\t\t<\/dt><\/dl><br style=\"clear: both\" \/><dl class='gallery-item'>\n\t\t\t<dt class='gallery-icon landscape'>\n\t\t\t\t<a href='https:\/\/lacamporena.it\/wp-content\/uploads\/2014\/07\/crostata-di-frutta-colazione.jpg' title=\"\" data-rl_title=\"\" class=\"rl-gallery-link\" data-rl_caption=\"\" data-rel=\"lightbox-gallery-1\"><img width=\"150\" height=\"150\" src=\"https:\/\/lacamporena.it\/wp-content\/uploads\/2014\/07\/crostata-di-frutta-colazione-150x150.jpg\" class=\"attachment-thumbnail size-thumbnail\" alt=\"Crostata di Frutta per la colazione\" decoding=\"async\" loading=\"lazy\" srcset=\"https:\/\/lacamporena.it\/wp-content\/uploads\/2014\/07\/crostata-di-frutta-colazione-150x150.jpg 150w, https:\/\/lacamporena.it\/wp-content\/uploads\/2014\/07\/crostata-di-frutta-colazione-157x157.jpg 157w, https:\/\/lacamporena.it\/wp-content\/uploads\/2014\/07\/crostata-di-frutta-colazione-400x400.jpg 400w\" sizes=\"(max-width: 150px) 100vw, 150px\" \/><\/a>\n\t\t\t<\/dt><\/dl><dl class='gallery-item'>\n\t\t\t<dt class='gallery-icon portrait'>\n\t\t\t\t<a href='https:\/\/lacamporena.it\/wp-content\/uploads\/2014\/07\/la-scieffa-e-la-sua-opera.jpg' title=\"\" data-rl_title=\"\" class=\"rl-gallery-link\" data-rl_caption=\"\" data-rel=\"lightbox-gallery-1\"><img width=\"150\" height=\"150\" src=\"https:\/\/lacamporena.it\/wp-content\/uploads\/2014\/07\/la-scieffa-e-la-sua-opera-150x150.jpg\" class=\"attachment-thumbnail size-thumbnail\" alt=\"La Scieffa e la sua crostata\" decoding=\"async\" loading=\"lazy\" srcset=\"https:\/\/lacamporena.it\/wp-content\/uploads\/2014\/07\/la-scieffa-e-la-sua-opera-150x150.jpg 150w, https:\/\/lacamporena.it\/wp-content\/uploads\/2014\/07\/la-scieffa-e-la-sua-opera-157x157.jpg 157w, https:\/\/lacamporena.it\/wp-content\/uploads\/2014\/07\/la-scieffa-e-la-sua-opera-400x400.jpg 400w\" sizes=\"(max-width: 150px) 100vw, 150px\" \/><\/a>\n\t\t\t<\/dt><\/dl><dl class='gallery-item'>\n\t\t\t<dt class='gallery-icon landscape'>\n\t\t\t\t<a href='https:\/\/lacamporena.it\/wp-content\/uploads\/2014\/07\/dolci-fatti-in-casa1.jpg' title=\"\" data-rl_title=\"\" class=\"rl-gallery-link\" data-rl_caption=\"\" data-rel=\"lightbox-gallery-1\"><img width=\"150\" height=\"150\" src=\"https:\/\/lacamporena.it\/wp-content\/uploads\/2014\/07\/dolci-fatti-in-casa1-150x150.jpg\" class=\"attachment-thumbnail size-thumbnail\" alt=\"Dolci fatti in casa\" decoding=\"async\" loading=\"lazy\" srcset=\"https:\/\/lacamporena.it\/wp-content\/uploads\/2014\/07\/dolci-fatti-in-casa1-150x150.jpg 150w, https:\/\/lacamporena.it\/wp-content\/uploads\/2014\/07\/dolci-fatti-in-casa1-157x157.jpg 157w, https:\/\/lacamporena.it\/wp-content\/uploads\/2014\/07\/dolci-fatti-in-casa1-400x400.jpg 400w\" sizes=\"(max-width: 150px) 100vw, 150px\" \/><\/a>\n\t\t\t<\/dt><\/dl><br style=\"clear: both\" \/>\n\t\t<\/div>\n\n","protected":false},"excerpt":{"rendered":"<p>Um eine Gebiet wirklich kennenzulernen, muss man auch seine Fr\u00fcchte und Geschm\u00e4cke kennen. Wenn diese Aussage immer gilt, dann erst recht f\u00fcr das Chiantigebiet. . Eine der sch\u00f6nsten Erfahrungen, die Sie in unserem Agriturismo machen k\u00f6nnen, ist, an einem Kochkurs teilzunehmen. Dauer, Thema und Zutaten des Kurses k\u00f6nnen wir gemeinsam festlegen: Ausgehend von der zur [&hellip;]<\/p>\n","protected":false},"author":12,"featured_media":3116,"parent":2681,"menu_order":0,"comment_status":"closed","ping_status":"closed","template":"","meta":{"_expiration-date-status":"saved","_expiration-date":0,"_expiration-date-type":"","_expiration-date-categories":[],"_expiration-date-options":[]},"categories":[],"tags":[],"_links":{"self":[{"href":"https:\/\/lacamporena.it\/index.php?rest_route=\/wp\/v2\/pages\/2691"}],"collection":[{"href":"https:\/\/lacamporena.it\/index.php?rest_route=\/wp\/v2\/pages"}],"about":[{"href":"https:\/\/lacamporena.it\/index.php?rest_route=\/wp\/v2\/types\/page"}],"author":[{"embeddable":true,"href":"https:\/\/lacamporena.it\/index.php?rest_route=\/wp\/v2\/users\/12"}],"replies":[{"embeddable":true,"href":"https:\/\/lacamporena.it\/index.php?rest_route=%2Fwp%2Fv2%2Fcomments&post=2691"}],"version-history":[{"count":0,"href":"https:\/\/lacamporena.it\/index.php?rest_route=\/wp\/v2\/pages\/2691\/revisions"}],"up":[{"embeddable":true,"href":"https:\/\/lacamporena.it\/index.php?rest_route=\/wp\/v2\/pages\/2681"}],"wp:featuredmedia":[{"embeddable":true,"href":"https:\/\/lacamporena.it\/index.php?rest_route=\/wp\/v2\/media\/3116"}],"wp:attachment":[{"href":"https:\/\/lacamporena.it\/index.php?rest_route=%2Fwp%2Fv2%2Fmedia&parent=2691"}],"wp:term":[{"taxonomy":"category","embeddable":true,"href":"https:\/\/lacamporena.it\/index.php?rest_route=%2Fwp%2Fv2%2Fcategories&post=2691"},{"taxonomy":"post_tag","embeddable":true,"href":"https:\/\/lacamporena.it\/index.php?rest_route=%2Fwp%2Fv2%2Ftags&post=2691"}],"curies":[{"name":"wp","href":"https:\/\/api.w.org\/{rel}","templated":true}]}}