{"id":2670,"date":"2014-07-29T10:04:29","date_gmt":"2014-07-29T08:04:29","guid":{"rendered":"http:\/\/www.lacamporena.it\/?page_id=2670"},"modified":"2019-08-04T14:51:03","modified_gmt":"2019-08-04T12:51:03","slug":"suite","status":"publish","type":"page","link":"https:\/\/lacamporena.it\/?page_id=2670","title":{"rendered":"Suite"},"content":{"rendered":"<p style=\"text-align: justify;\">Nicht weit vom &#8220;alten&#8221; Agriturismo entfernt in einem neu errichteten Geb\u00e4ude befinden sich die drei wunderbaren <strong>Suiten <\/strong>des Agriturismo, alle mit einem gro\u03b2en Whirpool augestattet.<\/p>\n<p style=\"text-align: justify;\">Die\u00a0<strong>romantische und bezaubernde <\/strong>Atmosph\u00e4re verwandelt unsere Suiten in einem idealen Ort f\u00fcr entspannende Momente mit einem geliebten Menschen.<\/p>\n<p style=\"text-align: justify;\">Vom gro\u03b2en Bett, auf einfachen Knopfdruck erscheint vor Ihren Augen ein <strong>Whirpool f\u00fcr zwei<\/strong>. Eingetaucht in den sprudelnden Schaum des Whirpool in Ihrer Suite, erfrischt von der <strong>Cromoteraphie<\/strong>, eingeh\u00fcllt vom verf\u00fchrerischen Schimmer der unz\u00e4hligen kleinen Lichtquellen, k\u00f6nnen Sie mit Ihrem Partner sehr personliches Momente des Gl\u00fccks erleben. Jeden Morgen servieren wir das <strong>Fruhst\u00fcck<\/strong> in Ihrer Suite, ohne irgendeine St\u00f6rung f\u00fcr Sie, denn wir lassen das Tablett drau\u03b2en vor der T\u00fcr an dem daf\u00fcr vorgesehenen Platz.<\/p>\n<p style=\"text-align: justify;\">Und wenn Sie Ihre idyllische Umgebung gar nicht verlassen m\u00f6chten, k\u00f6nnen Sie<strong> in Ihrer Suite auch zu Abend essen<\/strong>, begleitet von den D\u00fcften unserer K\u00fcche und bei zartem Lichtschein.<\/p>\n<p style=\"text-align: justify;\">Jede Suite mit einem Whirpool f\u00fcr Zwei ist ausgestattet in Leder und verf\u00fcgt\u00a0\u00fcber eine Cromotherapie. Dar\u00fcber hinaus finden Sie in jeder Suite eine kleine Anrichte zur Zubereitung von Kaffee und Tee, einen Tisch f\u00fcr romantische Abendessen, einen hochmodernen Fernseher mit Sorround-Effekt sowie einen Ausblick auf die unbeschreibliche Chianti-Landschaft.<\/p>\n<p style=\"text-align: justify;\">Damit Sie jeden Augenblick voll und ganz genie\u03b2en k\u00f6nnen, lassen wir Ihnen mit dem\u00a0<strong>Check out<\/strong>\u00a0gerne Zeit bis 12 Uhr.<\/p>\n<p style=\"text-align: justify;\">Die erlesene Ausstattung, die wohl\u00fcberlegte Auswahl bis ins kleinste Detail und die warme Atmosph\u00e4re verf\u00fchren Sie, jeden Augenblick in der Suite mit Whirpool unseres Agriturismo <strong>wie einen Traum zu erleben<\/strong>!<\/p>\n\n\t\t<style type=\"text\/css\">\n\t\t\t#gallery-1 {\n\t\t\t\tmargin: auto;\n\t\t\t}\n\t\t\t#gallery-1 .gallery-item {\n\t\t\t\tfloat: left;\n\t\t\t\tmargin-top: 10px;\n\t\t\t\ttext-align: center;\n\t\t\t\twidth: 33%;\n\t\t\t}\n\t\t\t#gallery-1 img {\n\t\t\t\tborder: 2px solid #cfcfcf;\n\t\t\t}\n\t\t\t#gallery-1 .gallery-caption {\n\t\t\t\tmargin-left: 0;\n\t\t\t}\n\t\t\t\/* see gallery_shortcode() in wp-includes\/media.php *\/\n\t\t<\/style>\n\t\t<div id='gallery-1' class='gallery galleryid-2670 gallery-columns-3 gallery-size-thumbnail'><dl class='gallery-item'>\n\t\t\t<dt class='gallery-icon landscape'>\n\t\t\t\t<a href='https:\/\/lacamporena.it\/wp-content\/uploads\/2014\/07\/3973-FILEminimizer.jpg' title=\"\" data-rl_title=\"\" class=\"rl-gallery-link\" data-rl_caption=\"\" data-rel=\"lightbox-gallery-1\"><img width=\"150\" height=\"150\" src=\"https:\/\/lacamporena.it\/wp-content\/uploads\/2014\/07\/3973-FILEminimizer-150x150.jpg\" class=\"attachment-thumbnail size-thumbnail\" alt=\"Suite romantica in Toscana\" decoding=\"async\" loading=\"lazy\" srcset=\"https:\/\/lacamporena.it\/wp-content\/uploads\/2014\/07\/3973-FILEminimizer-150x150.jpg 150w, https:\/\/lacamporena.it\/wp-content\/uploads\/2014\/07\/3973-FILEminimizer-157x157.jpg 157w, https:\/\/lacamporena.it\/wp-content\/uploads\/2014\/07\/3973-FILEminimizer-400x400.jpg 400w\" sizes=\"(max-width: 150px) 100vw, 150px\" \/><\/a>\n\t\t\t<\/dt><\/dl><dl class='gallery-item'>\n\t\t\t<dt class='gallery-icon landscape'>\n\t\t\t\t<a href='https:\/\/lacamporena.it\/wp-content\/uploads\/2014\/07\/3986-FILEminimizer.jpg' title=\"\" data-rl_title=\"\" class=\"rl-gallery-link\" data-rl_caption=\"\" data-rel=\"lightbox-gallery-1\"><img width=\"150\" height=\"150\" src=\"https:\/\/lacamporena.it\/wp-content\/uploads\/2014\/07\/3986-FILEminimizer-150x150.jpg\" class=\"attachment-thumbnail size-thumbnail\" alt=\"Suite con atmosfera romantica in Chianti\" decoding=\"async\" loading=\"lazy\" srcset=\"https:\/\/lacamporena.it\/wp-content\/uploads\/2014\/07\/3986-FILEminimizer-150x150.jpg 150w, https:\/\/lacamporena.it\/wp-content\/uploads\/2014\/07\/3986-FILEminimizer-157x157.jpg 157w, https:\/\/lacamporena.it\/wp-content\/uploads\/2014\/07\/3986-FILEminimizer-400x400.jpg 400w\" sizes=\"(max-width: 150px) 100vw, 150px\" \/><\/a>\n\t\t\t<\/dt><\/dl><dl class='gallery-item'>\n\t\t\t<dt class='gallery-icon landscape'>\n\t\t\t\t<a href='https:\/\/lacamporena.it\/wp-content\/uploads\/2014\/07\/panoramica-suite-1-2-FILEminimizer1.jpg' title=\"\" data-rl_title=\"\" class=\"rl-gallery-link\" data-rl_caption=\"\" data-rel=\"lightbox-gallery-1\"><img width=\"150\" height=\"150\" src=\"https:\/\/lacamporena.it\/wp-content\/uploads\/2014\/07\/panoramica-suite-1-2-FILEminimizer1-150x150.jpg\" class=\"attachment-thumbnail size-thumbnail\" alt=\"Vasca idromassaggio in camera romantica\" decoding=\"async\" loading=\"lazy\" srcset=\"https:\/\/lacamporena.it\/wp-content\/uploads\/2014\/07\/panoramica-suite-1-2-FILEminimizer1-150x150.jpg 150w, https:\/\/lacamporena.it\/wp-content\/uploads\/2014\/07\/panoramica-suite-1-2-FILEminimizer1-157x157.jpg 157w, https:\/\/lacamporena.it\/wp-content\/uploads\/2014\/07\/panoramica-suite-1-2-FILEminimizer1-400x400.jpg 400w\" sizes=\"(max-width: 150px) 100vw, 150px\" \/><\/a>\n\t\t\t<\/dt><\/dl><br style=\"clear: both\" \/><dl class='gallery-item'>\n\t\t\t<dt class='gallery-icon landscape'>\n\t\t\t\t<a href='https:\/\/lacamporena.it\/wp-content\/uploads\/2014\/07\/4007-FILEminimizer.jpg' title=\"\" data-rl_title=\"\" class=\"rl-gallery-link\" data-rl_caption=\"\" data-rel=\"lightbox-gallery-1\"><img width=\"150\" height=\"150\" src=\"https:\/\/lacamporena.it\/wp-content\/uploads\/2014\/07\/4007-FILEminimizer-150x150.jpg\" class=\"attachment-thumbnail size-thumbnail\" alt=\"Suite romantica con idromassaggio\" decoding=\"async\" loading=\"lazy\" srcset=\"https:\/\/lacamporena.it\/wp-content\/uploads\/2014\/07\/4007-FILEminimizer-150x150.jpg 150w, https:\/\/lacamporena.it\/wp-content\/uploads\/2014\/07\/4007-FILEminimizer-157x157.jpg 157w, https:\/\/lacamporena.it\/wp-content\/uploads\/2014\/07\/4007-FILEminimizer-400x400.jpg 400w\" sizes=\"(max-width: 150px) 100vw, 150px\" \/><\/a>\n\t\t\t<\/dt><\/dl><dl class='gallery-item'>\n\t\t\t<dt class='gallery-icon landscape'>\n\t\t\t\t<a href='https:\/\/lacamporena.it\/wp-content\/uploads\/2014\/07\/4016-FILEminimizer.jpg' title=\"\" data-rl_title=\"\" class=\"rl-gallery-link\" data-rl_caption=\"\" data-rel=\"lightbox-gallery-1\"><img width=\"150\" height=\"150\" src=\"https:\/\/lacamporena.it\/wp-content\/uploads\/2014\/07\/4016-FILEminimizer-150x150.jpg\" class=\"attachment-thumbnail size-thumbnail\" alt=\"Suite con idromassaggio Agriturismo Anna\" decoding=\"async\" loading=\"lazy\" srcset=\"https:\/\/lacamporena.it\/wp-content\/uploads\/2014\/07\/4016-FILEminimizer-150x150.jpg 150w, https:\/\/lacamporena.it\/wp-content\/uploads\/2014\/07\/4016-FILEminimizer-157x157.jpg 157w, https:\/\/lacamporena.it\/wp-content\/uploads\/2014\/07\/4016-FILEminimizer-400x400.jpg 400w\" sizes=\"(max-width: 150px) 100vw, 150px\" \/><\/a>\n\t\t\t<\/dt><\/dl><dl class='gallery-item'>\n\t\t\t<dt class='gallery-icon landscape'>\n\t\t\t\t<a href='https:\/\/lacamporena.it\/wp-content\/uploads\/2014\/07\/panoramica-suite-2-FILEminimizer.jpg' title=\"\" data-rl_title=\"\" class=\"rl-gallery-link\" data-rl_caption=\"\" data-rel=\"lightbox-gallery-1\"><img width=\"150\" height=\"150\" src=\"https:\/\/lacamporena.it\/wp-content\/uploads\/2014\/07\/panoramica-suite-2-FILEminimizer-150x150.jpg\" class=\"attachment-thumbnail size-thumbnail\" alt=\"Suite romantica in Chianti\" decoding=\"async\" loading=\"lazy\" srcset=\"https:\/\/lacamporena.it\/wp-content\/uploads\/2014\/07\/panoramica-suite-2-FILEminimizer-150x150.jpg 150w, https:\/\/lacamporena.it\/wp-content\/uploads\/2014\/07\/panoramica-suite-2-FILEminimizer-157x157.jpg 157w, https:\/\/lacamporena.it\/wp-content\/uploads\/2014\/07\/panoramica-suite-2-FILEminimizer-400x400.jpg 400w\" sizes=\"(max-width: 150px) 100vw, 150px\" \/><\/a>\n\t\t\t<\/dt><\/dl><br style=\"clear: both\" \/><dl class='gallery-item'>\n\t\t\t<dt class='gallery-icon landscape'>\n\t\t\t\t<a href='https:\/\/lacamporena.it\/wp-content\/uploads\/2014\/07\/panoramica-suite-2-fronte-collage-FILEminimizer.jpg' title=\"\" data-rl_title=\"\" class=\"rl-gallery-link\" data-rl_caption=\"\" data-rel=\"lightbox-gallery-1\"><img width=\"150\" height=\"150\" src=\"https:\/\/lacamporena.it\/wp-content\/uploads\/2014\/07\/panoramica-suite-2-fronte-collage-FILEminimizer-150x150.jpg\" class=\"attachment-thumbnail size-thumbnail\" alt=\"Cena in camera suite agriturismo\" decoding=\"async\" loading=\"lazy\" srcset=\"https:\/\/lacamporena.it\/wp-content\/uploads\/2014\/07\/panoramica-suite-2-fronte-collage-FILEminimizer-150x150.jpg 150w, https:\/\/lacamporena.it\/wp-content\/uploads\/2014\/07\/panoramica-suite-2-fronte-collage-FILEminimizer-157x157.jpg 157w, https:\/\/lacamporena.it\/wp-content\/uploads\/2014\/07\/panoramica-suite-2-fronte-collage-FILEminimizer-400x400.jpg 400w\" sizes=\"(max-width: 150px) 100vw, 150px\" \/><\/a>\n\t\t\t<\/dt><\/dl><dl class='gallery-item'>\n\t\t\t<dt class='gallery-icon landscape'>\n\t\t\t\t<a href='https:\/\/lacamporena.it\/wp-content\/uploads\/2014\/07\/4033-FILEminimizer.jpg' title=\"\" data-rl_title=\"\" class=\"rl-gallery-link\" data-rl_caption=\"\" data-rel=\"lightbox-gallery-1\"><img width=\"150\" height=\"150\" src=\"https:\/\/lacamporena.it\/wp-content\/uploads\/2014\/07\/4033-FILEminimizer-150x150.jpg\" class=\"attachment-thumbnail size-thumbnail\" alt=\"Suite con vasca idromassaggio in Toscana\" decoding=\"async\" loading=\"lazy\" srcset=\"https:\/\/lacamporena.it\/wp-content\/uploads\/2014\/07\/4033-FILEminimizer-150x150.jpg 150w, https:\/\/lacamporena.it\/wp-content\/uploads\/2014\/07\/4033-FILEminimizer-157x157.jpg 157w, https:\/\/lacamporena.it\/wp-content\/uploads\/2014\/07\/4033-FILEminimizer-400x400.jpg 400w\" sizes=\"(max-width: 150px) 100vw, 150px\" \/><\/a>\n\t\t\t<\/dt><\/dl><dl class='gallery-item'>\n\t\t\t<dt class='gallery-icon landscape'>\n\t\t\t\t<a href='https:\/\/lacamporena.it\/wp-content\/uploads\/2014\/07\/4045-FILEminimizer.jpg' title=\"\" data-rl_title=\"\" class=\"rl-gallery-link\" data-rl_caption=\"\" data-rel=\"lightbox-gallery-1\"><img width=\"150\" height=\"150\" src=\"https:\/\/lacamporena.it\/wp-content\/uploads\/2014\/07\/4045-FILEminimizer-150x150.jpg\" class=\"attachment-thumbnail size-thumbnail\" alt=\"Suite Agriturismo Anna\" decoding=\"async\" loading=\"lazy\" srcset=\"https:\/\/lacamporena.it\/wp-content\/uploads\/2014\/07\/4045-FILEminimizer-150x150.jpg 150w, https:\/\/lacamporena.it\/wp-content\/uploads\/2014\/07\/4045-FILEminimizer-157x157.jpg 157w, https:\/\/lacamporena.it\/wp-content\/uploads\/2014\/07\/4045-FILEminimizer-400x400.jpg 400w\" sizes=\"(max-width: 150px) 100vw, 150px\" \/><\/a>\n\t\t\t<\/dt><\/dl><br style=\"clear: both\" \/><dl class='gallery-item'>\n\t\t\t<dt class='gallery-icon landscape'>\n\t\t\t\t<a href='https:\/\/lacamporena.it\/wp-content\/uploads\/2014\/07\/4048-FILEminimizer.jpg' title=\"\" data-rl_title=\"\" class=\"rl-gallery-link\" data-rl_caption=\"\" data-rel=\"lightbox-gallery-1\"><img width=\"150\" height=\"150\" src=\"https:\/\/lacamporena.it\/wp-content\/uploads\/2014\/07\/4048-FILEminimizer-150x150.jpg\" class=\"attachment-thumbnail size-thumbnail\" alt=\"Suite con vasca idromassaggio in camera toscana\" decoding=\"async\" loading=\"lazy\" srcset=\"https:\/\/lacamporena.it\/wp-content\/uploads\/2014\/07\/4048-FILEminimizer-150x150.jpg 150w, https:\/\/lacamporena.it\/wp-content\/uploads\/2014\/07\/4048-FILEminimizer-157x157.jpg 157w, https:\/\/lacamporena.it\/wp-content\/uploads\/2014\/07\/4048-FILEminimizer-400x400.jpg 400w\" sizes=\"(max-width: 150px) 100vw, 150px\" \/><\/a>\n\t\t\t<\/dt><\/dl><dl class='gallery-item'>\n\t\t\t<dt class='gallery-icon landscape'>\n\t\t\t\t<a href='https:\/\/lacamporena.it\/wp-content\/uploads\/2014\/07\/panoramica-suite-3-FILEminimizer1.jpg' title=\"\" data-rl_title=\"\" class=\"rl-gallery-link\" data-rl_caption=\"\" data-rel=\"lightbox-gallery-1\"><img width=\"150\" height=\"150\" src=\"https:\/\/lacamporena.it\/wp-content\/uploads\/2014\/07\/panoramica-suite-3-FILEminimizer1-150x150.jpg\" class=\"attachment-thumbnail size-thumbnail\" alt=\"Suite con vasca idromassaggio in Chianti\" decoding=\"async\" loading=\"lazy\" srcset=\"https:\/\/lacamporena.it\/wp-content\/uploads\/2014\/07\/panoramica-suite-3-FILEminimizer1-150x150.jpg 150w, https:\/\/lacamporena.it\/wp-content\/uploads\/2014\/07\/panoramica-suite-3-FILEminimizer1-157x157.jpg 157w, https:\/\/lacamporena.it\/wp-content\/uploads\/2014\/07\/panoramica-suite-3-FILEminimizer1-400x400.jpg 400w\" sizes=\"(max-width: 150px) 100vw, 150px\" \/><\/a>\n\t\t\t<\/dt><\/dl><dl class='gallery-item'>\n\t\t\t<dt class='gallery-icon landscape'>\n\t\t\t\t<a href='https:\/\/lacamporena.it\/wp-content\/uploads\/2014\/07\/panoramica-suite-3-lato-FILEminimizer.jpg' title=\"\" data-rl_title=\"\" class=\"rl-gallery-link\" data-rl_caption=\"\" data-rel=\"lightbox-gallery-1\"><img width=\"150\" height=\"150\" src=\"https:\/\/lacamporena.it\/wp-content\/uploads\/2014\/07\/panoramica-suite-3-lato-FILEminimizer-150x150.jpg\" class=\"attachment-thumbnail size-thumbnail\" alt=\"Agriturismo con suite\" decoding=\"async\" loading=\"lazy\" srcset=\"https:\/\/lacamporena.it\/wp-content\/uploads\/2014\/07\/panoramica-suite-3-lato-FILEminimizer-150x150.jpg 150w, https:\/\/lacamporena.it\/wp-content\/uploads\/2014\/07\/panoramica-suite-3-lato-FILEminimizer-157x157.jpg 157w, https:\/\/lacamporena.it\/wp-content\/uploads\/2014\/07\/panoramica-suite-3-lato-FILEminimizer-400x400.jpg 400w\" sizes=\"(max-width: 150px) 100vw, 150px\" \/><\/a>\n\t\t\t<\/dt><\/dl><br style=\"clear: both\" \/>\n\t\t<\/div>\n\n<p>&nbsp;<\/p>\n","protected":false},"excerpt":{"rendered":"<p>Nicht weit vom &#8220;alten&#8221; Agriturismo entfernt in einem neu errichteten Geb\u00e4ude befinden sich die drei wunderbaren Suiten des Agriturismo, alle mit einem gro\u03b2en Whirpool augestattet. Die\u00a0romantische und bezaubernde Atmosph\u00e4re verwandelt unsere Suiten in einem idealen Ort f\u00fcr entspannende Momente mit einem geliebten Menschen. Vom gro\u03b2en Bett, auf einfachen Knopfdruck erscheint vor Ihren Augen ein Whirpool [&hellip;]<\/p>\n","protected":false},"author":12,"featured_media":3270,"parent":2767,"menu_order":0,"comment_status":"open","ping_status":"open","template":"","meta":{"_expiration-date-status":"saved","_expiration-date":0,"_expiration-date-type":"","_expiration-date-categories":[],"_expiration-date-options":[]},"categories":[],"tags":[],"_links":{"self":[{"href":"https:\/\/lacamporena.it\/index.php?rest_route=\/wp\/v2\/pages\/2670"}],"collection":[{"href":"https:\/\/lacamporena.it\/index.php?rest_route=\/wp\/v2\/pages"}],"about":[{"href":"https:\/\/lacamporena.it\/index.php?rest_route=\/wp\/v2\/types\/page"}],"author":[{"embeddable":true,"href":"https:\/\/lacamporena.it\/index.php?rest_route=\/wp\/v2\/users\/12"}],"replies":[{"embeddable":true,"href":"https:\/\/lacamporena.it\/index.php?rest_route=%2Fwp%2Fv2%2Fcomments&post=2670"}],"version-history":[{"count":1,"href":"https:\/\/lacamporena.it\/index.php?rest_route=\/wp\/v2\/pages\/2670\/revisions"}],"predecessor-version":[{"id":5159,"href":"https:\/\/lacamporena.it\/index.php?rest_route=\/wp\/v2\/pages\/2670\/revisions\/5159"}],"up":[{"embeddable":true,"href":"https:\/\/lacamporena.it\/index.php?rest_route=\/wp\/v2\/pages\/2767"}],"wp:featuredmedia":[{"embeddable":true,"href":"https:\/\/lacamporena.it\/index.php?rest_route=\/wp\/v2\/media\/3270"}],"wp:attachment":[{"href":"https:\/\/lacamporena.it\/index.php?rest_route=%2Fwp%2Fv2%2Fmedia&parent=2670"}],"wp:term":[{"taxonomy":"category","embeddable":true,"href":"https:\/\/lacamporena.it\/index.php?rest_route=%2Fwp%2Fv2%2Fcategories&post=2670"},{"taxonomy":"post_tag","embeddable":true,"href":"https:\/\/lacamporena.it\/index.php?rest_route=%2Fwp%2Fv2%2Ftags&post=2670"}],"curies":[{"name":"wp","href":"https:\/\/api.w.org\/{rel}","templated":true}]}}