{"id":2629,"date":"2014-07-21T14:20:08","date_gmt":"2014-07-21T12:20:08","guid":{"rendered":"http:\/\/www.lacamporena.it\/classic-2\/"},"modified":"2019-08-04T14:50:09","modified_gmt":"2019-08-04T12:50:09","slug":"classic","status":"publish","type":"page","link":"https:\/\/lacamporena.it\/?page_id=2629","title":{"rendered":"Classic"},"content":{"rendered":"<p style=\"text-align: justify;\">Die 12 romantische \u201c<strong>Classic<\/strong>\u201d-Zimmer des Agriturismo, 9 als Doppelzimmer und 3 als Einzelzimmer, befinden sie sich alle im alten aus Stein errichteten Landhaus aus dem 15. Jahrhundert. Nach der k\u00fcrzlich erfolgten Renovierung hat nun jedes Zimmer sein ganz eigenes Erscheinungsbild nach Form und Gr\u00f6\u03b2e. Alle Zimmer verf\u00fcgen\u00a0\u00fcber ein eigenes Bad, sie sind sorgf\u00e4ltig und dem l\u00e4ndlichen Stil des Hauses entsprechend behaglich eingerichtet, jedes in einem anderen Farbton bis hin zur Ausstattung. Zu einigen Zimmern geh\u00f6rt eine Terrasse mit Blick\u00a0\u00fcber den Pool bis in die weite Umgebung. Der Komfort jedes einzelnen Zimmer, die <strong>gehobene Atmosph\u00e4re, <\/strong>die nur vom Zipern der Grillen unterbroche Stille verhelfen Ihnen im Sommer zu angenehmen, gl\u00fccklichen Tr\u00e4umen.<\/p>\n<p>Check-out bis 10:00 Uhr<\/p>\n\n\t\t<style type=\"text\/css\">\n\t\t\t#gallery-1 {\n\t\t\t\tmargin: auto;\n\t\t\t}\n\t\t\t#gallery-1 .gallery-item {\n\t\t\t\tfloat: left;\n\t\t\t\tmargin-top: 10px;\n\t\t\t\ttext-align: center;\n\t\t\t\twidth: 33%;\n\t\t\t}\n\t\t\t#gallery-1 img {\n\t\t\t\tborder: 2px solid #cfcfcf;\n\t\t\t}\n\t\t\t#gallery-1 .gallery-caption {\n\t\t\t\tmargin-left: 0;\n\t\t\t}\n\t\t\t\/* see gallery_shortcode() in wp-includes\/media.php *\/\n\t\t<\/style>\n\t\t<div id='gallery-1' class='gallery galleryid-2629 gallery-columns-3 gallery-size-thumbnail'><dl class='gallery-item'>\n\t\t\t<dt class='gallery-icon landscape'>\n\t\t\t\t<a href='https:\/\/lacamporena.it\/wp-content\/uploads\/2014\/07\/camera-classic-romantica1.jpg' title=\"\" data-rl_title=\"\" class=\"rl-gallery-link\" data-rl_caption=\"\" data-rel=\"lightbox-gallery-1\"><img width=\"150\" height=\"150\" src=\"https:\/\/lacamporena.it\/wp-content\/uploads\/2014\/07\/camera-classic-romantica1-150x150.jpg\" class=\"attachment-thumbnail size-thumbnail\" alt=\"Camera Classic\" decoding=\"async\" loading=\"lazy\" srcset=\"https:\/\/lacamporena.it\/wp-content\/uploads\/2014\/07\/camera-classic-romantica1-150x150.jpg 150w, https:\/\/lacamporena.it\/wp-content\/uploads\/2014\/07\/camera-classic-romantica1-50x50.jpg 50w, https:\/\/lacamporena.it\/wp-content\/uploads\/2014\/07\/camera-classic-romantica1-90x90.jpg 90w, https:\/\/lacamporena.it\/wp-content\/uploads\/2014\/07\/camera-classic-romantica1-300x300.jpg 300w\" sizes=\"(max-width: 150px) 100vw, 150px\" \/><\/a>\n\t\t\t<\/dt><\/dl><dl class='gallery-item'>\n\t\t\t<dt class='gallery-icon landscape'>\n\t\t\t\t<a href='https:\/\/lacamporena.it\/wp-content\/uploads\/2014\/07\/camera-classic-atmosfera-romantica.jpg' title=\"\" data-rl_title=\"\" class=\"rl-gallery-link\" data-rl_caption=\"\" data-rel=\"lightbox-gallery-1\"><img width=\"150\" height=\"150\" src=\"https:\/\/lacamporena.it\/wp-content\/uploads\/2014\/07\/camera-classic-atmosfera-romantica-150x150.jpg\" class=\"attachment-thumbnail size-thumbnail\" alt=\"Camera romantica agriturismo in Chianti\" decoding=\"async\" loading=\"lazy\" srcset=\"https:\/\/lacamporena.it\/wp-content\/uploads\/2014\/07\/camera-classic-atmosfera-romantica-150x150.jpg 150w, https:\/\/lacamporena.it\/wp-content\/uploads\/2014\/07\/camera-classic-atmosfera-romantica-157x157.jpg 157w, https:\/\/lacamporena.it\/wp-content\/uploads\/2014\/07\/camera-classic-atmosfera-romantica-400x400.jpg 400w\" sizes=\"(max-width: 150px) 100vw, 150px\" \/><\/a>\n\t\t\t<\/dt><\/dl><dl class='gallery-item'>\n\t\t\t<dt class='gallery-icon landscape'>\n\t\t\t\t<a href='https:\/\/lacamporena.it\/wp-content\/uploads\/2014\/07\/particolare-romontico-camera-classic.jpg' title=\"\" data-rl_title=\"\" class=\"rl-gallery-link\" data-rl_caption=\"\" data-rel=\"lightbox-gallery-1\"><img width=\"150\" height=\"150\" src=\"https:\/\/lacamporena.it\/wp-content\/uploads\/2014\/07\/particolare-romontico-camera-classic-150x150.jpg\" class=\"attachment-thumbnail size-thumbnail\" alt=\"Particolare romantico Camera Classic\" decoding=\"async\" loading=\"lazy\" srcset=\"https:\/\/lacamporena.it\/wp-content\/uploads\/2014\/07\/particolare-romontico-camera-classic-150x150.jpg 150w, https:\/\/lacamporena.it\/wp-content\/uploads\/2014\/07\/particolare-romontico-camera-classic-157x157.jpg 157w, https:\/\/lacamporena.it\/wp-content\/uploads\/2014\/07\/particolare-romontico-camera-classic-400x400.jpg 400w\" sizes=\"(max-width: 150px) 100vw, 150px\" \/><\/a>\n\t\t\t<\/dt><\/dl><br style=\"clear: both\" \/><dl class='gallery-item'>\n\t\t\t<dt class='gallery-icon landscape'>\n\t\t\t\t<a href='https:\/\/lacamporena.it\/wp-content\/uploads\/2014\/07\/agriturismo-anna-camera-doppia-classic.jpg' title=\"\" data-rl_title=\"\" class=\"rl-gallery-link\" data-rl_caption=\"\" data-rel=\"lightbox-gallery-1\"><img width=\"150\" height=\"150\" src=\"https:\/\/lacamporena.it\/wp-content\/uploads\/2014\/07\/agriturismo-anna-camera-doppia-classic-150x150.jpg\" class=\"attachment-thumbnail size-thumbnail\" alt=\"Agriturismo Anna camera doppia classic\" decoding=\"async\" loading=\"lazy\" srcset=\"https:\/\/lacamporena.it\/wp-content\/uploads\/2014\/07\/agriturismo-anna-camera-doppia-classic-150x150.jpg 150w, https:\/\/lacamporena.it\/wp-content\/uploads\/2014\/07\/agriturismo-anna-camera-doppia-classic-157x157.jpg 157w, https:\/\/lacamporena.it\/wp-content\/uploads\/2014\/07\/agriturismo-anna-camera-doppia-classic-400x400.jpg 400w\" sizes=\"(max-width: 150px) 100vw, 150px\" \/><\/a>\n\t\t\t<\/dt><\/dl><dl class='gallery-item'>\n\t\t\t<dt class='gallery-icon landscape'>\n\t\t\t\t<a href='https:\/\/lacamporena.it\/wp-content\/uploads\/2014\/07\/terrazzo-privato-in-camera.jpg' title=\"\" data-rl_title=\"\" class=\"rl-gallery-link\" data-rl_caption=\"\" data-rel=\"lightbox-gallery-1\"><img width=\"150\" height=\"150\" src=\"https:\/\/lacamporena.it\/wp-content\/uploads\/2014\/07\/terrazzo-privato-in-camera-150x150.jpg\" class=\"attachment-thumbnail size-thumbnail\" alt=\"Terrazzo privato in camera nel Chianti\" decoding=\"async\" loading=\"lazy\" srcset=\"https:\/\/lacamporena.it\/wp-content\/uploads\/2014\/07\/terrazzo-privato-in-camera-150x150.jpg 150w, https:\/\/lacamporena.it\/wp-content\/uploads\/2014\/07\/terrazzo-privato-in-camera-157x157.jpg 157w, https:\/\/lacamporena.it\/wp-content\/uploads\/2014\/07\/terrazzo-privato-in-camera-400x400.jpg 400w\" sizes=\"(max-width: 150px) 100vw, 150px\" \/><\/a>\n\t\t\t<\/dt><\/dl><dl class='gallery-item'>\n\t\t\t<dt class='gallery-icon portrait'>\n\t\t\t\t<a href='https:\/\/lacamporena.it\/wp-content\/uploads\/2014\/07\/servizio-in-camera-agriturismo-anna.jpg' title=\"\" data-rl_title=\"\" class=\"rl-gallery-link\" data-rl_caption=\"\" data-rel=\"lightbox-gallery-1\"><img width=\"150\" height=\"150\" src=\"https:\/\/lacamporena.it\/wp-content\/uploads\/2014\/07\/servizio-in-camera-agriturismo-anna-150x150.jpg\" class=\"attachment-thumbnail size-thumbnail\" alt=\"Servizio in camera Agriturismo Anna\" decoding=\"async\" loading=\"lazy\" srcset=\"https:\/\/lacamporena.it\/wp-content\/uploads\/2014\/07\/servizio-in-camera-agriturismo-anna-150x150.jpg 150w, https:\/\/lacamporena.it\/wp-content\/uploads\/2014\/07\/servizio-in-camera-agriturismo-anna-157x157.jpg 157w, https:\/\/lacamporena.it\/wp-content\/uploads\/2014\/07\/servizio-in-camera-agriturismo-anna-400x400.jpg 400w\" sizes=\"(max-width: 150px) 100vw, 150px\" \/><\/a>\n\t\t\t<\/dt><\/dl><br style=\"clear: both\" \/><dl class='gallery-item'>\n\t\t\t<dt class='gallery-icon landscape'>\n\t\t\t\t<a href='https:\/\/lacamporena.it\/wp-content\/uploads\/2014\/07\/terrazzo-privato-in-camera-agriturismo-anna.jpg' title=\"\" data-rl_title=\"\" class=\"rl-gallery-link\" data-rl_caption=\"\" data-rel=\"lightbox-gallery-1\"><img width=\"150\" height=\"150\" src=\"https:\/\/lacamporena.it\/wp-content\/uploads\/2014\/07\/terrazzo-privato-in-camera-agriturismo-anna-150x150.jpg\" class=\"attachment-thumbnail size-thumbnail\" alt=\"Terrazzo privato in camera Agriturismo\" decoding=\"async\" loading=\"lazy\" srcset=\"https:\/\/lacamporena.it\/wp-content\/uploads\/2014\/07\/terrazzo-privato-in-camera-agriturismo-anna-150x150.jpg 150w, https:\/\/lacamporena.it\/wp-content\/uploads\/2014\/07\/terrazzo-privato-in-camera-agriturismo-anna-157x157.jpg 157w, https:\/\/lacamporena.it\/wp-content\/uploads\/2014\/07\/terrazzo-privato-in-camera-agriturismo-anna-400x400.jpg 400w\" sizes=\"(max-width: 150px) 100vw, 150px\" \/><\/a>\n\t\t\t<\/dt><\/dl><dl class='gallery-item'>\n\t\t\t<dt class='gallery-icon landscape'>\n\t\t\t\t<a href='https:\/\/lacamporena.it\/wp-content\/uploads\/2014\/07\/particolare-camera-matrimoniale.jpg' title=\"\" data-rl_title=\"\" class=\"rl-gallery-link\" data-rl_caption=\"\" data-rel=\"lightbox-gallery-1\"><img width=\"150\" height=\"150\" src=\"https:\/\/lacamporena.it\/wp-content\/uploads\/2014\/07\/particolare-camera-matrimoniale-150x150.jpg\" class=\"attachment-thumbnail size-thumbnail\" alt=\"Camera Classic Agriturismo Anna\" decoding=\"async\" loading=\"lazy\" srcset=\"https:\/\/lacamporena.it\/wp-content\/uploads\/2014\/07\/particolare-camera-matrimoniale-150x150.jpg 150w, https:\/\/lacamporena.it\/wp-content\/uploads\/2014\/07\/particolare-camera-matrimoniale-157x157.jpg 157w, https:\/\/lacamporena.it\/wp-content\/uploads\/2014\/07\/particolare-camera-matrimoniale-400x400.jpg 400w\" sizes=\"(max-width: 150px) 100vw, 150px\" \/><\/a>\n\t\t\t<\/dt><\/dl><dl class='gallery-item'>\n\t\t\t<dt class='gallery-icon portrait'>\n\t\t\t\t<a href='https:\/\/lacamporena.it\/wp-content\/uploads\/2014\/07\/camera-matrimoniale-agriturismo-in-chianti.jpg' title=\"\" data-rl_title=\"\" class=\"rl-gallery-link\" data-rl_caption=\"\" data-rel=\"lightbox-gallery-1\"><img width=\"150\" height=\"150\" src=\"https:\/\/lacamporena.it\/wp-content\/uploads\/2014\/07\/camera-matrimoniale-agriturismo-in-chianti-150x150.jpg\" class=\"attachment-thumbnail size-thumbnail\" alt=\"Agriturismo con camere a Greve in Chianti\" decoding=\"async\" loading=\"lazy\" srcset=\"https:\/\/lacamporena.it\/wp-content\/uploads\/2014\/07\/camera-matrimoniale-agriturismo-in-chianti-150x150.jpg 150w, https:\/\/lacamporena.it\/wp-content\/uploads\/2014\/07\/camera-matrimoniale-agriturismo-in-chianti-157x157.jpg 157w, https:\/\/lacamporena.it\/wp-content\/uploads\/2014\/07\/camera-matrimoniale-agriturismo-in-chianti-400x400.jpg 400w\" sizes=\"(max-width: 150px) 100vw, 150px\" \/><\/a>\n\t\t\t<\/dt><\/dl><br style=\"clear: both\" \/><dl class='gallery-item'>\n\t\t\t<dt class='gallery-icon landscape'>\n\t\t\t\t<a href='https:\/\/lacamporena.it\/wp-content\/uploads\/2014\/07\/camera-con-vista-sul-chianti.jpg' title=\"\" data-rl_title=\"\" class=\"rl-gallery-link\" data-rl_caption=\"\" data-rel=\"lightbox-gallery-1\"><img width=\"150\" height=\"150\" src=\"https:\/\/lacamporena.it\/wp-content\/uploads\/2014\/07\/camera-con-vista-sul-chianti-150x150.jpg\" class=\"attachment-thumbnail size-thumbnail\" alt=\"Camera con vista sul Chianti\" decoding=\"async\" loading=\"lazy\" srcset=\"https:\/\/lacamporena.it\/wp-content\/uploads\/2014\/07\/camera-con-vista-sul-chianti-150x150.jpg 150w, https:\/\/lacamporena.it\/wp-content\/uploads\/2014\/07\/camera-con-vista-sul-chianti-157x157.jpg 157w, https:\/\/lacamporena.it\/wp-content\/uploads\/2014\/07\/camera-con-vista-sul-chianti-400x400.jpg 400w\" sizes=\"(max-width: 150px) 100vw, 150px\" \/><\/a>\n\t\t\t<\/dt><\/dl><dl class='gallery-item'>\n\t\t\t<dt class='gallery-icon landscape'>\n\t\t\t\t<a href='https:\/\/lacamporena.it\/wp-content\/uploads\/2014\/07\/bagno-camera-classic.jpg' title=\"\" data-rl_title=\"\" class=\"rl-gallery-link\" data-rl_caption=\"\" data-rel=\"lightbox-gallery-1\"><img width=\"150\" height=\"150\" src=\"https:\/\/lacamporena.it\/wp-content\/uploads\/2014\/07\/bagno-camera-classic-150x150.jpg\" class=\"attachment-thumbnail size-thumbnail\" alt=\"Bagno in camera Agriturismo Anna\" decoding=\"async\" loading=\"lazy\" srcset=\"https:\/\/lacamporena.it\/wp-content\/uploads\/2014\/07\/bagno-camera-classic-150x150.jpg 150w, https:\/\/lacamporena.it\/wp-content\/uploads\/2014\/07\/bagno-camera-classic-157x157.jpg 157w, https:\/\/lacamporena.it\/wp-content\/uploads\/2014\/07\/bagno-camera-classic-400x400.jpg 400w\" sizes=\"(max-width: 150px) 100vw, 150px\" \/><\/a>\n\t\t\t<\/dt><\/dl><dl class='gallery-item'>\n\t\t\t<dt class='gallery-icon landscape'>\n\t\t\t\t<a href='https:\/\/lacamporena.it\/wp-content\/uploads\/2014\/07\/camera-classic-con-vista-chianti1.jpg' title=\"\" data-rl_title=\"\" class=\"rl-gallery-link\" data-rl_caption=\"\" data-rel=\"lightbox-gallery-1\"><img width=\"150\" height=\"150\" src=\"https:\/\/lacamporena.it\/wp-content\/uploads\/2014\/07\/camera-classic-con-vista-chianti1-150x150.jpg\" class=\"attachment-thumbnail size-thumbnail\" alt=\"Camera con vista sulla campagna toscana\" decoding=\"async\" loading=\"lazy\" srcset=\"https:\/\/lacamporena.it\/wp-content\/uploads\/2014\/07\/camera-classic-con-vista-chianti1-150x150.jpg 150w, https:\/\/lacamporena.it\/wp-content\/uploads\/2014\/07\/camera-classic-con-vista-chianti1-50x50.jpg 50w, https:\/\/lacamporena.it\/wp-content\/uploads\/2014\/07\/camera-classic-con-vista-chianti1-90x90.jpg 90w, https:\/\/lacamporena.it\/wp-content\/uploads\/2014\/07\/camera-classic-con-vista-chianti1-300x300.jpg 300w\" sizes=\"(max-width: 150px) 100vw, 150px\" \/><\/a>\n\t\t\t<\/dt><\/dl><br style=\"clear: both\" \/><dl class='gallery-item'>\n\t\t\t<dt class='gallery-icon landscape'>\n\t\t\t\t<a href='https:\/\/lacamporena.it\/wp-content\/uploads\/2014\/07\/camera-classic-agriturismo-anna.jpg' title=\"\" data-rl_title=\"\" class=\"rl-gallery-link\" data-rl_caption=\"\" data-rel=\"lightbox-gallery-1\"><img width=\"150\" height=\"150\" src=\"https:\/\/lacamporena.it\/wp-content\/uploads\/2014\/07\/camera-classic-agriturismo-anna-150x150.jpg\" class=\"attachment-thumbnail size-thumbnail\" alt=\"\" decoding=\"async\" loading=\"lazy\" srcset=\"https:\/\/lacamporena.it\/wp-content\/uploads\/2014\/07\/camera-classic-agriturismo-anna-150x150.jpg 150w, https:\/\/lacamporena.it\/wp-content\/uploads\/2014\/07\/camera-classic-agriturismo-anna-50x50.jpg 50w, https:\/\/lacamporena.it\/wp-content\/uploads\/2014\/07\/camera-classic-agriturismo-anna-90x90.jpg 90w, https:\/\/lacamporena.it\/wp-content\/uploads\/2014\/07\/camera-classic-agriturismo-anna-300x300.jpg 300w\" sizes=\"(max-width: 150px) 100vw, 150px\" \/><\/a>\n\t\t\t<\/dt><\/dl><dl class='gallery-item'>\n\t\t\t<dt class='gallery-icon landscape'>\n\t\t\t\t<a href='https:\/\/lacamporena.it\/wp-content\/uploads\/2014\/07\/agriturismo-vista.jpg' title=\"\" data-rl_title=\"\" class=\"rl-gallery-link\" data-rl_caption=\"\" data-rel=\"lightbox-gallery-1\"><img width=\"150\" height=\"150\" src=\"https:\/\/lacamporena.it\/wp-content\/uploads\/2014\/07\/agriturismo-vista-150x150.jpg\" class=\"attachment-thumbnail size-thumbnail\" alt=\"Agriturismo Anna a Greve in Chianti - Firenze\" decoding=\"async\" loading=\"lazy\" srcset=\"https:\/\/lacamporena.it\/wp-content\/uploads\/2014\/07\/agriturismo-vista-150x150.jpg 150w, https:\/\/lacamporena.it\/wp-content\/uploads\/2014\/07\/agriturismo-vista-157x157.jpg 157w, https:\/\/lacamporena.it\/wp-content\/uploads\/2014\/07\/agriturismo-vista-400x400.jpg 400w\" sizes=\"(max-width: 150px) 100vw, 150px\" \/><\/a>\n\t\t\t<\/dt><\/dl><dl class='gallery-item'>\n\t\t\t<dt class='gallery-icon landscape'>\n\t\t\t\t<a href='https:\/\/lacamporena.it\/wp-content\/uploads\/2014\/07\/agriturismo-anna-camera-classic1.jpg' title=\"\" data-rl_title=\"\" class=\"rl-gallery-link\" data-rl_caption=\"\" data-rel=\"lightbox-gallery-1\"><img width=\"150\" height=\"150\" src=\"https:\/\/lacamporena.it\/wp-content\/uploads\/2014\/07\/agriturismo-anna-camera-classic1-150x150.jpg\" class=\"attachment-thumbnail size-thumbnail\" alt=\"Agriturismo Anna Camera Classic\" decoding=\"async\" loading=\"lazy\" srcset=\"https:\/\/lacamporena.it\/wp-content\/uploads\/2014\/07\/agriturismo-anna-camera-classic1-150x150.jpg 150w, https:\/\/lacamporena.it\/wp-content\/uploads\/2014\/07\/agriturismo-anna-camera-classic1-50x50.jpg 50w, https:\/\/lacamporena.it\/wp-content\/uploads\/2014\/07\/agriturismo-anna-camera-classic1-90x90.jpg 90w, https:\/\/lacamporena.it\/wp-content\/uploads\/2014\/07\/agriturismo-anna-camera-classic1-300x300.jpg 300w\" sizes=\"(max-width: 150px) 100vw, 150px\" \/><\/a>\n\t\t\t<\/dt><\/dl><br style=\"clear: both\" \/>\n\t\t<\/div>\n\n","protected":false},"excerpt":{"rendered":"<p>Die 12 romantische \u201cClassic\u201d-Zimmer des Agriturismo, 9 als Doppelzimmer und 3 als Einzelzimmer, befinden sie sich alle im alten aus Stein errichteten Landhaus aus dem 15. Jahrhundert. Nach der k\u00fcrzlich erfolgten Renovierung hat nun jedes Zimmer sein ganz eigenes Erscheinungsbild nach Form und Gr\u00f6\u03b2e. Alle Zimmer verf\u00fcgen\u00a0\u00fcber ein eigenes Bad, sie sind sorgf\u00e4ltig und dem [&hellip;]<\/p>\n","protected":false},"author":12,"featured_media":2138,"parent":2767,"menu_order":0,"comment_status":"open","ping_status":"open","template":"","meta":{"_expiration-date-status":"saved","_expiration-date":0,"_expiration-date-type":"","_expiration-date-categories":[],"_expiration-date-options":[]},"categories":[],"tags":[],"_links":{"self":[{"href":"https:\/\/lacamporena.it\/index.php?rest_route=\/wp\/v2\/pages\/2629"}],"collection":[{"href":"https:\/\/lacamporena.it\/index.php?rest_route=\/wp\/v2\/pages"}],"about":[{"href":"https:\/\/lacamporena.it\/index.php?rest_route=\/wp\/v2\/types\/page"}],"author":[{"embeddable":true,"href":"https:\/\/lacamporena.it\/index.php?rest_route=\/wp\/v2\/users\/12"}],"replies":[{"embeddable":true,"href":"https:\/\/lacamporena.it\/index.php?rest_route=%2Fwp%2Fv2%2Fcomments&post=2629"}],"version-history":[{"count":2,"href":"https:\/\/lacamporena.it\/index.php?rest_route=\/wp\/v2\/pages\/2629\/revisions"}],"predecessor-version":[{"id":5158,"href":"https:\/\/lacamporena.it\/index.php?rest_route=\/wp\/v2\/pages\/2629\/revisions\/5158"}],"up":[{"embeddable":true,"href":"https:\/\/lacamporena.it\/index.php?rest_route=\/wp\/v2\/pages\/2767"}],"wp:featuredmedia":[{"embeddable":true,"href":"https:\/\/lacamporena.it\/index.php?rest_route=\/wp\/v2\/media\/2138"}],"wp:attachment":[{"href":"https:\/\/lacamporena.it\/index.php?rest_route=%2Fwp%2Fv2%2Fmedia&parent=2629"}],"wp:term":[{"taxonomy":"category","embeddable":true,"href":"https:\/\/lacamporena.it\/index.php?rest_route=%2Fwp%2Fv2%2Fcategories&post=2629"},{"taxonomy":"post_tag","embeddable":true,"href":"https:\/\/lacamporena.it\/index.php?rest_route=%2Fwp%2Fv2%2Ftags&post=2629"}],"curies":[{"name":"wp","href":"https:\/\/api.w.org\/{rel}","templated":true}]}}