{"id":2625,"date":"2014-07-21T14:20:08","date_gmt":"2014-07-21T12:20:08","guid":{"rendered":"http:\/\/www.lacamporena.it\/?page_id=2625"},"modified":"2019-08-04T14:50:02","modified_gmt":"2019-08-04T12:50:02","slug":"classic","status":"publish","type":"page","link":"https:\/\/lacamporena.it\/?page_id=2625","title":{"rendered":"Classic"},"content":{"rendered":"<h1>Camera romantica in un agriturismo in pieno Chianti<\/h1>\n<p>\nLe 12 romantiche camere &#8220;Classic&#8221; dell\u2019agriturismo nel cuore del Chianti, nove matrimoniali e tre singole, si trovano tutte nel casale in pietra del 1400. Recentemente ristrutturate, sono l\u2019una diversa dall\u2019altra, per forma e dimensione, garantendo una variet\u00e0 unica nell&#8217;agriturismo, circondate da vigneti e olivi, tipici di quest&#8217;area della toscana.\n<\/p>\n<p>\nTutte le camere sono dotate di bagno privato e arredate con attenzione e semplicit\u00e0, offrendo un&#8217;esperienza accogliente e confortevole. Ognuna si distingue per un particolare nel colore dell\u2019arredamento, creando un&#8217;atmosfera unica e personalizzata.\n<\/p>\n<p>\nAlcune delle nostre camere vantano una terrazza panoramica, da cui potrete ammirare la vista panoramica sui vigneti del Chianti o sulla rilassante piscina. L&#8217;ambiente circostante, con i suoi vigneti a perdita d&#8217;occhio, crea un quadro idilliaco per il vostro soggiorno.\n<\/p>\n<p>\nLa comodit\u00e0 di ogni camera \u00e8 studiata per garantire un soggiorno piacevole, mentre l&#8217;atmosfera raffinata contribuir\u00e0 a rendere il vostro riposo indimenticabile. Il silenzio, interrotto solo dal canto dei grilli nelle calde notti estive, vi avvolger\u00e0 in un&#8217;armonia perfetta, regalandovi la serenit\u00e0 necessaria per grandi e felici sogni.\n<\/p>\n<p>\nSe state cercando un agriturismo nel Chianti con camere romantiche, vi invitiamo a scoprire la bellezza e l&#8217;autenticit\u00e0 delle nostre sistemazioni. Sar\u00e0 un soggiorno tra le colline toscane che vi regaler\u00e0 non solo comfort e relax, ma anche la possibilit\u00e0 di immergervi completamente nell&#8217;atmosfera unica dei vigneti del Chianti.\n<\/p>\n<p>Se invece cerchi qualcosa di pi\u00f9 confortevole e lussuoso, un luogo magico dove vivere una maggiore intimit\u00e0, allora la nostra suite fa per te. Si tratta di una <a href=\"https:\/\/lacamporena.it\/?page_id=2668\">camera con idromassaggio, un sogno nel chianti<\/a> in Toscana che si realizza. <\/p>\n<p>\nPer permettervi di vivere pienamente ogni istante il <strong>check out<\/strong> delle suite \u00e8 fissato per le ore 10:00.\n<\/p>\n\n\t\t<style type=\"text\/css\">\n\t\t\t#gallery-1 {\n\t\t\t\tmargin: auto;\n\t\t\t}\n\t\t\t#gallery-1 .gallery-item {\n\t\t\t\tfloat: left;\n\t\t\t\tmargin-top: 10px;\n\t\t\t\ttext-align: center;\n\t\t\t\twidth: 33%;\n\t\t\t}\n\t\t\t#gallery-1 img {\n\t\t\t\tborder: 2px solid #cfcfcf;\n\t\t\t}\n\t\t\t#gallery-1 .gallery-caption {\n\t\t\t\tmargin-left: 0;\n\t\t\t}\n\t\t\t\/* see gallery_shortcode() in wp-includes\/media.php *\/\n\t\t<\/style>\n\t\t<div id='gallery-1' class='gallery galleryid-2625 gallery-columns-3 gallery-size-thumbnail'><dl class='gallery-item'>\n\t\t\t<dt class='gallery-icon landscape'>\n\t\t\t\t<a href='https:\/\/lacamporena.it\/wp-content\/uploads\/2014\/07\/camera-classic-romantica1.jpg' title=\"\" data-rl_title=\"\" class=\"rl-gallery-link\" data-rl_caption=\"\" data-rel=\"lightbox-gallery-1\"><img width=\"150\" height=\"150\" src=\"https:\/\/lacamporena.it\/wp-content\/uploads\/2014\/07\/camera-classic-romantica1-150x150.jpg\" class=\"attachment-thumbnail size-thumbnail\" alt=\"Camera Classic\" decoding=\"async\" loading=\"lazy\" srcset=\"https:\/\/lacamporena.it\/wp-content\/uploads\/2014\/07\/camera-classic-romantica1-150x150.jpg 150w, https:\/\/lacamporena.it\/wp-content\/uploads\/2014\/07\/camera-classic-romantica1-50x50.jpg 50w, https:\/\/lacamporena.it\/wp-content\/uploads\/2014\/07\/camera-classic-romantica1-90x90.jpg 90w, https:\/\/lacamporena.it\/wp-content\/uploads\/2014\/07\/camera-classic-romantica1-300x300.jpg 300w\" sizes=\"(max-width: 150px) 100vw, 150px\" \/><\/a>\n\t\t\t<\/dt><\/dl><dl class='gallery-item'>\n\t\t\t<dt class='gallery-icon landscape'>\n\t\t\t\t<a href='https:\/\/lacamporena.it\/wp-content\/uploads\/2014\/07\/camera-classic-atmosfera-romantica.jpg' title=\"\" data-rl_title=\"\" class=\"rl-gallery-link\" data-rl_caption=\"\" data-rel=\"lightbox-gallery-1\"><img width=\"150\" height=\"150\" src=\"https:\/\/lacamporena.it\/wp-content\/uploads\/2014\/07\/camera-classic-atmosfera-romantica-150x150.jpg\" class=\"attachment-thumbnail size-thumbnail\" alt=\"Camera romantica agriturismo in Chianti\" decoding=\"async\" loading=\"lazy\" srcset=\"https:\/\/lacamporena.it\/wp-content\/uploads\/2014\/07\/camera-classic-atmosfera-romantica-150x150.jpg 150w, https:\/\/lacamporena.it\/wp-content\/uploads\/2014\/07\/camera-classic-atmosfera-romantica-157x157.jpg 157w, https:\/\/lacamporena.it\/wp-content\/uploads\/2014\/07\/camera-classic-atmosfera-romantica-400x400.jpg 400w\" sizes=\"(max-width: 150px) 100vw, 150px\" \/><\/a>\n\t\t\t<\/dt><\/dl><dl class='gallery-item'>\n\t\t\t<dt class='gallery-icon landscape'>\n\t\t\t\t<a href='https:\/\/lacamporena.it\/wp-content\/uploads\/2014\/07\/particolare-romontico-camera-classic.jpg' title=\"\" data-rl_title=\"\" class=\"rl-gallery-link\" data-rl_caption=\"\" data-rel=\"lightbox-gallery-1\"><img width=\"150\" height=\"150\" src=\"https:\/\/lacamporena.it\/wp-content\/uploads\/2014\/07\/particolare-romontico-camera-classic-150x150.jpg\" class=\"attachment-thumbnail size-thumbnail\" alt=\"Particolare romantico Camera Classic\" decoding=\"async\" loading=\"lazy\" srcset=\"https:\/\/lacamporena.it\/wp-content\/uploads\/2014\/07\/particolare-romontico-camera-classic-150x150.jpg 150w, https:\/\/lacamporena.it\/wp-content\/uploads\/2014\/07\/particolare-romontico-camera-classic-157x157.jpg 157w, https:\/\/lacamporena.it\/wp-content\/uploads\/2014\/07\/particolare-romontico-camera-classic-400x400.jpg 400w\" sizes=\"(max-width: 150px) 100vw, 150px\" \/><\/a>\n\t\t\t<\/dt><\/dl><br style=\"clear: both\" \/><dl class='gallery-item'>\n\t\t\t<dt class='gallery-icon landscape'>\n\t\t\t\t<a href='https:\/\/lacamporena.it\/wp-content\/uploads\/2014\/07\/agriturismo-anna-camera-doppia-classic.jpg' title=\"\" data-rl_title=\"\" class=\"rl-gallery-link\" data-rl_caption=\"\" data-rel=\"lightbox-gallery-1\"><img width=\"150\" height=\"150\" src=\"https:\/\/lacamporena.it\/wp-content\/uploads\/2014\/07\/agriturismo-anna-camera-doppia-classic-150x150.jpg\" class=\"attachment-thumbnail size-thumbnail\" alt=\"Agriturismo Anna camera doppia classic\" decoding=\"async\" loading=\"lazy\" srcset=\"https:\/\/lacamporena.it\/wp-content\/uploads\/2014\/07\/agriturismo-anna-camera-doppia-classic-150x150.jpg 150w, https:\/\/lacamporena.it\/wp-content\/uploads\/2014\/07\/agriturismo-anna-camera-doppia-classic-157x157.jpg 157w, https:\/\/lacamporena.it\/wp-content\/uploads\/2014\/07\/agriturismo-anna-camera-doppia-classic-400x400.jpg 400w\" sizes=\"(max-width: 150px) 100vw, 150px\" \/><\/a>\n\t\t\t<\/dt><\/dl><dl class='gallery-item'>\n\t\t\t<dt class='gallery-icon landscape'>\n\t\t\t\t<a href='https:\/\/lacamporena.it\/wp-content\/uploads\/2014\/07\/terrazzo-privato-in-camera.jpg' title=\"\" data-rl_title=\"\" class=\"rl-gallery-link\" data-rl_caption=\"\" data-rel=\"lightbox-gallery-1\"><img width=\"150\" height=\"150\" src=\"https:\/\/lacamporena.it\/wp-content\/uploads\/2014\/07\/terrazzo-privato-in-camera-150x150.jpg\" class=\"attachment-thumbnail size-thumbnail\" alt=\"Terrazzo privato in camera nel Chianti\" decoding=\"async\" loading=\"lazy\" srcset=\"https:\/\/lacamporena.it\/wp-content\/uploads\/2014\/07\/terrazzo-privato-in-camera-150x150.jpg 150w, https:\/\/lacamporena.it\/wp-content\/uploads\/2014\/07\/terrazzo-privato-in-camera-157x157.jpg 157w, https:\/\/lacamporena.it\/wp-content\/uploads\/2014\/07\/terrazzo-privato-in-camera-400x400.jpg 400w\" sizes=\"(max-width: 150px) 100vw, 150px\" \/><\/a>\n\t\t\t<\/dt><\/dl><dl class='gallery-item'>\n\t\t\t<dt class='gallery-icon portrait'>\n\t\t\t\t<a href='https:\/\/lacamporena.it\/wp-content\/uploads\/2014\/07\/servizio-in-camera-agriturismo-anna.jpg' title=\"\" data-rl_title=\"\" class=\"rl-gallery-link\" data-rl_caption=\"\" data-rel=\"lightbox-gallery-1\"><img width=\"150\" height=\"150\" src=\"https:\/\/lacamporena.it\/wp-content\/uploads\/2014\/07\/servizio-in-camera-agriturismo-anna-150x150.jpg\" class=\"attachment-thumbnail size-thumbnail\" alt=\"Servizio in camera Agriturismo Anna\" decoding=\"async\" loading=\"lazy\" srcset=\"https:\/\/lacamporena.it\/wp-content\/uploads\/2014\/07\/servizio-in-camera-agriturismo-anna-150x150.jpg 150w, https:\/\/lacamporena.it\/wp-content\/uploads\/2014\/07\/servizio-in-camera-agriturismo-anna-157x157.jpg 157w, https:\/\/lacamporena.it\/wp-content\/uploads\/2014\/07\/servizio-in-camera-agriturismo-anna-400x400.jpg 400w\" sizes=\"(max-width: 150px) 100vw, 150px\" \/><\/a>\n\t\t\t<\/dt><\/dl><br style=\"clear: both\" \/><dl class='gallery-item'>\n\t\t\t<dt class='gallery-icon landscape'>\n\t\t\t\t<a href='https:\/\/lacamporena.it\/wp-content\/uploads\/2014\/07\/terrazzo-privato-in-camera-agriturismo-anna.jpg' title=\"\" data-rl_title=\"\" class=\"rl-gallery-link\" data-rl_caption=\"\" data-rel=\"lightbox-gallery-1\"><img width=\"150\" height=\"150\" src=\"https:\/\/lacamporena.it\/wp-content\/uploads\/2014\/07\/terrazzo-privato-in-camera-agriturismo-anna-150x150.jpg\" class=\"attachment-thumbnail size-thumbnail\" alt=\"Terrazzo privato in camera Agriturismo\" decoding=\"async\" loading=\"lazy\" srcset=\"https:\/\/lacamporena.it\/wp-content\/uploads\/2014\/07\/terrazzo-privato-in-camera-agriturismo-anna-150x150.jpg 150w, https:\/\/lacamporena.it\/wp-content\/uploads\/2014\/07\/terrazzo-privato-in-camera-agriturismo-anna-157x157.jpg 157w, https:\/\/lacamporena.it\/wp-content\/uploads\/2014\/07\/terrazzo-privato-in-camera-agriturismo-anna-400x400.jpg 400w\" sizes=\"(max-width: 150px) 100vw, 150px\" \/><\/a>\n\t\t\t<\/dt><\/dl><dl class='gallery-item'>\n\t\t\t<dt class='gallery-icon landscape'>\n\t\t\t\t<a href='https:\/\/lacamporena.it\/wp-content\/uploads\/2014\/07\/particolare-camera-matrimoniale.jpg' title=\"\" data-rl_title=\"\" class=\"rl-gallery-link\" data-rl_caption=\"\" data-rel=\"lightbox-gallery-1\"><img width=\"150\" height=\"150\" src=\"https:\/\/lacamporena.it\/wp-content\/uploads\/2014\/07\/particolare-camera-matrimoniale-150x150.jpg\" class=\"attachment-thumbnail size-thumbnail\" alt=\"Camera Classic Agriturismo Anna\" decoding=\"async\" loading=\"lazy\" srcset=\"https:\/\/lacamporena.it\/wp-content\/uploads\/2014\/07\/particolare-camera-matrimoniale-150x150.jpg 150w, https:\/\/lacamporena.it\/wp-content\/uploads\/2014\/07\/particolare-camera-matrimoniale-157x157.jpg 157w, https:\/\/lacamporena.it\/wp-content\/uploads\/2014\/07\/particolare-camera-matrimoniale-400x400.jpg 400w\" sizes=\"(max-width: 150px) 100vw, 150px\" \/><\/a>\n\t\t\t<\/dt><\/dl><dl class='gallery-item'>\n\t\t\t<dt class='gallery-icon portrait'>\n\t\t\t\t<a href='https:\/\/lacamporena.it\/wp-content\/uploads\/2014\/07\/camera-matrimoniale-agriturismo-in-chianti.jpg' title=\"\" data-rl_title=\"\" class=\"rl-gallery-link\" data-rl_caption=\"\" data-rel=\"lightbox-gallery-1\"><img width=\"150\" height=\"150\" src=\"https:\/\/lacamporena.it\/wp-content\/uploads\/2014\/07\/camera-matrimoniale-agriturismo-in-chianti-150x150.jpg\" class=\"attachment-thumbnail size-thumbnail\" alt=\"Agriturismo con camere a Greve in Chianti\" decoding=\"async\" loading=\"lazy\" srcset=\"https:\/\/lacamporena.it\/wp-content\/uploads\/2014\/07\/camera-matrimoniale-agriturismo-in-chianti-150x150.jpg 150w, https:\/\/lacamporena.it\/wp-content\/uploads\/2014\/07\/camera-matrimoniale-agriturismo-in-chianti-157x157.jpg 157w, https:\/\/lacamporena.it\/wp-content\/uploads\/2014\/07\/camera-matrimoniale-agriturismo-in-chianti-400x400.jpg 400w\" sizes=\"(max-width: 150px) 100vw, 150px\" \/><\/a>\n\t\t\t<\/dt><\/dl><br style=\"clear: both\" \/><dl class='gallery-item'>\n\t\t\t<dt class='gallery-icon landscape'>\n\t\t\t\t<a href='https:\/\/lacamporena.it\/wp-content\/uploads\/2014\/07\/camera-con-vista-sul-chianti.jpg' title=\"\" data-rl_title=\"\" class=\"rl-gallery-link\" data-rl_caption=\"\" data-rel=\"lightbox-gallery-1\"><img width=\"150\" height=\"150\" src=\"https:\/\/lacamporena.it\/wp-content\/uploads\/2014\/07\/camera-con-vista-sul-chianti-150x150.jpg\" class=\"attachment-thumbnail size-thumbnail\" alt=\"Camera con vista sul Chianti\" decoding=\"async\" loading=\"lazy\" srcset=\"https:\/\/lacamporena.it\/wp-content\/uploads\/2014\/07\/camera-con-vista-sul-chianti-150x150.jpg 150w, https:\/\/lacamporena.it\/wp-content\/uploads\/2014\/07\/camera-con-vista-sul-chianti-157x157.jpg 157w, https:\/\/lacamporena.it\/wp-content\/uploads\/2014\/07\/camera-con-vista-sul-chianti-400x400.jpg 400w\" sizes=\"(max-width: 150px) 100vw, 150px\" \/><\/a>\n\t\t\t<\/dt><\/dl><dl class='gallery-item'>\n\t\t\t<dt class='gallery-icon landscape'>\n\t\t\t\t<a href='https:\/\/lacamporena.it\/wp-content\/uploads\/2014\/07\/bagno-camera-classic.jpg' title=\"\" data-rl_title=\"\" class=\"rl-gallery-link\" data-rl_caption=\"\" data-rel=\"lightbox-gallery-1\"><img width=\"150\" height=\"150\" src=\"https:\/\/lacamporena.it\/wp-content\/uploads\/2014\/07\/bagno-camera-classic-150x150.jpg\" class=\"attachment-thumbnail size-thumbnail\" alt=\"Bagno in camera Agriturismo Anna\" decoding=\"async\" loading=\"lazy\" srcset=\"https:\/\/lacamporena.it\/wp-content\/uploads\/2014\/07\/bagno-camera-classic-150x150.jpg 150w, https:\/\/lacamporena.it\/wp-content\/uploads\/2014\/07\/bagno-camera-classic-157x157.jpg 157w, https:\/\/lacamporena.it\/wp-content\/uploads\/2014\/07\/bagno-camera-classic-400x400.jpg 400w\" sizes=\"(max-width: 150px) 100vw, 150px\" \/><\/a>\n\t\t\t<\/dt><\/dl><dl class='gallery-item'>\n\t\t\t<dt class='gallery-icon landscape'>\n\t\t\t\t<a href='https:\/\/lacamporena.it\/wp-content\/uploads\/2014\/07\/camera-classic-con-vista-chianti1.jpg' title=\"\" data-rl_title=\"\" class=\"rl-gallery-link\" data-rl_caption=\"\" data-rel=\"lightbox-gallery-1\"><img width=\"150\" height=\"150\" src=\"https:\/\/lacamporena.it\/wp-content\/uploads\/2014\/07\/camera-classic-con-vista-chianti1-150x150.jpg\" class=\"attachment-thumbnail size-thumbnail\" alt=\"Camera con vista sulla campagna toscana\" decoding=\"async\" loading=\"lazy\" srcset=\"https:\/\/lacamporena.it\/wp-content\/uploads\/2014\/07\/camera-classic-con-vista-chianti1-150x150.jpg 150w, https:\/\/lacamporena.it\/wp-content\/uploads\/2014\/07\/camera-classic-con-vista-chianti1-50x50.jpg 50w, https:\/\/lacamporena.it\/wp-content\/uploads\/2014\/07\/camera-classic-con-vista-chianti1-90x90.jpg 90w, https:\/\/lacamporena.it\/wp-content\/uploads\/2014\/07\/camera-classic-con-vista-chianti1-300x300.jpg 300w\" sizes=\"(max-width: 150px) 100vw, 150px\" \/><\/a>\n\t\t\t<\/dt><\/dl><br style=\"clear: both\" \/><dl class='gallery-item'>\n\t\t\t<dt class='gallery-icon landscape'>\n\t\t\t\t<a href='https:\/\/lacamporena.it\/wp-content\/uploads\/2014\/07\/camera-classic-agriturismo-anna.jpg' title=\"\" data-rl_title=\"\" class=\"rl-gallery-link\" data-rl_caption=\"\" data-rel=\"lightbox-gallery-1\"><img width=\"150\" height=\"150\" src=\"https:\/\/lacamporena.it\/wp-content\/uploads\/2014\/07\/camera-classic-agriturismo-anna-150x150.jpg\" class=\"attachment-thumbnail size-thumbnail\" alt=\"\" decoding=\"async\" loading=\"lazy\" srcset=\"https:\/\/lacamporena.it\/wp-content\/uploads\/2014\/07\/camera-classic-agriturismo-anna-150x150.jpg 150w, https:\/\/lacamporena.it\/wp-content\/uploads\/2014\/07\/camera-classic-agriturismo-anna-50x50.jpg 50w, https:\/\/lacamporena.it\/wp-content\/uploads\/2014\/07\/camera-classic-agriturismo-anna-90x90.jpg 90w, https:\/\/lacamporena.it\/wp-content\/uploads\/2014\/07\/camera-classic-agriturismo-anna-300x300.jpg 300w\" sizes=\"(max-width: 150px) 100vw, 150px\" \/><\/a>\n\t\t\t<\/dt><\/dl><dl class='gallery-item'>\n\t\t\t<dt class='gallery-icon landscape'>\n\t\t\t\t<a href='https:\/\/lacamporena.it\/wp-content\/uploads\/2014\/07\/agriturismo-vista.jpg' title=\"\" data-rl_title=\"\" class=\"rl-gallery-link\" data-rl_caption=\"\" data-rel=\"lightbox-gallery-1\"><img width=\"150\" height=\"150\" src=\"https:\/\/lacamporena.it\/wp-content\/uploads\/2014\/07\/agriturismo-vista-150x150.jpg\" class=\"attachment-thumbnail size-thumbnail\" alt=\"Agriturismo Anna a Greve in Chianti - Firenze\" decoding=\"async\" loading=\"lazy\" srcset=\"https:\/\/lacamporena.it\/wp-content\/uploads\/2014\/07\/agriturismo-vista-150x150.jpg 150w, https:\/\/lacamporena.it\/wp-content\/uploads\/2014\/07\/agriturismo-vista-157x157.jpg 157w, https:\/\/lacamporena.it\/wp-content\/uploads\/2014\/07\/agriturismo-vista-400x400.jpg 400w\" sizes=\"(max-width: 150px) 100vw, 150px\" \/><\/a>\n\t\t\t<\/dt><\/dl><dl class='gallery-item'>\n\t\t\t<dt class='gallery-icon landscape'>\n\t\t\t\t<a href='https:\/\/lacamporena.it\/wp-content\/uploads\/2014\/07\/agriturismo-anna-camera-classic1.jpg' title=\"\" data-rl_title=\"\" class=\"rl-gallery-link\" data-rl_caption=\"\" data-rel=\"lightbox-gallery-1\"><img width=\"150\" height=\"150\" src=\"https:\/\/lacamporena.it\/wp-content\/uploads\/2014\/07\/agriturismo-anna-camera-classic1-150x150.jpg\" class=\"attachment-thumbnail size-thumbnail\" alt=\"Agriturismo Anna Camera Classic\" decoding=\"async\" loading=\"lazy\" srcset=\"https:\/\/lacamporena.it\/wp-content\/uploads\/2014\/07\/agriturismo-anna-camera-classic1-150x150.jpg 150w, https:\/\/lacamporena.it\/wp-content\/uploads\/2014\/07\/agriturismo-anna-camera-classic1-50x50.jpg 50w, https:\/\/lacamporena.it\/wp-content\/uploads\/2014\/07\/agriturismo-anna-camera-classic1-90x90.jpg 90w, https:\/\/lacamporena.it\/wp-content\/uploads\/2014\/07\/agriturismo-anna-camera-classic1-300x300.jpg 300w\" sizes=\"(max-width: 150px) 100vw, 150px\" \/><\/a>\n\t\t\t<\/dt><\/dl><br style=\"clear: both\" \/>\n\t\t<\/div>\n\n","protected":false},"excerpt":{"rendered":"<p>Camera romantica in un agriturismo in pieno Chianti Le 12 romantiche camere &#8220;Classic&#8221; dell\u2019agriturismo nel cuore del Chianti, nove matrimoniali e tre singole, si trovano tutte nel casale in pietra del 1400. Recentemente ristrutturate, sono l\u2019una diversa dall\u2019altra, per forma e dimensione, garantendo una variet\u00e0 unica nell&#8217;agriturismo, circondate da vigneti e olivi, tipici di quest&#8217;area [&hellip;]<\/p>\n","protected":false},"author":12,"featured_media":2136,"parent":2764,"menu_order":0,"comment_status":"open","ping_status":"open","template":"","meta":{"_expiration-date-status":"saved","_expiration-date":0,"_expiration-date-type":"","_expiration-date-categories":[],"_expiration-date-options":[]},"categories":[],"tags":[],"_links":{"self":[{"href":"https:\/\/lacamporena.it\/index.php?rest_route=\/wp\/v2\/pages\/2625"}],"collection":[{"href":"https:\/\/lacamporena.it\/index.php?rest_route=\/wp\/v2\/pages"}],"about":[{"href":"https:\/\/lacamporena.it\/index.php?rest_route=\/wp\/v2\/types\/page"}],"author":[{"embeddable":true,"href":"https:\/\/lacamporena.it\/index.php?rest_route=\/wp\/v2\/users\/12"}],"replies":[{"embeddable":true,"href":"https:\/\/lacamporena.it\/index.php?rest_route=%2Fwp%2Fv2%2Fcomments&post=2625"}],"version-history":[{"count":2,"href":"https:\/\/lacamporena.it\/index.php?rest_route=\/wp\/v2\/pages\/2625\/revisions"}],"predecessor-version":[{"id":5153,"href":"https:\/\/lacamporena.it\/index.php?rest_route=\/wp\/v2\/pages\/2625\/revisions\/5153"}],"up":[{"embeddable":true,"href":"https:\/\/lacamporena.it\/index.php?rest_route=\/wp\/v2\/pages\/2764"}],"wp:featuredmedia":[{"embeddable":true,"href":"https:\/\/lacamporena.it\/index.php?rest_route=\/wp\/v2\/media\/2136"}],"wp:attachment":[{"href":"https:\/\/lacamporena.it\/index.php?rest_route=%2Fwp%2Fv2%2Fmedia&parent=2625"}],"wp:term":[{"taxonomy":"category","embeddable":true,"href":"https:\/\/lacamporena.it\/index.php?rest_route=%2Fwp%2Fv2%2Fcategories&post=2625"},{"taxonomy":"post_tag","embeddable":true,"href":"https:\/\/lacamporena.it\/index.php?rest_route=%2Fwp%2Fv2%2Ftags&post=2625"}],"curies":[{"name":"wp","href":"https:\/\/api.w.org\/{rel}","templated":true}]}}