{"id":2002,"date":"2014-07-01T16:53:42","date_gmt":"2014-07-01T14:53:42","guid":{"rendered":"http:\/\/www.lacamporena.it\/agriturismo\/piscina\/"},"modified":"2014-09-23T23:18:42","modified_gmt":"2014-09-23T21:18:42","slug":"pool","status":"publish","type":"page","link":"https:\/\/lacamporena.it\/?page_id=2002","title":{"rendered":"Pool"},"content":{"rendered":"<p style=\"text-align: justify;\">Umgeben von Olivenhainen und nur ein paar Schritte vom jeden Zimmer entfernt, erleben Sie unseren Pool als\u00a0\u00a0eine <strong>Oase der Entspannung mitten im Gr\u00fcnen<\/strong>.<br \/>\nIn der Sonne liegen, ein Buch lesen, oder ein Glas Wein unter dem Sonnenschirm genie\u03b2en oder einfach nichts tun und in den Himmel schauen.. wie viele w\u00fcndersch\u00f6ne &#8220;Aktivit\u00e4ten&#8221; warten in\u00a0unserem Agriturismo mit Pool hier in Chianti auf Sie!<\/p>\n<p style=\"text-align: justify;\">Beim sch\u00f6nem Wetter ist der Pool von April bis Oktober von 10.00 bis 24.00 Uhr ge\u00f6ffnet und bietet Sie so Gelegenheit f\u00fcr ein <strong>romantisches Bad unter dem Sternenhimmel<\/strong> in Chianti!<\/p>\n\n\t\t<style type=\"text\/css\">\n\t\t\t#gallery-1 {\n\t\t\t\tmargin: auto;\n\t\t\t}\n\t\t\t#gallery-1 .gallery-item {\n\t\t\t\tfloat: left;\n\t\t\t\tmargin-top: 10px;\n\t\t\t\ttext-align: center;\n\t\t\t\twidth: 33%;\n\t\t\t}\n\t\t\t#gallery-1 img {\n\t\t\t\tborder: 2px solid #cfcfcf;\n\t\t\t}\n\t\t\t#gallery-1 .gallery-caption {\n\t\t\t\tmargin-left: 0;\n\t\t\t}\n\t\t\t\/* see gallery_shortcode() in wp-includes\/media.php *\/\n\t\t<\/style>\n\t\t<div id='gallery-1' class='gallery galleryid-2002 gallery-columns-3 gallery-size-thumbnail'><dl class='gallery-item'>\n\t\t\t<dt class='gallery-icon landscape'>\n\t\t\t\t<a href='https:\/\/lacamporena.it\/wp-content\/uploads\/2014\/07\/piscina-nel-verde-del-chianti.jpg' title=\"\" data-rl_title=\"\" class=\"rl-gallery-link\" data-rl_caption=\"\" data-rel=\"lightbox-gallery-1\"><img width=\"150\" height=\"150\" src=\"https:\/\/lacamporena.it\/wp-content\/uploads\/2014\/07\/piscina-nel-verde-del-chianti-150x150.jpg\" class=\"attachment-thumbnail size-thumbnail\" alt=\"Piscina nel verde del Chianti\" decoding=\"async\" loading=\"lazy\" srcset=\"https:\/\/lacamporena.it\/wp-content\/uploads\/2014\/07\/piscina-nel-verde-del-chianti-150x150.jpg 150w, https:\/\/lacamporena.it\/wp-content\/uploads\/2014\/07\/piscina-nel-verde-del-chianti-157x157.jpg 157w, https:\/\/lacamporena.it\/wp-content\/uploads\/2014\/07\/piscina-nel-verde-del-chianti-400x400.jpg 400w\" sizes=\"(max-width: 150px) 100vw, 150px\" \/><\/a>\n\t\t\t<\/dt><\/dl><dl class='gallery-item'>\n\t\t\t<dt class='gallery-icon landscape'>\n\t\t\t\t<a href='https:\/\/lacamporena.it\/wp-content\/uploads\/2014\/07\/piscina-agristurismo-nel-chianti.jpg' title=\"\" data-rl_title=\"\" class=\"rl-gallery-link\" data-rl_caption=\"\" data-rel=\"lightbox-gallery-1\"><img width=\"150\" height=\"150\" src=\"https:\/\/lacamporena.it\/wp-content\/uploads\/2014\/07\/piscina-agristurismo-nel-chianti-150x150.jpg\" class=\"attachment-thumbnail size-thumbnail\" alt=\"Agriturismo con piscina nel Chianti Toscana\" decoding=\"async\" loading=\"lazy\" srcset=\"https:\/\/lacamporena.it\/wp-content\/uploads\/2014\/07\/piscina-agristurismo-nel-chianti-150x150.jpg 150w, https:\/\/lacamporena.it\/wp-content\/uploads\/2014\/07\/piscina-agristurismo-nel-chianti-157x157.jpg 157w, https:\/\/lacamporena.it\/wp-content\/uploads\/2014\/07\/piscina-agristurismo-nel-chianti-400x400.jpg 400w\" sizes=\"(max-width: 150px) 100vw, 150px\" \/><\/a>\n\t\t\t<\/dt><\/dl><dl class='gallery-item'>\n\t\t\t<dt class='gallery-icon landscape'>\n\t\t\t\t<a href='https:\/\/lacamporena.it\/wp-content\/uploads\/2014\/07\/aperitivo-a-bordo-piscina.jpg' title=\"\" data-rl_title=\"\" class=\"rl-gallery-link\" data-rl_caption=\"\" data-rel=\"lightbox-gallery-1\"><img width=\"150\" height=\"150\" src=\"https:\/\/lacamporena.it\/wp-content\/uploads\/2014\/07\/aperitivo-a-bordo-piscina-150x150.jpg\" class=\"attachment-thumbnail size-thumbnail\" alt=\"Piscina Agriturismo Anna\" decoding=\"async\" loading=\"lazy\" srcset=\"https:\/\/lacamporena.it\/wp-content\/uploads\/2014\/07\/aperitivo-a-bordo-piscina-150x150.jpg 150w, https:\/\/lacamporena.it\/wp-content\/uploads\/2014\/07\/aperitivo-a-bordo-piscina-157x157.jpg 157w, https:\/\/lacamporena.it\/wp-content\/uploads\/2014\/07\/aperitivo-a-bordo-piscina-400x400.jpg 400w\" sizes=\"(max-width: 150px) 100vw, 150px\" \/><\/a>\n\t\t\t<\/dt><\/dl><br style=\"clear: both\" \/><dl class='gallery-item'>\n\t\t\t<dt class='gallery-icon landscape'>\n\t\t\t\t<a href='https:\/\/lacamporena.it\/wp-content\/uploads\/2014\/07\/Agriturismo-vista-dalla-piscina.jpg' title=\"\" data-rl_title=\"\" class=\"rl-gallery-link\" data-rl_caption=\"\" data-rel=\"lightbox-gallery-1\"><img width=\"150\" height=\"150\" src=\"https:\/\/lacamporena.it\/wp-content\/uploads\/2014\/07\/Agriturismo-vista-dalla-piscina-150x150.jpg\" class=\"attachment-thumbnail size-thumbnail\" alt=\"Agriturismo con piscina in Toscana\" decoding=\"async\" loading=\"lazy\" srcset=\"https:\/\/lacamporena.it\/wp-content\/uploads\/2014\/07\/Agriturismo-vista-dalla-piscina-150x150.jpg 150w, https:\/\/lacamporena.it\/wp-content\/uploads\/2014\/07\/Agriturismo-vista-dalla-piscina-50x50.jpg 50w, https:\/\/lacamporena.it\/wp-content\/uploads\/2014\/07\/Agriturismo-vista-dalla-piscina-90x90.jpg 90w, https:\/\/lacamporena.it\/wp-content\/uploads\/2014\/07\/Agriturismo-vista-dalla-piscina-300x300.jpg 300w\" sizes=\"(max-width: 150px) 100vw, 150px\" \/><\/a>\n\t\t\t<\/dt><\/dl><dl class='gallery-item'>\n\t\t\t<dt class='gallery-icon landscape'>\n\t\t\t\t<a href='https:\/\/lacamporena.it\/wp-content\/uploads\/2014\/07\/piscina-nel-verde-degli-ulivi1.jpg' title=\"\" data-rl_title=\"\" class=\"rl-gallery-link\" data-rl_caption=\"\" data-rel=\"lightbox-gallery-1\"><img width=\"150\" height=\"150\" src=\"https:\/\/lacamporena.it\/wp-content\/uploads\/2014\/07\/piscina-nel-verde-degli-ulivi1-150x150.jpg\" class=\"attachment-thumbnail size-thumbnail\" alt=\"Agriturismo con piscina nel Chianti vicino Firenze\" decoding=\"async\" loading=\"lazy\" srcset=\"https:\/\/lacamporena.it\/wp-content\/uploads\/2014\/07\/piscina-nel-verde-degli-ulivi1-150x150.jpg 150w, https:\/\/lacamporena.it\/wp-content\/uploads\/2014\/07\/piscina-nel-verde-degli-ulivi1-50x50.jpg 50w, https:\/\/lacamporena.it\/wp-content\/uploads\/2014\/07\/piscina-nel-verde-degli-ulivi1-90x90.jpg 90w, https:\/\/lacamporena.it\/wp-content\/uploads\/2014\/07\/piscina-nel-verde-degli-ulivi1-300x300.jpg 300w\" sizes=\"(max-width: 150px) 100vw, 150px\" \/><\/a>\n\t\t\t<\/dt><\/dl><dl class='gallery-item'>\n\t\t\t<dt class='gallery-icon portrait'>\n\t\t\t\t<a href='https:\/\/lacamporena.it\/wp-content\/uploads\/2014\/07\/piscina-con-vista-sul-chianti1.jpg' title=\"\" data-rl_title=\"\" class=\"rl-gallery-link\" data-rl_caption=\"\" data-rel=\"lightbox-gallery-1\"><img width=\"150\" height=\"150\" src=\"https:\/\/lacamporena.it\/wp-content\/uploads\/2014\/07\/piscina-con-vista-sul-chianti1-150x150.jpg\" class=\"attachment-thumbnail size-thumbnail\" alt=\"Piscina con panorama sulla campagna del Chianti\" decoding=\"async\" loading=\"lazy\" srcset=\"https:\/\/lacamporena.it\/wp-content\/uploads\/2014\/07\/piscina-con-vista-sul-chianti1-150x150.jpg 150w, https:\/\/lacamporena.it\/wp-content\/uploads\/2014\/07\/piscina-con-vista-sul-chianti1-50x50.jpg 50w, https:\/\/lacamporena.it\/wp-content\/uploads\/2014\/07\/piscina-con-vista-sul-chianti1-90x90.jpg 90w, https:\/\/lacamporena.it\/wp-content\/uploads\/2014\/07\/piscina-con-vista-sul-chianti1-300x300.jpg 300w\" sizes=\"(max-width: 150px) 100vw, 150px\" \/><\/a>\n\t\t\t<\/dt><\/dl><br style=\"clear: both\" \/><dl class='gallery-item'>\n\t\t\t<dt class='gallery-icon portrait'>\n\t\t\t\t<a href='https:\/\/lacamporena.it\/wp-content\/uploads\/2014\/07\/servizio-luonge-bar-in-piscina.jpg' title=\"\" data-rl_title=\"\" class=\"rl-gallery-link\" data-rl_caption=\"\" data-rel=\"lightbox-gallery-1\"><img width=\"150\" height=\"150\" src=\"https:\/\/lacamporena.it\/wp-content\/uploads\/2014\/07\/servizio-luonge-bar-in-piscina-150x150.jpg\" class=\"attachment-thumbnail size-thumbnail\" alt=\"Agriturismo con servizio lounge bar in piscina\" decoding=\"async\" loading=\"lazy\" srcset=\"https:\/\/lacamporena.it\/wp-content\/uploads\/2014\/07\/servizio-luonge-bar-in-piscina-150x150.jpg 150w, https:\/\/lacamporena.it\/wp-content\/uploads\/2014\/07\/servizio-luonge-bar-in-piscina-157x157.jpg 157w, https:\/\/lacamporena.it\/wp-content\/uploads\/2014\/07\/servizio-luonge-bar-in-piscina-400x400.jpg 400w\" sizes=\"(max-width: 150px) 100vw, 150px\" \/><\/a>\n\t\t\t<\/dt><\/dl><dl class='gallery-item'>\n\t\t\t<dt class='gallery-icon landscape'>\n\t\t\t\t<a href='https:\/\/lacamporena.it\/wp-content\/uploads\/2014\/07\/servizio-bar-in-piscina.jpg' title=\"\" data-rl_title=\"\" class=\"rl-gallery-link\" data-rl_caption=\"\" data-rel=\"lightbox-gallery-1\"><img width=\"150\" height=\"150\" src=\"https:\/\/lacamporena.it\/wp-content\/uploads\/2014\/07\/servizio-bar-in-piscina-150x150.jpg\" class=\"attachment-thumbnail size-thumbnail\" alt=\"Aperitivo a bordo piscina - Agriturismo Anna\" decoding=\"async\" loading=\"lazy\" srcset=\"https:\/\/lacamporena.it\/wp-content\/uploads\/2014\/07\/servizio-bar-in-piscina-150x150.jpg 150w, https:\/\/lacamporena.it\/wp-content\/uploads\/2014\/07\/servizio-bar-in-piscina-157x157.jpg 157w, https:\/\/lacamporena.it\/wp-content\/uploads\/2014\/07\/servizio-bar-in-piscina-400x400.jpg 400w\" sizes=\"(max-width: 150px) 100vw, 150px\" \/><\/a>\n\t\t\t<\/dt><\/dl><dl class='gallery-item'>\n\t\t\t<dt class='gallery-icon landscape'>\n\t\t\t\t<a href='https:\/\/lacamporena.it\/wp-content\/uploads\/2014\/07\/SLIDE_piscina-agriturismo-anna-dettagli.jpg' title=\"\" data-rl_title=\"\" class=\"rl-gallery-link\" data-rl_caption=\"\" data-rel=\"lightbox-gallery-1\"><img width=\"150\" height=\"150\" src=\"https:\/\/lacamporena.it\/wp-content\/uploads\/2014\/07\/SLIDE_piscina-agriturismo-anna-dettagli-150x150.jpg\" class=\"attachment-thumbnail size-thumbnail\" alt=\"Agriturismo con piscina a Greve in Chianti\" decoding=\"async\" loading=\"lazy\" srcset=\"https:\/\/lacamporena.it\/wp-content\/uploads\/2014\/07\/SLIDE_piscina-agriturismo-anna-dettagli-150x150.jpg 150w, https:\/\/lacamporena.it\/wp-content\/uploads\/2014\/07\/SLIDE_piscina-agriturismo-anna-dettagli-50x50.jpg 50w, https:\/\/lacamporena.it\/wp-content\/uploads\/2014\/07\/SLIDE_piscina-agriturismo-anna-dettagli-90x90.jpg 90w, https:\/\/lacamporena.it\/wp-content\/uploads\/2014\/07\/SLIDE_piscina-agriturismo-anna-dettagli-300x300.jpg 300w\" sizes=\"(max-width: 150px) 100vw, 150px\" \/><\/a>\n\t\t\t<\/dt><\/dl><br style=\"clear: both\" \/>\n\t\t<\/div>\n\n","protected":false},"excerpt":{"rendered":"<p>Umgeben von Olivenhainen und nur ein paar Schritte vom jeden Zimmer entfernt, erleben Sie unseren Pool als\u00a0\u00a0eine Oase der Entspannung mitten im Gr\u00fcnen. In der Sonne liegen, ein Buch lesen, oder ein Glas Wein unter dem Sonnenschirm genie\u03b2en oder einfach nichts tun und in den Himmel schauen.. wie viele w\u00fcndersch\u00f6ne &#8220;Aktivit\u00e4ten&#8221; warten in\u00a0unserem Agriturismo mit [&hellip;]<\/p>\n","protected":false},"author":12,"featured_media":2063,"parent":1982,"menu_order":0,"comment_status":"open","ping_status":"open","template":"","meta":{"_expiration-date-status":"saved","_expiration-date":0,"_expiration-date-type":"","_expiration-date-categories":[],"_expiration-date-options":[]},"categories":[],"tags":[],"_links":{"self":[{"href":"https:\/\/lacamporena.it\/index.php?rest_route=\/wp\/v2\/pages\/2002"}],"collection":[{"href":"https:\/\/lacamporena.it\/index.php?rest_route=\/wp\/v2\/pages"}],"about":[{"href":"https:\/\/lacamporena.it\/index.php?rest_route=\/wp\/v2\/types\/page"}],"author":[{"embeddable":true,"href":"https:\/\/lacamporena.it\/index.php?rest_route=\/wp\/v2\/users\/12"}],"replies":[{"embeddable":true,"href":"https:\/\/lacamporena.it\/index.php?rest_route=%2Fwp%2Fv2%2Fcomments&post=2002"}],"version-history":[{"count":0,"href":"https:\/\/lacamporena.it\/index.php?rest_route=\/wp\/v2\/pages\/2002\/revisions"}],"up":[{"embeddable":true,"href":"https:\/\/lacamporena.it\/index.php?rest_route=\/wp\/v2\/pages\/1982"}],"wp:featuredmedia":[{"embeddable":true,"href":"https:\/\/lacamporena.it\/index.php?rest_route=\/wp\/v2\/media\/2063"}],"wp:attachment":[{"href":"https:\/\/lacamporena.it\/index.php?rest_route=%2Fwp%2Fv2%2Fmedia&parent=2002"}],"wp:term":[{"taxonomy":"category","embeddable":true,"href":"https:\/\/lacamporena.it\/index.php?rest_route=%2Fwp%2Fv2%2Fcategories&post=2002"},{"taxonomy":"post_tag","embeddable":true,"href":"https:\/\/lacamporena.it\/index.php?rest_route=%2Fwp%2Fv2%2Ftags&post=2002"}],"curies":[{"name":"wp","href":"https:\/\/api.w.org\/{rel}","templated":true}]}}